{"id":5475,"date":"2024-06-14T14:36:20","date_gmt":"2024-06-14T12:36:20","guid":{"rendered":"https:\/\/das-kittchen.de\/?page_id=5475"},"modified":"2024-06-14T14:41:04","modified_gmt":"2024-06-14T12:41:04","slug":"impressum","status":"publish","type":"page","link":"http:\/\/das-kittchen.de\/en\/impressum\/","title":{"rendered":"Imprint"},"content":{"rendered":"<div data-elementor-type=\"wp-page\" data-elementor-id=\"5475\" class=\"elementor elementor-5475\" data-elementor-post-type=\"page\">\n\t\t\t\t\t\t<section class=\"elementor-section elementor-top-section elementor-element elementor-element-1473d4b elementor-section-boxed elementor-section-height-default elementor-section-height-default\" data-id=\"1473d4b\" data-element_type=\"section\" data-e-type=\"section\">\n\t\t\t\t\t\t<div class=\"elementor-container elementor-column-gap-default\">\n\t\t\t\t\t<div class=\"elementor-column elementor-col-100 elementor-top-column elementor-element elementor-element-29d12ef\" data-id=\"29d12ef\" data-element_type=\"column\" data-e-type=\"column\">\n\t\t\t<div class=\"elementor-widget-wrap elementor-element-populated\">\n\t\t\t\t\t\t<div class=\"elementor-element elementor-element-d6ec093 elementor-widget elementor-widget-text-editor\" data-id=\"d6ec093\" data-element_type=\"widget\" data-e-type=\"widget\" data-widget_type=\"text-editor.default\">\n\t\t\t\t\t\t\t\t\t<p><strong>Imprint<\/strong><\/p><p><strong>Information according to \u00a7 5 TMG<\/strong><\/p><p>The Kittchen GmbH<br \/>Kellerstr. 1<br \/>23966 Wismar<\/p><p>Commercial register: HRB14923<br \/>Register court: Schwerin Local Court<\/p><p><strong>Represented by:<\/strong><br \/>Christopher Lunke<br \/>Thomas Ahlvers<\/p><p><strong>Contact us<\/strong><\/p><p>Phone: 03841 32 67 866<br \/>E-mail: info@das-kittchen.de<\/p><p><strong>Sales tax ID<\/strong><\/p><p>Sales tax identification number according to \u00a7 27 a sales tax law:<br \/>DE366441864<\/p><p><strong>Editorially responsible<\/strong><\/p><p>The Kittchen GmbH<br \/>Christopher Lunke <br \/>Kellerstr. 1<br \/>23966 Wismar<\/p><p><strong>EU dispute resolution<\/strong><\/p><p>The European Commission provides a platform for online dispute resolution (ODR):\u00a0<a href=\"https:\/\/ec.europa.eu\/consumers\/odr\/\" target=\"_blank\" rel=\"noopener\">https:\/\/ec.europa.eu\/consumers\/odr\/<\/a>.<br \/>You can find our e-mail address in the legal notice above.<\/p><p><strong>Consumer dispute resolution\/universal arbitration board<\/strong><\/p><p>We participate in a dispute resolution procedure before a consumer arbitration board. The universal arbitration board of the Zentrum f\u00fcr Schlichtung e.V., Stra\u00dfburger Stra\u00dfe 8, 77694 Kehl am Rhein (<a href=\"https:\/\/www.verbraucher-schlichter.de\/\" target=\"_blank\" rel=\"noopener\">https:\/\/www.verbraucher-schlichter.de<\/a>).<\/p><p><strong>Site Notice<\/strong><\/p><p><strong>Information pursuant to Sect. 5 German Telemedia Act (TMG)<\/strong><\/p><p>The Kittchen GmbH<br \/>Kellerstr. 1<br \/>23966 Wismar<\/p><p>Commercial register: HRB14923<br \/>Register court: Schwerin Local Court<\/p><p><strong>Represented by:<\/strong><br \/>Christopher Lunke<br \/>Thomas Ahlvers<\/p><p><strong>Contact<\/strong><\/p><p>Phone: 03841 32 67 866<br \/>E-mail: info@das-kittchen.de<\/p><p><strong>VAT ID<\/strong><\/p><p>Sales tax identification number according to Sect. 27 a of the Sales Tax Law:<br \/>DE366441864<\/p><p><strong>Person responsible for editorial<\/strong><\/p><p>The Kittchen GmbH<br \/>Christopher Lunke <br \/>Kellerstr. 1<br \/>23966 Wismar<\/p><p><strong>EU dispute resolution<\/strong><\/p><p>The European Commission provides a platform for online dispute resolution (ODR):\u00a0<a href=\"https:\/\/ec.europa.eu\/consumers\/odr\/\" target=\"_blank\" rel=\"noopener\">https:\/\/ec.europa.eu\/consumers\/odr\/<\/a>.<br \/>Our e-mail address can be found above in the site notice.<\/p><p><strong>Dispute resolution proceedings in front of a consumer arbitration board<\/strong><\/p><p>We participate in a dispute settlement procedure before a consumer arbitration board. The competent consumer arbitration board is Zentrum f\u00fcr Schlichtung e.V., Stra\u00dfburger Stra\u00dfe 8, 77694 Kehl am Rhein (<a href=\"https:\/\/www.verbraucher-schlichter.de\/\" target=\"_blank\" rel=\"noopener\">https:\/\/www.verbraucher-schlichter.de<\/a>).<\/p><p>\u00a0<\/p>\t\t\t\t\t\t\t\t<\/div>\n\t\t\t\t\t<\/div>\n\t\t<\/div>\n\t\t\t\t\t<\/div>\n\t\t<\/section>\n\t\t\t\t<\/div>","protected":false},"excerpt":{"rendered":"<p>Imprint Information according to \u00a7 5 TMG Das Kittchen GmbHKellerstr. 123966 Wismar Commercial register: HRB14923Register court: Amtsgericht Schwerin Represented by:Christopher LunkeThomas Ahlvers Contact Phone: 03841 32 67 866E-mail: info@das-kittchen.de Sales tax ID Sales tax identification number according to \u00a7 27 a Umsatzsteuergesetz:DE366441864 Editorially responsible Das Kittchen GmbHChristopher Lunke Kellerstr. 123966 Wismar EU Dispute Resolution The European Commission provides a platform for online dispute resolution (OS): https:\/\/ec.europa.eu\/consumers\/odr\/.Unsere E-mail address... <\/p>\n<div class=\"clear\"><\/div>\n<p><a href=\"http:\/\/das-kittchen.de\/en\/impressum\/\" class=\"excerpt-read-more\">Continue Reading<i class=\"fa fa-long-arrow-right icon-long-arrow-right\"><\/i><\/a><\/p>","protected":false},"author":1,"featured_media":0,"parent":0,"menu_order":0,"comment_status":"closed","ping_status":"closed","template":"","meta":{"footnotes":""},"class_list":["post-5475","page","type-page","status-publish","hentry"],"_links":{"self":[{"href":"http:\/\/das-kittchen.de\/en\/wp-json\/wp\/v2\/pages\/5475","targetHints":{"allow":["GET"]}}],"collection":[{"href":"http:\/\/das-kittchen.de\/en\/wp-json\/wp\/v2\/pages"}],"about":[{"href":"http:\/\/das-kittchen.de\/en\/wp-json\/wp\/v2\/types\/page"}],"author":[{"embeddable":true,"href":"http:\/\/das-kittchen.de\/en\/wp-json\/wp\/v2\/users\/1"}],"replies":[{"embeddable":true,"href":"http:\/\/das-kittchen.de\/en\/wp-json\/wp\/v2\/comments?post=5475"}],"version-history":[{"count":4,"href":"http:\/\/das-kittchen.de\/en\/wp-json\/wp\/v2\/pages\/5475\/revisions"}],"predecessor-version":[{"id":5479,"href":"http:\/\/das-kittchen.de\/en\/wp-json\/wp\/v2\/pages\/5475\/revisions\/5479"}],"wp:attachment":[{"href":"http:\/\/das-kittchen.de\/en\/wp-json\/wp\/v2\/media?parent=5475"}],"curies":[{"name":"wp","href":"https:\/\/api.w.org\/{rel}","templated":true}]}}