{"id":7248,"date":"2025-09-11T08:54:46","date_gmt":"2025-09-11T06:54:46","guid":{"rendered":"https:\/\/das-kittchen.de\/?page_id=7248"},"modified":"2025-09-11T09:04:53","modified_gmt":"2025-09-11T07:04:53","slug":"armut_gleich_gefaengnis","status":"publish","type":"page","link":"http:\/\/das-kittchen.de\/pl\/armut_gleich_gefaengnis\/","title":{"rendered":"Ub\u00f3stwo r\u00f3wna si\u0119 wi\u0119zienie"},"content":{"rendered":"<div data-elementor-type=\"wp-page\" data-elementor-id=\"7248\" class=\"elementor elementor-7248\" data-elementor-post-type=\"page\">\n\t\t\t\t\t\t<section class=\"elementor-section elementor-top-section elementor-element elementor-element-0513e65 elementor-section-boxed elementor-section-height-default elementor-section-height-default\" data-id=\"0513e65\" data-element_type=\"section\" data-e-type=\"section\">\n\t\t\t\t\t\t<div class=\"elementor-container elementor-column-gap-default\">\n\t\t\t\t\t<div class=\"elementor-column elementor-col-100 elementor-top-column elementor-element elementor-element-bf137de\" data-id=\"bf137de\" data-element_type=\"column\" data-e-type=\"column\">\n\t\t\t<div class=\"elementor-widget-wrap elementor-element-populated\">\n\t\t\t\t\t\t<div class=\"elementor-element elementor-element-e8c8eab elementor-widget elementor-widget-shortcode\" data-id=\"e8c8eab\" data-element_type=\"widget\" data-e-type=\"widget\" data-widget_type=\"shortcode.default\">\n\t\t\t\t\t\t\t<div class=\"elementor-shortcode\"><div class=\"mementor-tts-player-container mementor-tts-audio-ready\" id=\"mementor-tts-player-shortcode_bc95aa9b\" data-player-type=\"shortcode\" data-post-id=\"7248\"><div id=\"mementor-tts-player-shortcode_bc95aa9b\" class=\"mementor-tts-player\" data-text=\"Audio player\" data-element-uid=\"shortcode_bc95aa9b\" data-status=\"ready\" data-audio-url=\"http:\/\/das-kittchen.de\/wp-content\/uploads\/text-to-speech-tts\/shortcode_243826_drpdr-de.mp3\" data-autoplay=\"yes\"><div class=\"mementor-tts-player-label text-center label-size-default label-weight-bold label-color-custom\" style=\"--mementor-tts-custom-label-color: #3d416a\">Pos\u0142uchaj tego wk\u0142adu:<\/div><audio preload=\"metadata\" src=\"http:\/\/das-kittchen.de\/wp-content\/uploads\/text-to-speech-tts\/shortcode_243826_drpdr-de.mp3\" autoplay><\/audio><div class=\"mementor-tts-custom-controls\"><button class=\"mementor-tts-play-button\" aria-label=\"Gra\u0107\"><span class=\"dashicons dashicons-controls-play mementor-dashicons-controls-play\"><\/span><\/button><span class=\"mementor-tts-time-display\">0:00<\/span><div class=\"mementor-tts-progress-container\"><div class=\"mementor-tts-progress-bar\"><\/div><\/div><span class=\"mementor-tts-duration-display\">0:00<\/span><button class=\"mementor-tts-volume-button\" aria-label=\"Obj\u0119to\u015b\u0107\"><span class=\"dashicons dashicons-controls-volumeon mementor-dashicons mementor-dashicons-controls-volumeon\"><\/span><\/button><\/div><\/div><\/div><\/div>\n\t\t\t\t\t\t<\/div>\n\t\t\t\t<div class=\"elementor-element elementor-element-eeae71d elementor-widget elementor-widget-text-editor\" data-id=\"eeae71d\" data-element_type=\"widget\" data-e-type=\"widget\" data-widget_type=\"text-editor.default\">\n\t\t\t\t\t\t\t\t\t<p class=\"MsoNormal\"><b><u><span style=\"font-size: 20.0pt; line-height: 115%;\">BIEDA = WI\u0118ZIENIE? <\/span><\/u><\/b><\/p><p class=\"MsoNormal\"><b><span style=\"font-size: 14.0pt; line-height: 115%;\">Pr\u00f3ba stworzenia po\u0142\u0105cze\u0144 <\/span><\/b><\/p><p class=\"MsoNormal\"><span style=\"font-size: 14.0pt; line-height: 115%;\">Zwi\u0105zek mi\u0119dzy ub\u00f3stwem a pozbawieniem wolno\u015bci opiera si\u0119 na r\u00f3\u017cnych czynnikach strukturalnych, spo\u0142ecznych i ekonomicznych, kt\u00f3re cz\u0119sto tworz\u0105 b\u0142\u0119dne ko\u0142o mi\u0119dzy ub\u00f3stwem a pozbawieniem wolno\u015bci. <\/span><\/p><p class=\"MsoNormal\"><span style=\"font-size: 14.0pt; line-height: 115%;\">Oto niekt\u00f3re z kluczowych aspekt\u00f3w tego po\u0142\u0105czenia: <\/span><\/p><p class=\"MsoNormal\"><b><span style=\"font-size: 14.0pt; line-height: 115%;\">1. ograniczone mo\u017cliwo\u015bci ekonomiczne <\/span><\/b><\/p><p class=\"MsoNormal\"><span style=\"font-size: 14.0pt; line-height: 115%;\">Osoby \u017cyj\u0105ce w ub\u00f3stwie cz\u0119sto maj\u0105 ograniczone zasoby ekonomiczne i mo\u017cliwo\u015bci edukacyjne, co prowadzi do wi\u0119kszego prawdopodobie\u0144stwa pope\u0142nienia przest\u0119pstw w celu przetrwania. Obejmuje to przest\u0119pstwa przeciwko mieniu, takie jak kradzie\u017ce lub drobne przest\u0119pstwa narkotykowe. Wiele z tych przest\u0119pstw wynika z konieczno\u015bci zaspokojenia podstawowych potrzeb lub braku dost\u0119pu do legalnych \u017ar\u00f3de\u0142 dochodu. <\/span><\/p><p class=\"MsoNormal\"><b><span style=\"font-size: 14.0pt; line-height: 115%;\">2. dyskryminacja w systemie s\u0105downictwa<\/span><\/b><\/p><p class=\"MsoNormal\"><span style=\"font-size: 14.0pt; line-height: 115%;\">Osoby ubogie cz\u0119sto nie maj\u0105 dost\u0119pu do wykwalifikowanej pomocy prawnej i musz\u0105 polega\u0107 na przeci\u0105\u017conych obro\u0144cach publicznych, co zmniejsza ich szanse na sprawiedliwy proces. Ponadto cz\u0119sto nie s\u0105 w stanie zap\u0142aci\u0107 kaucji, co oznacza, \u017ce s\u0105 bardziej nara\u017ceni na pozostanie w wi\u0119zieniu przed i w trakcie procesu. Czynniki te zwi\u0119kszaj\u0105 prawdopodobie\u0144stwo skazania os\u00f3b ubogich na kar\u0119 pozbawienia wolno\u015bci. <\/span><\/p><p class=\"MsoNormal\"><b><span style=\"font-size: 14.0pt; line-height: 115%;\">3. kryminalizacja ub\u00f3stwa <\/span><\/b><\/p><p class=\"MsoNormal\"><span style=\"font-size: 14.0pt; line-height: 115%;\">Niekt\u00f3re przest\u0119pstwa, takie jak uchylanie si\u0119 od p\u0142acenia za przejazd lub drobne przest\u0119pstwa narkotykowe, cz\u0119sto dotykaj\u0105 biedniejsze grupy spo\u0142eczne. Takie przest\u0119pstwa s\u0105 surowo karane w wielu krajach, mimo \u017ce cz\u0119sto wynikaj\u0105 z konieczno\u015bci. W rezultacie ub\u00f3stwo samo w sobie staje si\u0119 czynnikiem, kt\u00f3ry umieszcza ludzi w wi\u0119zieniach, zamiast pomaga\u0107 im w poprawie ich sytuacji. <\/span><\/p><p class=\"MsoNormal\"><b><span style=\"font-size: 14.0pt; line-height: 115%;\">4. recydywa i brak reintegracji <\/span><\/b><\/p><p class=\"MsoNormal\"><span style=\"font-size: 14.0pt; line-height: 115%;\">Po wyj\u015bciu z wi\u0119zienia osoby \u017cyj\u0105ce w ub\u00f3stwie cz\u0119sto maj\u0105 trudno\u015bci z ponown\u0105 integracj\u0105 ze spo\u0142ecze\u0144stwem. Napotykaj\u0105 na bariery, takie jak stygmatyzacja, bezrobocie i powr\u00f3t do tych samych, dotkni\u0119tych ub\u00f3stwem okoliczno\u015bci. Bez wystarczaj\u0105cego wsparcia i program\u00f3w resocjalizacyjnych wzrasta prawdopodobie\u0144stwo ponownego pope\u0142nienia przest\u0119pstwa, co dodatkowo wzmacnia b\u0142\u0119dne ko\u0142o ub\u00f3stwa i uwi\u0119zienia. <\/span><\/p><p class=\"MsoNormal\"><b><span style=\"font-size: 14.0pt; line-height: 115%;\">5. konsekwencje dla rodzin i spo\u0142eczno\u015bci <\/span><\/b><\/p><p class=\"MsoNormal\"><span style=\"font-size: 14.0pt; line-height: 115%;\">Pobyt w wi\u0119zieniu w ubogich spo\u0142eczno\u015bciach ma daleko id\u0105ce konsekwencje dla dotkni\u0119tych nim rodzin i spo\u0142eczno\u015bci. Utrata g\u0142\u00f3wnego \u017cywiciela rodziny mo\u017ce pog\u0142\u0119bi\u0107 ub\u00f3stwo rodzin, podczas gdy dzieci wi\u0119\u017ani\u00f3w s\u0105 bardziej nara\u017cone na \u017cycie w ub\u00f3stwie i konflikt z wymiarem sprawiedliwo\u015bci. Zwi\u0105zek mi\u0119dzy ub\u00f3stwem a uwi\u0119zieniem nie jest jedynie wynikiem indywidualnych wybor\u00f3w, ale jest pod silnym wp\u0142ywem niekorzystnych warunk\u00f3w strukturalnych i systemu wymiaru sprawiedliwo\u015bci, kt\u00f3ry nieproporcjonalnie wp\u0142ywa na osoby ubogie. <\/span><\/p><p class=\"MsoNormal\"><span style=\"font-size: 14.0pt; line-height: 115%;\">Aby przerwa\u0107 ten cykl, potrzebne s\u0105 reformy spo\u0142eczne w celu zwalczania ub\u00f3stwa, promowania dost\u0119pu do edukacji i legalnych mo\u017cliwo\u015bci ekonomicznych oraz bardziej humanitarnego traktowania ubogich grup ludno\u015bci przez wymiar sprawiedliwo\u015bci w sprawach karnych. <\/span><\/p><p class=\"MsoNormal\"><span style=\"font-size: 14.0pt; line-height: 115%;\">Mocny cytat na temat zwi\u0105zku mi\u0119dzy ub\u00f3stwem a wi\u0119zieniem pochodzi od Nelsona Mandeli: \"Ub\u00f3stwo nie jest naturalne. Zosta\u0142o stworzone przez cz\u0142owieka i mo\u017ce zosta\u0107 przez niego pokonane i wyeliminowane. Pokonanie ub\u00f3stwa nie jest gestem mi\u0142osierdzia. To akt sprawiedliwo\u015bci\". <\/span><\/p><p>\u00a0<\/p><p class=\"MsoNormal\"><span style=\"font-size: 14.0pt; line-height: 115%;\">Ten cytat jasno pokazuje, \u017ce ub\u00f3stwo to nie tylko problem ekonomiczny, ale tak\u017ce kwestia sprawiedliwo\u015bci i struktur spo\u0142ecznych, kt\u00f3re cz\u0119sto utrzymuj\u0105 ludzi w ub\u00f3stwie, a ostatecznie w niewoli.<\/span><\/p>\t\t\t\t\t\t\t\t<\/div>\n\t\t\t\t\t<\/div>\n\t\t<\/div>\n\t\t\t\t\t<\/div>\n\t\t<\/section>\n\t\t\t\t<\/div>","protected":false},"excerpt":{"rendered":"<p>UB\u00d3STWO = WI\u0118ZIENIE? Zwi\u0105zek mi\u0119dzy ub\u00f3stwem a uwi\u0119zieniem opiera si\u0119 na kilku czynnikach strukturalnych, spo\u0142ecznych i ekonomicznych, kt\u00f3re cz\u0119sto tworz\u0105 b\u0142\u0119dne ko\u0142o mi\u0119dzy ub\u00f3stwem a uwi\u0119zieniem. Oto niekt\u00f3re z kluczowych aspekt\u00f3w tego zwi\u0105zku: 1. ograniczone mo\u017cliwo\u015bci ekonomiczne Osoby \u017cyj\u0105ce w ub\u00f3stwie cz\u0119sto maj\u0105 ograniczone zasoby ekonomiczne i mo\u017cliwo\u015bci edukacyjne, a tak\u017ce s\u0105 bardziej nara\u017cone na... <\/p>\n<div class=\"clear\"><\/div>\n<p><a href=\"http:\/\/das-kittchen.de\/pl\/armut_gleich_gefaengnis\/\" class=\"excerpt-read-more\">Continue Reading<i class=\"fa fa-long-arrow-right icon-long-arrow-right\"><\/i><\/a><\/p>","protected":false},"author":1,"featured_media":0,"parent":0,"menu_order":0,"comment_status":"closed","ping_status":"closed","template":"","meta":{"footnotes":""},"class_list":["post-7248","page","type-page","status-publish","hentry"],"_links":{"self":[{"href":"http:\/\/das-kittchen.de\/pl\/wp-json\/wp\/v2\/pages\/7248","targetHints":{"allow":["GET"]}}],"collection":[{"href":"http:\/\/das-kittchen.de\/pl\/wp-json\/wp\/v2\/pages"}],"about":[{"href":"http:\/\/das-kittchen.de\/pl\/wp-json\/wp\/v2\/types\/page"}],"author":[{"embeddable":true,"href":"http:\/\/das-kittchen.de\/pl\/wp-json\/wp\/v2\/users\/1"}],"replies":[{"embeddable":true,"href":"http:\/\/das-kittchen.de\/pl\/wp-json\/wp\/v2\/comments?post=7248"}],"version-history":[{"count":5,"href":"http:\/\/das-kittchen.de\/pl\/wp-json\/wp\/v2\/pages\/7248\/revisions"}],"predecessor-version":[{"id":7254,"href":"http:\/\/das-kittchen.de\/pl\/wp-json\/wp\/v2\/pages\/7248\/revisions\/7254"}],"wp:attachment":[{"href":"http:\/\/das-kittchen.de\/pl\/wp-json\/wp\/v2\/media?parent=7248"}],"curies":[{"name":"wp","href":"https:\/\/api.w.org\/{rel}","templated":true}]}}