{"id":7255,"date":"2025-09-11T09:06:29","date_gmt":"2025-09-11T07:06:29","guid":{"rendered":"https:\/\/das-kittchen.de\/?page_id=7255"},"modified":"2025-09-11T09:18:38","modified_gmt":"2025-09-11T07:18:38","slug":"zellenstandard","status":"publish","type":"page","link":"http:\/\/das-kittchen.de\/pl\/zellenstandard\/","title":{"rendered":"Kom\u00f3rki"},"content":{"rendered":"<div data-elementor-type=\"wp-page\" data-elementor-id=\"7255\" class=\"elementor elementor-7255\" data-elementor-post-type=\"page\">\n\t\t\t\t\t\t<section class=\"elementor-section elementor-top-section elementor-element elementor-element-84c0dcf elementor-section-boxed elementor-section-height-default elementor-section-height-default\" data-id=\"84c0dcf\" data-element_type=\"section\" data-e-type=\"section\">\n\t\t\t\t\t\t<div class=\"elementor-container elementor-column-gap-default\">\n\t\t\t\t\t<div class=\"elementor-column elementor-col-100 elementor-top-column elementor-element elementor-element-f2f3641\" data-id=\"f2f3641\" data-element_type=\"column\" data-e-type=\"column\">\n\t\t\t<div class=\"elementor-widget-wrap elementor-element-populated\">\n\t\t\t\t\t\t<div class=\"elementor-element elementor-element-cdc61e4 elementor-widget elementor-widget-shortcode\" data-id=\"cdc61e4\" data-element_type=\"widget\" data-e-type=\"widget\" data-widget_type=\"shortcode.default\">\n\t\t\t\t\t\t\t<div class=\"elementor-shortcode\"><div class=\"mementor-tts-player-container mementor-tts-audio-ready\" id=\"mementor-tts-player-shortcode_bc95aa9b\" data-player-type=\"shortcode\" data-post-id=\"7255\"><div id=\"mementor-tts-player-shortcode_bc95aa9b\" class=\"mementor-tts-player\" data-text=\"Audio player\" data-element-uid=\"shortcode_bc95aa9b\" data-status=\"ready\" data-audio-url=\"http:\/\/das-kittchen.de\/wp-content\/uploads\/text-to-speech-tts\/shortcode_668963_6r2zn-de.mp3\" data-autoplay=\"yes\"><div class=\"mementor-tts-player-label text-center label-size-default label-weight-bold label-color-custom\" style=\"--mementor-tts-custom-label-color: #3d416a\">Pos\u0142uchaj tego wk\u0142adu:<\/div><audio preload=\"metadata\" src=\"http:\/\/das-kittchen.de\/wp-content\/uploads\/text-to-speech-tts\/shortcode_668963_6r2zn-de.mp3\" autoplay><\/audio><div class=\"mementor-tts-custom-controls\"><button class=\"mementor-tts-play-button\" aria-label=\"Gra\u0107\"><span class=\"dashicons dashicons-controls-play mementor-dashicons-controls-play\"><\/span><\/button><span class=\"mementor-tts-time-display\">0:00<\/span><div class=\"mementor-tts-progress-container\"><div class=\"mementor-tts-progress-bar\"><\/div><\/div><span class=\"mementor-tts-duration-display\">0:00<\/span><button class=\"mementor-tts-volume-button\" aria-label=\"Obj\u0119to\u015b\u0107\"><span class=\"dashicons dashicons-controls-volumeon mementor-dashicons mementor-dashicons-controls-volumeon\"><\/span><\/button><\/div><\/div><\/div><\/div>\n\t\t\t\t\t\t<\/div>\n\t\t\t\t<div class=\"elementor-element elementor-element-9d1a46c elementor-widget elementor-widget-text-editor\" data-id=\"9d1a46c\" data-element_type=\"widget\" data-e-type=\"widget\" data-widget_type=\"text-editor.default\">\n\t\t\t\t\t\t\t\t\t<p><span style=\"color: #363b68; font-family: Helvetica, sans-serif; font-size: 54pt;\">KOM\u00d3RKI<\/span><\/p><p style=\"margin-bottom: 0cm; line-height: normal; mso-pagination: none; mso-layout-grid-align: none; text-autospace: none;\"><span style=\"font-size: 37.0pt; font-family: 'Helvetica',sans-serif; color: #363b68; mso-font-kerning: 0pt;\">Pruski wz\u00f3r do na\u015bladowania<\/span><\/p><p style=\"margin-bottom: 0cm; line-height: normal; mso-pagination: none; mso-layout-grid-align: none; text-autospace: none;\"><span style=\"font-size: 54.0pt; font-family: 'Helvetica',sans-serif; color: #363b68; mso-font-kerning: 0pt;\">\u00a0<\/span><\/p><p style=\"margin-bottom: 0cm; line-height: normal; mso-pagination: none; mso-layout-grid-align: none; text-autospace: none;\"><span style=\"font-size: 14.0pt; font-family: 'Helvetica',sans-serif; color: #b3817d; mso-font-kerning: 0pt;\">W projekcie wi\u0119zienia aresztu \u015bledczego w Wismarze wyra\u017anie wida\u0107 przyj\u0119cie pruskich wzorc\u00f3w.<\/span><\/p><p style=\"margin-bottom: 0cm; line-height: normal; mso-pagination: none; mso-layout-grid-align: none; text-autospace: none;\"><span style=\"font-size: 14.0pt; font-family: 'Helvetica',sans-serif; color: #b3817d; mso-font-kerning: 0pt;\">\u00a0<\/span><\/p><p style=\"margin-bottom: 0cm; line-height: normal; mso-pagination: none; mso-layout-grid-align: none; text-autospace: none;\"><span style=\"font-size: 14.0pt; font-family: 'Helvetica',sans-serif; color: #1d1d1b; mso-font-kerning: 0pt;\">Por\u00f3wnanie z podr\u0119cznikiem z 1891 r., kt\u00f3ry szczeg\u00f3\u0142owo przedstawia\u0142 budow\u0119 areszt\u00f3w \u015bledczych i wi\u0119zie\u0144 w oparciu o pruskie wzorce, wyra\u017anie pokazuje pochodzenie podstawowych form projektowych, kt\u00f3re w tym czasie by\u0142y ju\u017c w u\u017cyciu od lat. Je\u015bli chodzi o uk\u0142ad przestrzenny, jako przyk\u0142ad pokazano plan s\u0105du rejonowego i wi\u0119zienia w Merseburgu. S\u0105d i wi\u0119zienie znajduj\u0105 si\u0119 na terenie otoczonym murami. Istniej\u0105 oddzielne dziedzi\u0144ce do zwalniania wi\u0119\u017ani\u00f3w i potrzeb zwi\u0105zanych z prowadzeniem wi\u0119zienia. Jak stwierdzono w Wismarze, budynek jest zwykle przedstawiany jako \"wyd\u0142u\u017cony prostok\u0105t z centralnym korytarzem\", kt\u00f3ry obejmuje prawie identyczny uk\u0142ad cel aresztu i innych pomieszcze\u0144 gospodarczych, w tym mieszkanie stra\u017cnika.<\/span><\/p><p style=\"margin-bottom: 0cm; line-height: normal; mso-pagination: none; mso-layout-grid-align: none; text-autospace: none;\"><span style=\"font-size: 14.0pt; font-family: 'Helvetica',sans-serif; color: #1d1d1b; mso-font-kerning: 0pt;\">\u00a0<\/span><\/p><p style=\"margin-bottom: 0cm; line-height: normal; mso-pagination: none; mso-layout-grid-align: none; text-autospace: none;\"><span style=\"font-size: 14.0pt; font-family: 'Helvetica',sans-serif; color: #1d1d1b; mso-font-kerning: 0pt;\">Do modelu pruskiego odnosz\u0105 si\u0119 r\u00f3wnie\u017c przyk\u0142adowe formy indywidualne zilustrowane w podr\u0119czniku, takie jak \"wyposa\u017cenie wn\u0119trza celi\", okna celi \"uniesione 1,5 metra nad pod\u0142og\u0105\" z segmentowymi \u0142ukami \u017celaznymi, otwarta klatka schodowa bez podstopnic \"z \u017celaznymi pod\u0142u\u017cnicami\" oraz \"drzwi celi (...) z otworem obserwacyjnym\" dzia\u0142aj\u0105ce jako rama. Pruska administracja budowlana przedstawi\u0142a wzorcowe plany budynk\u00f3w, w kt\u00f3rych najwa\u017cniejsze kryteria zosta\u0142y oznaczone i mia\u0142y s\u0142u\u017cy\u0107 jako przewodnik. <\/span><\/p><p style=\"margin-bottom: 0cm; line-height: normal; mso-pagination: none; mso-layout-grid-align: none; text-autospace: none;\"><span style=\"font-size: 14.0pt; font-family: 'Helvetica',sans-serif; color: #1d1d1b; mso-font-kerning: 0pt;\">\u00a0<\/span><\/p><p style=\"margin-bottom: 0cm; line-height: normal; mso-pagination: none; mso-layout-grid-align: none; text-autospace: none;\"><span style=\"font-size: 14.0pt; font-family: 'Helvetica',sans-serif; color: #1d1d1b; mso-font-kerning: 0pt;\">Ze wzgl\u0119du na bardzo r\u00f3\u017cne warunki w danym kontek\u015bcie \u015br\u00f3dmiejskim, na tej podstawie opracowano zasadniczo podobne rozwi\u0105zania konstrukcyjne - zw\u0142aszcza w odniesieniu do planu parteru - ale nie modelowe formy budynk\u00f3w, jak mia\u0142o to miejsce na przyk\u0142ad w przypadku budynk\u00f3w szk\u00f3\u0142 lub dworc\u00f3w kolejowych w Prusach. Wynika\u0142o to z d\u0105\u017cenia, wyra\u017conego r\u00f3wnie\u017c w Wismarze, do uzyskania projektu odpowiedniego do historycznego otoczenia. <\/span><\/p><p style=\"margin-bottom: 0cm; line-height: normal; mso-pagination: none; mso-layout-grid-align: none; text-autospace: none;\"><span style=\"font-size: 14.0pt; font-family: 'Helvetica',sans-serif; color: #1d1d1b; mso-font-kerning: 0pt;\">Po przyst\u0105pieniu do Rzeszy Niemieckiej i przyj\u0119ciu odpowiedniego ustawodawstwa dla r\u00f3\u017cnych suwerennych zada\u0144, wiele niemieckich kraj\u00f3w zwi\u0105zkowych przyj\u0119\u0142o wzorce pruskiej administracji budowlanej. Sta\u0142o si\u0119 tak r\u00f3wnie\u017c w Meklemburgii.<\/span><\/p><p style=\"margin-bottom: 0cm; line-height: normal; mso-pagination: none; mso-layout-grid-align: none; text-autospace: none;\"><span style=\"font-size: 14.0pt; font-family: 'Helvetica',sans-serif; color: #1d1d1b; mso-font-kerning: 0pt;\">\u00a0<\/span><\/p><p style=\"margin-bottom: 0cm; line-height: normal; mso-pagination: none; mso-layout-grid-align: none; text-autospace: none;\"><span style=\"font-size: 14.0pt; font-family: 'Helvetica',sans-serif; color: #1d1d1b; mso-font-kerning: 0pt;\">KOM\u00d3RKI<\/span><\/p><p style=\"margin-bottom: 0cm; line-height: normal; mso-pagination: none; mso-layout-grid-align: none; text-autospace: none;\"><span style=\"font-size: 14.0pt; font-family: 'Helvetica',sans-serif; color: #1d1d1b; mso-font-kerning: 0pt;\">Model pruski<\/span><\/p><p style=\"margin-bottom: 0cm; line-height: normal; mso-pagination: none; mso-layout-grid-align: none; text-autospace: none;\"><span style=\"font-size: 14.0pt; font-family: 'Helvetica',sans-serif; color: #1d1d1b; mso-font-kerning: 0pt;\">W projekcie wi\u0119zienia aresztu \u015bledczego<\/span><\/p><p style=\"margin-bottom: 0cm; line-height: normal; mso-pagination: none; mso-layout-grid-align: none; text-autospace: none;\"><span style=\"font-size: 14.0pt; font-family: 'Helvetica',sans-serif; color: #1d1d1b; mso-font-kerning: 0pt;\">w Wismarze, przyj\u0119cie pruskich wzorc\u00f3w jest niew\u0105tpliwe.<\/span><\/p><p style=\"margin-bottom: 0cm; line-height: normal; mso-pagination: none; mso-layout-grid-align: none; text-autospace: none;\"><span style=\"font-size: 14.0pt; font-family: 'Helvetica',sans-serif; color: #1d1d1b; mso-font-kerning: 0pt;\">Por\u00f3wnanie z podr\u0119cznikiem z 1891 r., kt\u00f3ry w oparciu o pruskie wzorce przedstawia\u0142 budow\u0119 wi\u0119zie\u0144 aresztu \u015bledczego<\/span><\/p><p style=\"margin-bottom: 0cm; line-height: normal; mso-pagination: none; mso-layout-grid-align: none; text-autospace: none;\"><span style=\"font-size: 14.0pt; font-family: 'Helvetica',sans-serif; color: #1d1d1b; mso-font-kerning: 0pt;\">i zak\u0142ad\u00f3w karnych, wyra\u017anie ujawnia pochodzenie podstawowych form projektowych, kt\u00f3re w tym czasie obowi\u0105zywa\u0142y ju\u017c od lat. Je\u015bli chodzi o uk\u0142ad przestrzenny, jako przyk\u0142ad pokazano plan s\u0105du rejonowego w Merseburgu, w tym wi\u0119zienia.<\/span><\/p><p style=\"margin-bottom: 0cm; line-height: normal; mso-pagination: none; mso-layout-grid-align: none; text-autospace: none;\"><span style=\"font-size: 14.0pt; font-family: 'Helvetica',sans-serif; color: #1d1d1b; mso-font-kerning: 0pt;\">S\u0105d i wi\u0119zienie znajduj\u0105 si\u0119 na otoczonym murem terenie. Istniej\u0105 dziedzi\u0144ce oddzielone funkcjami s\u0142u\u017c\u0105cymi do zwalniania wi\u0119\u017ani\u00f3w i potrzeb biznesowych. Jak opisano w Wismar, budynek jest zwykle przedstawiany jako \"wyd\u0142u\u017cony prostok\u0105t z centralnym korytarzem\" w swojej podstawowej formie, kt\u00f3ra obejmuje niemal identyczny uk\u0142ad cel zatrzyma\u0144 i dodatkowych pomieszcze\u0144 gospodarczych, w tym kwatery stra\u017cnik\u00f3w.<\/span><\/p><p style=\"margin-bottom: 0cm; line-height: normal; mso-pagination: none; mso-layout-grid-align: none; text-autospace: none;\"><span style=\"font-size: 14.0pt; font-family: 'Helvetica',sans-serif; color: #1d1d1b; mso-font-kerning: 0pt;\">Poszczeg\u00f3lne formy zilustrowane w podr\u0119czniku, takie jak \"projekt wn\u0119trza celi\", \"okno celi podniesione 1,5 m nad pod\u0142og\u0105\" z \u0142ukami segmentowymi wykonanymi z \u017celaza, otwarte schody bez podstopnic \"z \u017celaznymi pod\u0142u\u017cnicami\" oraz \"drzwi celi (...) z otworem obserwacyjnym\" skonstruowane jako rama, r\u00f3wnie\u017c odnosz\u0105 si\u0119 do modelu pruskiego.<\/span><\/p><p style=\"margin-bottom: 0cm; line-height: normal; mso-pagination: none; mso-layout-grid-align: none; text-autospace: none;\"><span style=\"font-size: 14.0pt; font-family: 'Helvetica',sans-serif; color: #1d1d1b; mso-font-kerning: 0pt;\">Pruska administracja budowlana przedstawi\u0142a przyk\u0142adowe plany<\/span><\/p><p style=\"margin-bottom: 0cm; line-height: normal; mso-pagination: none; mso-layout-grid-align: none; text-autospace: none;\"><span style=\"font-size: 14.0pt; font-family: 'Helvetica',sans-serif; color: #1d1d1b; mso-font-kerning: 0pt;\">dla budynk\u00f3w, w kt\u00f3rych zidentyfikowano najwa\u017cniejsze kryteria i kt\u00f3re mia\u0142y s\u0142u\u017cy\u0107 jako przewodnik. Ze wzgl\u0119du na bardzo r\u00f3\u017cne warunki w poszczeg\u00f3lnych kontekstach \u015br\u00f3dmiejskich, na tej podstawie pojawi\u0142y si\u0119 zasadniczo podobne rozwi\u0105zania konstrukcyjne - szczeg\u00f3lnie w odniesieniu do planu pi\u0119tra - ale nie pojawi\u0142y si\u0119 modelowe formy budynk\u00f3w, jak mia\u0142o to miejsce na przyk\u0142ad w przypadku budynk\u00f3w szk\u00f3\u0142 lub dworc\u00f3w kolejowych w Prusach. Wynika\u0142o to z pragnienia, kt\u00f3re wyra\u017cono r\u00f3wnie\u017c w Wismarze, aby osi\u0105gn\u0105\u0107 projekt odpowiedni do historycznego \u015brodowiska. Po przyst\u0105pieniu do Cesarstwa Niemieckiego i przyj\u0119ciu odpowiednich przepis\u00f3w dotycz\u0105cych r\u00f3\u017cnych suwerennych funkcji, wiele niemieckich kraj\u00f3w zwi\u0105zkowych przyj\u0119\u0142o model pruskiej administracji budowlanej. Sta\u0142o si\u0119 tak r\u00f3wnie\u017c w Meklemburgii.<\/span><\/p>\t\t\t\t\t\t\t\t<\/div>\n\t\t\t\t<div class=\"elementor-element elementor-element-d80a833 elementor-widget elementor-widget-gallery\" data-id=\"d80a833\" data-element_type=\"widget\" data-e-type=\"widget\" data-settings=\"{&quot;lazyload&quot;:&quot;yes&quot;,&quot;gallery_layout&quot;:&quot;grid&quot;,&quot;columns&quot;:4,&quot;columns_tablet&quot;:2,&quot;columns_mobile&quot;:1,&quot;gap&quot;:{&quot;unit&quot;:&quot;px&quot;,&quot;size&quot;:10,&quot;sizes&quot;:[]},&quot;gap_tablet&quot;:{&quot;unit&quot;:&quot;px&quot;,&quot;size&quot;:10,&quot;sizes&quot;:[]},&quot;gap_mobile&quot;:{&quot;unit&quot;:&quot;px&quot;,&quot;size&quot;:10,&quot;sizes&quot;:[]},&quot;link_to&quot;:&quot;file&quot;,&quot;aspect_ratio&quot;:&quot;3:2&quot;,&quot;overlay_background&quot;:&quot;yes&quot;,&quot;content_hover_animation&quot;:&quot;fade-in&quot;}\" data-widget_type=\"gallery.default\">\n\t\t\t\t\t\t\t<div class=\"elementor-gallery__container\">\n\t\t\t\t\t\t\t<a class=\"e-gallery-item elementor-gallery-item elementor-animated-content\" href=\"http:\/\/das-kittchen.de\/wp-content\/uploads\/2025\/08\/3133684165a97fcf5cac4f-scaled.jpg\" data-elementor-open-lightbox=\"yes\" data-elementor-lightbox-slideshow=\"d80a833\" data-elementor-lightbox-title=\"3133684165a97fcf5cac4f\" data-e-action-hash=\"#elementor-action%3Aaction%3Dlightbox%26settings%3DeyJpZCI6NzI2MywidXJsIjoiaHR0cDpcL1wvZGFzLWtpdHRjaGVuLmRlXC93cC1jb250ZW50XC91cGxvYWRzXC8yMDI1XC8wOFwvMzEzMzY4NDE2NWE5N2ZjZjVjYWM0Zi1zY2FsZWQuanBnIiwic2xpZGVzaG93IjoiZDgwYTgzMyJ9\">\n\t\t\t\t\t<div class=\"e-gallery-image elementor-gallery-item__image\" data-thumbnail=\"http:\/\/das-kittchen.de\/wp-content\/uploads\/2025\/08\/3133684165a97fcf5cac4f-196x300.jpg\" data-width=\"196\" data-height=\"300\" aria-label=\"\" role=\"img\" ><\/div>\n\t\t\t\t\t\t\t\t\t\t\t<div class=\"elementor-gallery-item__overlay\"><\/div>\n\t\t\t\t\t\t\t\t\t\t\t\t\t\t<\/a>\n\t\t\t\t\t\t\t<a class=\"e-gallery-item elementor-gallery-item elementor-animated-content\" href=\"http:\/\/das-kittchen.de\/wp-content\/uploads\/2025\/08\/9310029085a97fd7a1ae61-scaled.jpg\" data-elementor-open-lightbox=\"yes\" data-elementor-lightbox-slideshow=\"d80a833\" data-elementor-lightbox-title=\"9310029085a97fd7a1ae61\" data-e-action-hash=\"#elementor-action%3Aaction%3Dlightbox%26settings%3DeyJpZCI6NzI2NCwidXJsIjoiaHR0cDpcL1wvZGFzLWtpdHRjaGVuLmRlXC93cC1jb250ZW50XC91cGxvYWRzXC8yMDI1XC8wOFwvOTMxMDAyOTA4NWE5N2ZkN2ExYWU2MS1zY2FsZWQuanBnIiwic2xpZGVzaG93IjoiZDgwYTgzMyJ9\">\n\t\t\t\t\t<div class=\"e-gallery-image elementor-gallery-item__image\" data-thumbnail=\"http:\/\/das-kittchen.de\/wp-content\/uploads\/2025\/08\/9310029085a97fd7a1ae61-267x300.jpg\" data-width=\"267\" data-height=\"300\" aria-label=\"\" role=\"img\" ><\/div>\n\t\t\t\t\t\t\t\t\t\t\t<div class=\"elementor-gallery-item__overlay\"><\/div>\n\t\t\t\t\t\t\t\t\t\t\t\t\t\t<\/a>\n\t\t\t\t\t\t\t<a class=\"e-gallery-item elementor-gallery-item elementor-animated-content\" href=\"http:\/\/das-kittchen.de\/wp-content\/uploads\/2025\/08\/17133378985a97fd451aa48-scaled.jpg\" data-elementor-open-lightbox=\"yes\" data-elementor-lightbox-slideshow=\"d80a833\" data-elementor-lightbox-title=\"17133378985a97fd451aa48\" data-e-action-hash=\"#elementor-action%3Aaction%3Dlightbox%26settings%3DeyJpZCI6NzI2NSwidXJsIjoiaHR0cDpcL1wvZGFzLWtpdHRjaGVuLmRlXC93cC1jb250ZW50XC91cGxvYWRzXC8yMDI1XC8wOFwvMTcxMzMzNzg5ODVhOTdmZDQ1MWFhNDgtc2NhbGVkLmpwZyIsInNsaWRlc2hvdyI6ImQ4MGE4MzMifQ%3D%3D\">\n\t\t\t\t\t<div class=\"e-gallery-image elementor-gallery-item__image\" data-thumbnail=\"http:\/\/das-kittchen.de\/wp-content\/uploads\/2025\/08\/17133378985a97fd451aa48-300x226.jpg\" data-width=\"300\" data-height=\"226\" aria-label=\"\" role=\"img\" ><\/div>\n\t\t\t\t\t\t\t\t\t\t\t<div class=\"elementor-gallery-item__overlay\"><\/div>\n\t\t\t\t\t\t\t\t\t\t\t\t\t\t<\/a>\n\t\t\t\t\t\t\t<a class=\"e-gallery-item elementor-gallery-item elementor-animated-content\" href=\"http:\/\/das-kittchen.de\/wp-content\/uploads\/2025\/08\/Lageplan-Frstenhof-um-1878-scaled.jpg\" data-elementor-open-lightbox=\"yes\" data-elementor-lightbox-slideshow=\"d80a833\" data-elementor-lightbox-title=\"Lageplan F++rstenhof um 1878\" data-e-action-hash=\"#elementor-action%3Aaction%3Dlightbox%26settings%3DeyJpZCI6NzI2NiwidXJsIjoiaHR0cDpcL1wvZGFzLWtpdHRjaGVuLmRlXC93cC1jb250ZW50XC91cGxvYWRzXC8yMDI1XC8wOFwvTGFnZXBsYW4tRnJzdGVuaG9mLXVtLTE4Nzgtc2NhbGVkLmpwZyIsInNsaWRlc2hvdyI6ImQ4MGE4MzMifQ%3D%3D\">\n\t\t\t\t\t<div class=\"e-gallery-image elementor-gallery-item__image\" data-thumbnail=\"http:\/\/das-kittchen.de\/wp-content\/uploads\/2025\/08\/Lageplan-Frstenhof-um-1878-300x169.jpg\" data-width=\"300\" data-height=\"169\" aria-label=\"\" role=\"img\" ><\/div>\n\t\t\t\t\t\t\t\t\t\t\t<div class=\"elementor-gallery-item__overlay\"><\/div>\n\t\t\t\t\t\t\t\t\t\t\t\t\t\t<\/a>\n\t\t\t\t\t<\/div>\n\t\t\t\t\t<\/div>\n\t\t\t\t\t<\/div>\n\t\t<\/div>\n\t\t\t\t\t<\/div>\n\t\t<\/section>\n\t\t\t\t<\/div>","protected":false},"excerpt":{"rendered":"<p>Model pruski W projekcie wi\u0119zienia aresztu \u015bledczego w Wismarze wyra\u017anie wida\u0107 wzorowanie si\u0119 na modelach pruskich.   Por\u00f3wnanie z podr\u0119cznikiem z 1891 r., kt\u00f3ry przedstawia\u0142 budow\u0119 wi\u0119zie\u0144 i zak\u0142ad\u00f3w karnych w najdrobniejszych szczeg\u00f3\u0142ach na podstawie pruskich modeli, pokazuje pochodzenie podstawowych form projektowych, kt\u00f3re by\u0142y w\u00f3wczas stosowane. <\/p>\n<div class=\"clear\"><\/div>\n<p><a href=\"http:\/\/das-kittchen.de\/pl\/zellenstandard\/\" class=\"excerpt-read-more\">Continue Reading<i class=\"fa fa-long-arrow-right icon-long-arrow-right\"><\/i><\/a><\/p>","protected":false},"author":1,"featured_media":0,"parent":0,"menu_order":0,"comment_status":"closed","ping_status":"closed","template":"","meta":{"footnotes":""},"class_list":["post-7255","page","type-page","status-publish","hentry"],"_links":{"self":[{"href":"http:\/\/das-kittchen.de\/pl\/wp-json\/wp\/v2\/pages\/7255","targetHints":{"allow":["GET"]}}],"collection":[{"href":"http:\/\/das-kittchen.de\/pl\/wp-json\/wp\/v2\/pages"}],"about":[{"href":"http:\/\/das-kittchen.de\/pl\/wp-json\/wp\/v2\/types\/page"}],"author":[{"embeddable":true,"href":"http:\/\/das-kittchen.de\/pl\/wp-json\/wp\/v2\/users\/1"}],"replies":[{"embeddable":true,"href":"http:\/\/das-kittchen.de\/pl\/wp-json\/wp\/v2\/comments?post=7255"}],"version-history":[{"count":9,"href":"http:\/\/das-kittchen.de\/pl\/wp-json\/wp\/v2\/pages\/7255\/revisions"}],"predecessor-version":[{"id":7270,"href":"http:\/\/das-kittchen.de\/pl\/wp-json\/wp\/v2\/pages\/7255\/revisions\/7270"}],"wp:attachment":[{"href":"http:\/\/das-kittchen.de\/pl\/wp-json\/wp\/v2\/media?parent=7255"}],"curies":[{"name":"wp","href":"https:\/\/api.w.org\/{rel}","templated":true}]}}