{"id":5396,"date":"2025-01-16T09:36:52","date_gmt":"2025-01-16T08:36:52","guid":{"rendered":"https:\/\/das-kittchen.de\/?page_id=5396"},"modified":"2025-01-16T10:00:51","modified_gmt":"2025-01-16T09:00:51","slug":"ueber-das-kittchen","status":"publish","type":"page","link":"http:\/\/das-kittchen.de\/sv\/ueber-das-kittchen\/","title":{"rendered":"Om Das Kittchen"},"content":{"rendered":"<div data-elementor-type=\"wp-page\" data-elementor-id=\"5396\" class=\"elementor elementor-5396\" data-elementor-post-type=\"page\">\n\t\t\t\t\t\t<section class=\"elementor-section elementor-top-section elementor-element elementor-element-58df688 elementor-section-boxed elementor-section-height-default elementor-section-height-default\" data-id=\"58df688\" data-element_type=\"section\" data-e-type=\"section\">\n\t\t\t\t\t\t<div class=\"elementor-container elementor-column-gap-default\">\n\t\t\t\t\t<div class=\"elementor-column elementor-col-100 elementor-top-column elementor-element elementor-element-a969249\" data-id=\"a969249\" data-element_type=\"column\" data-e-type=\"column\">\n\t\t\t<div class=\"elementor-widget-wrap elementor-element-populated\">\n\t\t\t\t\t\t<div class=\"elementor-element elementor-element-5b36b5b elementor-widget elementor-widget-heading\" data-id=\"5b36b5b\" data-element_type=\"widget\" data-e-type=\"widget\" data-widget_type=\"heading.default\">\n\t\t\t\t\t<h2 class=\"elementor-heading-title elementor-size-default\">DAGS ATT BYTA PERSPEKTIV<\/h2>\t\t\t\t<\/div>\n\t\t\t\t\t<\/div>\n\t\t<\/div>\n\t\t\t\t\t<\/div>\n\t\t<\/section>\n\t\t\t\t<section class=\"elementor-section elementor-top-section elementor-element elementor-element-115062d elementor-section-boxed elementor-section-height-default elementor-section-height-default\" data-id=\"115062d\" data-element_type=\"section\" data-e-type=\"section\">\n\t\t\t\t\t\t<div class=\"elementor-container elementor-column-gap-default\">\n\t\t\t\t\t<div class=\"elementor-column elementor-col-100 elementor-top-column elementor-element elementor-element-e713bd4\" data-id=\"e713bd4\" data-element_type=\"column\" data-e-type=\"column\">\n\t\t\t<div class=\"elementor-widget-wrap elementor-element-populated\">\n\t\t\t\t\t\t<div class=\"elementor-element elementor-element-439e674 elementor-widget elementor-widget-text-editor\" data-id=\"439e674\" data-element_type=\"widget\" data-e-type=\"widget\" data-widget_type=\"text-editor.default\">\n\t\t\t\t\t\t\t\t\t<div data-block=\"true\" data-editor=\"q3rj\" data-offset-key=\"bhoil-0-0\"><div data-offset-key=\"bhoil-0-0\"><span data-offset-key=\"bhoil-0-0\">The Kittchen i Wismar \u00f6ppnades som vandrarhem i juni 2024.<\/span><\/div><\/div><div data-block=\"true\" data-editor=\"q3rj\" data-offset-key=\"1q074-0-0\"><div data-offset-key=\"1q074-0-0\"><span data-offset-key=\"1q074-0-0\">\u00a0<\/span><\/div><\/div><div data-block=\"true\" data-editor=\"q3rj\" data-offset-key=\"1la84-0-0\"><div data-offset-key=\"1la84-0-0\"><span data-offset-key=\"1la84-0-0\">Historien om denna extraordin\u00e4ra plats g\u00e5r tillbaka till 1872 och \u00e4r uppdelad i tv\u00e5 omr\u00e5den.<\/span><\/div><\/div><div data-block=\"true\" data-editor=\"q3rj\" data-offset-key=\"eu87o-0-0\"><div data-offset-key=\"eu87o-0-0\"><span data-offset-key=\"eu87o-0-0\">Det moderna cellomr\u00e5det:<\/span><\/div><\/div><div data-block=\"true\" data-editor=\"q3rj\" data-offset-key=\"dt213-0-0\"><div data-offset-key=\"dt213-0-0\"><span data-offset-key=\"dt213-0-0\">Det moderna cellomr\u00e5det \u00e4r en helt ny byggnad. Tidigare l\u00e5g fattighuset i staden Wismar p\u00e5 denna plats. P\u00e5 grund av dess f\u00f6rfall revs det mycket tidigt och f\u00f6rblev ett \"gr\u00f6nt f\u00e4lt\" fram till slutet.<\/span><\/div><\/div><div data-block=\"true\" data-editor=\"q3rj\" data-offset-key=\"5uv9b-0-0\"><div data-offset-key=\"5uv9b-0-0\"><span data-offset-key=\"5uv9b-0-0\">\u00a0<\/span><\/div><\/div><div data-block=\"true\" data-editor=\"q3rj\" data-offset-key=\"1moi7-0-0\"><div data-offset-key=\"1moi7-0-0\"><span data-offset-key=\"1moi7-0-0\">Det historiska cellomr\u00e5det:<\/span><\/div><\/div><div data-block=\"true\" data-editor=\"q3rj\" data-offset-key=\"1rmba-0-0\"><div data-offset-key=\"1rmba-0-0\"><span data-offset-key=\"1rmba-0-0\">\u00a0<\/span><\/div><\/div><div data-block=\"true\" data-editor=\"q3rj\" data-offset-key=\"bdepb-0-0\"><div data-offset-key=\"bdepb-0-0\"><span data-offset-key=\"bdepb-0-0\">Byggnaden uppf\u00f6rdes 1872 som <\/span><mark data-entity-key=\"12\" data-offset-key=\"bdepb-1-0\" data-highlight-entity-key=\"12\">Stall f\u00f6r hingstar<\/mark><span data-offset-key=\"bdepb-2-0\"> och omvandlades sedan till ett f\u00e4ngelse under \u00e5rens lopp.<\/span><\/div><\/div><div data-block=\"true\" data-editor=\"q3rj\" data-offset-key=\"js16-0-0\"><div data-offset-key=\"js16-0-0\"><span data-offset-key=\"js16-0-0\">Under historiens g\u00e5ng har den sedan anv\u00e4nts av olika f\u00e5ngar. Registren visar att det ocks\u00e5 fanns <\/span><span data-entity-key=\"6\" data-offset-key=\"js16-1-0\">redan, n\u00e4r<\/span><span data-offset-key=\"js16-2-0\"> anv\u00e4ndes som kvinnof\u00e4ngelse. Under nazitiden skulle f\u00e4ngelset byggas ut, planen var att det skulle <\/span><mark data-entity-key=\"13\" data-offset-key=\"js16-3-0\" data-highlight-entity-key=\"13\">f\u00f6rverkligades dock inte, eftersom krigsslutet sannolikt bidrog till att planeringen av<\/mark>.<\/div><\/div><div data-offset-key=\"js16-0-0\">\u00a0<\/div><div data-offset-key=\"js16-0-0\"><div data-contents=\"true\"><div data-block=\"true\" data-editor=\"q3rj\" data-offset-key=\"bhoil-0-0\"><div data-offset-key=\"bhoil-0-0\"><span data-offset-key=\"bhoil-0-0\">Under den \u00f6sttyska eran anv\u00e4ndes f\u00e4ngelset bland annat f\u00f6r flyktingar fr\u00e5n republiken. <\/span><span data-entity-key=\"11\" data-offset-key=\"bhoil-1-0\"><span data-offset-key=\"bhoil-1-0\">anv\u00e4nds, vilket<\/span><\/span><span data-offset-key=\"bhoil-2-0\"> ville fly \u00f6ver \u00d6stersj\u00f6n.<\/span><\/div><\/div><div data-block=\"true\" data-editor=\"q3rj\" data-offset-key=\"besl2-0-0\"><div data-offset-key=\"besl2-0-0\"><span data-offset-key=\"besl2-0-0\">\u00a0<\/span><\/div><\/div><div data-block=\"true\" data-editor=\"q3rj\" data-offset-key=\"66jv3-0-0\"><div data-offset-key=\"66jv3-0-0\"><span data-offset-key=\"66jv3-0-0\">Byggnaden anv\u00e4ndes som h\u00e4kte fram till 1992 och d\u00e4refter som ungdomsf\u00e4ngelse fram till slutet av 2014.<\/span><\/div><\/div><div data-block=\"true\" data-editor=\"q3rj\" data-offset-key=\"3u4nk-0-0\"><div data-offset-key=\"3u4nk-0-0\"><span data-offset-key=\"3u4nk-0-0\">\u00a0<\/span><\/div><\/div><div data-block=\"true\" data-editor=\"q3rj\" data-offset-key=\"8vo4p-0-0\"><div data-offset-key=\"8vo4p-0-0\"><span data-offset-key=\"8vo4p-0-0\">I v\u00e5ra celler f\u00f6rs\u00f6ker vi ge dem en f\u00f6rst\u00e5else f\u00f6r ber\u00e4ttelsen med hj\u00e4lp av bilder, en liten tidslinje och olika citat.<\/span><\/div><\/div><div data-block=\"true\" data-editor=\"q3rj\" data-offset-key=\"35qpe-0-0\"><div data-offset-key=\"35qpe-0-0\"><span data-offset-key=\"35qpe-0-0\">\u00a0<\/span><\/div><\/div><div data-block=\"true\" data-editor=\"q3rj\" data-offset-key=\"2sa34-0-0\"><div data-offset-key=\"2sa34-0-0\"><span data-offset-key=\"2sa34-0-0\">De ursprungliga celld\u00f6rrarna, gallren framf\u00f6r de \u00f6vre cellf\u00f6nstren och de ursprungliga cellstorlekarna finns fortfarande kvar i det historiska cellomr\u00e5det.<\/span><\/div><\/div><div data-block=\"true\" data-editor=\"q3rj\" data-offset-key=\"hc5r-0-0\"><div data-offset-key=\"hc5r-0-0\"><span data-offset-key=\"hc5r-0-0\">Klinkergolvet \u00e4r modellerat efter den tidens golv och vi har \u00e4ven anv\u00e4nt en originaltrappa fr\u00e5n f\u00e4ngelsetiden f\u00f6r trappan i det historiska cellomr\u00e5det.<\/span><\/div><\/div><div data-block=\"true\" data-editor=\"q3rj\" data-offset-key=\"dff49-0-0\"><div data-offset-key=\"dff49-0-0\"><span data-offset-key=\"dff49-0-0\">\u00a0<\/span><\/div><\/div><div data-block=\"true\" data-editor=\"q3rj\" data-offset-key=\"2lktr-0-0\"><div data-offset-key=\"2lktr-0-0\"><span data-offset-key=\"2lktr-0-0\">Vi kunde d\u00e4rf\u00f6r g\u00f6ra en \"unik bit\" av var och en av v\u00e5ra celler och \u00e4r mycket glada <\/span><span data-entity-key=\"17\" data-offset-key=\"2lktr-1-0\"><span data-offset-key=\"2lktr-1-0\">oss n\u00e4r<\/span><\/span><span data-offset-key=\"2lktr-2-0\"> v\u00e5ra g\u00e4ster tar med sig en bit av historien fr\u00e5n sin vistelse i Wismar.<\/span><\/div><\/div><\/div><\/div><div data-block=\"true\" data-editor=\"q3rj\" data-offset-key=\"js16-0-0\"><div data-offset-key=\"js16-0-0\">\u00a0<\/div><div data-offset-key=\"js16-0-0\"><h2 dir=\"ltr\"><span style=\"font-size: 41px; white-space-collapse: preserve;\">Moderna bekv\u00e4mligheter<\/span><\/h2><p dir=\"ltr\"><span style=\"white-space-collapse: preserve;\">V\u00e5rt erbjudande omfattar inte bara den historiska atmosf\u00e4ren utan ocks\u00e5 alla moderna bekv\u00e4mligheter som du kan f\u00f6rv\u00e4nta dig av ett hotell. <\/span><b><strong style=\"white-space-collapse: preserve;\">Hotell Wismar<\/strong><\/b><span style=\"white-space-collapse: preserve;\"> f\u00f6rv\u00e4ntade. Olika rumskategorier finns tillg\u00e4ngliga f\u00f6r att uppfylla v\u00e5ra g\u00e4sters \u00f6nskem\u00e5l.<\/span><\/p><\/div><\/div>\t\t\t\t\t\t\t\t<\/div>\n\t\t\t\t\t<\/div>\n\t\t<\/div>\n\t\t\t\t\t<\/div>\n\t\t<\/section>\n\t\t\t\t<section class=\"elementor-section elementor-top-section elementor-element elementor-element-9c59251 elementor-section-boxed elementor-section-height-default elementor-section-height-default\" data-id=\"9c59251\" data-element_type=\"section\" data-e-type=\"section\">\n\t\t\t\t\t\t<div class=\"elementor-container elementor-column-gap-default\">\n\t\t\t\t\t<div class=\"elementor-column elementor-col-100 elementor-top-column elementor-element elementor-element-cb5c7f9\" data-id=\"cb5c7f9\" data-element_type=\"column\" data-e-type=\"column\">\n\t\t\t<div class=\"elementor-widget-wrap elementor-element-populated\">\n\t\t\t\t\t\t<div class=\"elementor-element elementor-element-a5e2b4b elementor-widget elementor-widget-heading\" data-id=\"a5e2b4b\" data-element_type=\"widget\" data-e-type=\"widget\" data-widget_type=\"heading.default\">\n\t\t\t\t\t<h3 class=\"elementor-heading-title elementor-size-default\">Hotell med perfekt l\u00e4ge i stadens centrum<\/h3>\t\t\t\t<\/div>\n\t\t\t\t<div class=\"elementor-element elementor-element-3fe729e elementor-widget elementor-widget-text-editor\" data-id=\"3fe729e\" data-element_type=\"widget\" data-e-type=\"widget\" data-widget_type=\"text-editor.default\">\n\t\t\t\t\t\t\t\t\t<p class=\"LexicalTheme_paragraph__HAWRB\" dir=\"ltr\">The Kittchen k\u00e4nnetecknas av sitt centrala l\u00e4ge i <b><strong class=\"LexicalTheme_textBold__X7MSy\">Centrum av Wismar<\/strong><\/b> som erbjuder perfekta f\u00f6rbindelser till alla stadens stora sev\u00e4rdheter och attraktioner. Detta g\u00f6r det idealiskt f\u00f6r en <b><strong class=\"LexicalTheme_textBold__X7MSy\">\u00d6vernattning i Wismar<\/strong><\/b>oavsett om det g\u00e4ller aff\u00e4rer eller n\u00f6jen, och ser till att du kan njuta av sk\u00f6nheten och charmen i denna historiska stad till fullo.<\/p><p class=\"LexicalTheme_paragraph__HAWRB\" dir=\"ltr\">Vi ser fram emot att v\u00e4lkomna dig till v\u00e5r <b><strong class=\"LexicalTheme_textBold__X7MSy\">historiskt hotell<\/strong><\/b> och v\u00e4lkomna dig under din vistelse och ge dig en bit av din <a href=\"https:\/\/das-kittchen.de\/sv\/geschichte\/\">Historia<\/a> n\u00e4rmare dig. L\u00e5t oss \u00f6verraska dig med v\u00e5ra moderna bekv\u00e4mligheter, som harmonierar med den nostalgiska k\u00e4nslan i v\u00e5rt hotell. <a href=\"https:\/\/das-kittchen.de\/sv\/\">av v\u00e5rt hotell<\/a> kombineras, och njuta av en <b><strong class=\"LexicalTheme_highlightedKeyword__sWFmT\">unikt boende<\/strong><\/b>som passar f\u00f6r b\u00e5de par och barnfamiljer <a href=\"https:\/\/das-kittchen.de\/sv\/gruppenreisen\/\">Gruppresor<\/a> i Wismar \u00e4r perfekt l\u00e4mpad f\u00f6r detta \u00e4ndam\u00e5l.<\/p>\t\t\t\t\t\t\t\t<\/div>\n\t\t\t\t\t<\/div>\n\t\t<\/div>\n\t\t\t\t\t<\/div>\n\t\t<\/section>\n\t\t\t\t<\/div>","protected":false},"excerpt":{"rendered":"<p>DAGS ATT BYTA PERSPEKTIV Kittchen i Wismar \u00f6ppnades som vandrarhem i juni 2024. Historien om denna extraordin\u00e4ra plats g\u00e5r tillbaka till 1872 och \u00e4r uppdelad i tv\u00e5 omr\u00e5den:Det moderna cellomr\u00e5det:Det moderna cellomr\u00e5det \u00e4r en helt ny byggnad. Tidigare l\u00e5g fattighuset i staden Wismar p\u00e5 denna plats. P\u00e5 grund av dess f\u00f6rfall var det mycket... <\/p>\n<div class=\"clear\"><\/div>\n<p><a href=\"http:\/\/das-kittchen.de\/sv\/ueber-das-kittchen\/\" class=\"excerpt-read-more\">Forts\u00e4tta l\u00e4sa<i class=\"fa fa-long-arrow-right icon-long-arrow-right\"><\/i><\/a><\/p>","protected":false},"author":1,"featured_media":0,"parent":0,"menu_order":0,"comment_status":"closed","ping_status":"closed","template":"","meta":{"footnotes":""},"class_list":["post-5396","page","type-page","status-publish","hentry"],"_links":{"self":[{"href":"http:\/\/das-kittchen.de\/sv\/wp-json\/wp\/v2\/pages\/5396","targetHints":{"allow":["GET"]}}],"collection":[{"href":"http:\/\/das-kittchen.de\/sv\/wp-json\/wp\/v2\/pages"}],"about":[{"href":"http:\/\/das-kittchen.de\/sv\/wp-json\/wp\/v2\/types\/page"}],"author":[{"embeddable":true,"href":"http:\/\/das-kittchen.de\/sv\/wp-json\/wp\/v2\/users\/1"}],"replies":[{"embeddable":true,"href":"http:\/\/das-kittchen.de\/sv\/wp-json\/wp\/v2\/comments?post=5396"}],"version-history":[{"count":10,"href":"http:\/\/das-kittchen.de\/sv\/wp-json\/wp\/v2\/pages\/5396\/revisions"}],"predecessor-version":[{"id":6495,"href":"http:\/\/das-kittchen.de\/sv\/wp-json\/wp\/v2\/pages\/5396\/revisions\/6495"}],"wp:attachment":[{"href":"http:\/\/das-kittchen.de\/sv\/wp-json\/wp\/v2\/media?parent=5396"}],"curies":[{"name":"wp","href":"https:\/\/api.w.org\/{rel}","templated":true}]}}