{"id":5657,"date":"2024-10-05T13:33:12","date_gmt":"2024-10-05T11:33:12","guid":{"rendered":"https:\/\/das-kittchen.de\/?page_id=5657"},"modified":"2025-01-26T11:35:22","modified_gmt":"2025-01-26T10:35:22","slug":"gruppenreisen","status":"publish","type":"page","link":"http:\/\/das-kittchen.de\/sv\/gruppenreisen\/","title":{"rendered":"Gruppresa till \u00d6stersj\u00f6n"},"content":{"rendered":"<div data-elementor-type=\"wp-page\" data-elementor-id=\"5657\" class=\"elementor elementor-5657\" data-elementor-post-type=\"page\">\n\t\t\t\t\t\t<section class=\"elementor-section elementor-top-section elementor-element elementor-element-60147b9 elementor-section-boxed elementor-section-height-default elementor-section-height-default\" data-id=\"60147b9\" data-element_type=\"section\" data-e-type=\"section\">\n\t\t\t\t\t\t<div class=\"elementor-container elementor-column-gap-default\">\n\t\t\t\t\t<div class=\"elementor-column elementor-col-100 elementor-top-column elementor-element elementor-element-d1b584a\" data-id=\"d1b584a\" data-element_type=\"column\" data-e-type=\"column\">\n\t\t\t<div class=\"elementor-widget-wrap elementor-element-populated\">\n\t\t\t\t\t\t<div class=\"elementor-element elementor-element-197e736 elementor-widget elementor-widget-heading\" data-id=\"197e736\" data-element_type=\"widget\" data-e-type=\"widget\" data-widget_type=\"heading.default\">\n\t\t\t\t\t<h2 class=\"elementor-heading-title elementor-size-default\">Uppt\u00e4ck Wismar p\u00e5 din gruppresa<\/h2>\t\t\t\t<\/div>\n\t\t\t\t\t<\/div>\n\t\t<\/div>\n\t\t\t\t\t<\/div>\n\t\t<\/section>\n\t\t\t\t<section class=\"elementor-section elementor-top-section elementor-element elementor-element-a0410f8 elementor-section-boxed elementor-section-height-default elementor-section-height-default\" data-id=\"a0410f8\" data-element_type=\"section\" data-e-type=\"section\">\n\t\t\t\t\t\t<div class=\"elementor-container elementor-column-gap-default\">\n\t\t\t\t\t<div class=\"elementor-column elementor-col-100 elementor-top-column elementor-element elementor-element-4d523be\" data-id=\"4d523be\" data-element_type=\"column\" data-e-type=\"column\">\n\t\t\t<div class=\"elementor-widget-wrap elementor-element-populated\">\n\t\t\t\t\t\t<div class=\"elementor-element elementor-element-b3e467d elementor-widget elementor-widget-text-editor\" data-id=\"b3e467d\" data-element_type=\"widget\" data-e-type=\"widget\" data-widget_type=\"text-editor.default\">\n\t\t\t\t\t\t\t\t\t<p data-sourcepos=\"5:1-5:329\">V\u00e5r <a href=\"https:\/\/das-kittchen.de\/sv\/geschichte\/\">historiskt boende<\/a> i Wismar \u00e4r den perfekta utg\u00e5ngspunkten f\u00f6r din gruppresa genom Mecklenburg-Vorpommern. F\u00f6rest\u00e4ll dig mysiga kv\u00e4llar i v\u00e5r eleganta foaj\u00e9, sp\u00e4nnande stadsvandringar genom UNESCO:s v\u00e4rldsarv Wismar och of\u00f6rgl\u00f6mliga timmar p\u00e5 \u00d6stersj\u00f6ns milsl\u00e5nga sandstr\u00e4nder.<\/p><h2 data-sourcepos=\"7:1-7:50\"><strong>Varf\u00f6r vi \u00e4r det b\u00e4sta valet f\u00f6r din gruppresa till Wismar:<\/strong><\/h2><ul data-sourcepos=\"9:1-14:0\"><li data-sourcepos=\"9:1-9:130\"><strong>Unikt l\u00e4ge:<\/strong> V\u00e5rt f\u00f6re detta f\u00e4ngelse erbjuder en of\u00f6rgl\u00f6mlig atmosf\u00e4r och \u00e4r \u00e4nd\u00e5 utrustat med moderna faciliteter.<\/li><li data-sourcepos=\"10:1-10:170\"><strong>Flexibelt boende:<\/strong> Oavsett om det g\u00e4ller stora grupper i v\u00e5ra rymliga flerb\u00e4ddsrum eller mindre team i enkel- eller dubbelrum - vi har r\u00e4tt rum f\u00f6r alla.<\/li><li data-sourcepos=\"11:1-11:117\"><strong>Centralt l\u00e4ge:<\/strong> Bara n\u00e5gra steg bort fr\u00e5n de viktigaste sev\u00e4rdheterna, restaurangerna och butikerna.<\/li><li data-sourcepos=\"12:1-12:131\"><strong>Skr\u00e4ddarsydda erbjudanden:<\/strong> Vi skapar g\u00e4rna ett skr\u00e4ddarsytt paket som tar h\u00e4nsyn till dina \u00f6nskem\u00e5l och din budget.<\/li><li data-sourcepos=\"13:1-14:0\"><strong>Attraktiva gruppriser:<\/strong> Dra nytta av v\u00e5ra s\u00e4rskilda villkor f\u00f6r gruppbokningar.<\/li><\/ul><h4 data-sourcepos=\"15:1-15:34\"><strong>Dina f\u00f6rdelar i en \u00f6verblick:<\/strong><\/h4><ul data-sourcepos=\"17:1-21:0\"><li data-sourcepos=\"17:1-17:118\"><strong>Of\u00f6rgl\u00f6mliga upplevelser:<\/strong> Skapa best\u00e5ende minnen med din grupp i en unik milj\u00f6.<\/li><li data-sourcepos=\"18:1-18:127\"><strong>Kostnadsbesparingar:<\/strong> Spara pengar med v\u00e5ra attraktiva gruppriser och dra nytta av v\u00e5ra till\u00e4ggstj\u00e4nster.<\/li><li data-sourcepos=\"19:1-19:106\"><strong>Flexibilitet:<\/strong> Vi anpassar oss efter dina behov och hj\u00e4lper dig att planera din resa.<\/li><li data-sourcepos=\"20:1-21:0\"><strong>Komfort:<\/strong> Njut av v\u00e5r h\u00f6ga komfortniv\u00e5 och v\u00e5r v\u00e4nliga atmosf\u00e4r.<\/li><\/ul><h3 data-sourcepos=\"22:1-22:21\"><strong>Vad du kan f\u00f6rv\u00e4nta dig:<\/strong><\/h3><ul data-sourcepos=\"24:1-27:0\"><li data-sourcepos=\"24:1-24:108\"><strong>Sp\u00e4nnande aktiviteter:<\/strong> Stadsturer, hamnturer, b\u00e5tturer, cykelturer och mycket mer.<\/li><li data-sourcepos=\"25:1-25:101\"><strong>Kulinariska l\u00e4ckerheter:<\/strong> Uppt\u00e4ck det regionala k\u00f6ket och njut av m\u00e5ltider tillsammans.<\/li><li data-sourcepos=\"26:1-27:0\"><strong>Avslappning:<\/strong> Koppla av p\u00e5 de vackra str\u00e4nderna eller p\u00e5 v\u00e5r mysiga innerg\u00e5rd.<\/li><\/ul><p><strong>Upplev Wismar tillsammans!<\/strong> Oavsett om ni \u00e4r en skolklass, cykelgrupp eller bara v\u00e4nner - en of\u00f6rgl\u00f6mlig vistelse v\u00e4ntar er p\u00e5 Hotel Das Kittchen. Uppt\u00e4ck den historiska gamla stan p\u00e5 en sp\u00e4nnande stadsrundtur, utforska hamnen p\u00e5 en utflykt med ett av Adler-fartygen eller njut helt enkelt av er tid tillsammans i v\u00e5rt mysiga boende. Skratta, l\u00e4ra och skapa nya minnen tillsammans - det \u00e4r en semester med v\u00e4nner!<\/p><p><strong>Ditt hem i Wismar:<\/strong> Hotel Das Kittchen \u00e4r den perfekta utg\u00e5ngspunkten f\u00f6r din gruppresa. V\u00e5ra bekv\u00e4ma rum och v\u00e4nliga personal ser till att ni k\u00e4nner er helt bekv\u00e4ma. Oavsett om det handlar om mysiga kv\u00e4llar i v\u00e5r lounge eller sp\u00e4nnande utflykter - alla f\u00e5r valuta f\u00f6r pengarna hos oss. Och om du har n\u00e5gra fr\u00e5gor eller beh\u00f6ver st\u00f6d, hj\u00e4lper vi dig g\u00e4rna.<\/p><p><strong>Vi er\u00f6vrar staden tillsammans:<\/strong> Samla din grupp och klara av utmanande uppgifter tillsammans. V\u00e5rt escape game utomhus \u00e4r den perfekta upplevelsen f\u00f6r alla som tycker om pussel och lagarbete.<\/p><p><strong>En fest f\u00f6r sinnena:<\/strong> V\u00e5r omfattande frukostbuff\u00e9 l\u00e4mnar inget \u00f6vrigt att \u00f6nska. Fr\u00e5n doftande kaffe och f\u00e4rska br\u00f6drullar till salta kallskurna p\u00e5l\u00e4gg - h\u00e4r hittar alla n\u00e5got som faller dem i smaken.<\/p><p><strong>R\u00e4tt sak f\u00f6r varje grupp:<\/strong> Oavsett om det \u00e4r i mysiga flerb\u00e4ddsrum f\u00f6r upp till 8 personer eller i v\u00e5ra lugna enkel- eller dubbelrum - varje grupp kommer att hitta sin plats hos oss. Alla rum \u00e4r modernt utrustade och erbjuder h\u00f6gsta m\u00f6jliga komfort. V\u00e5ra grupprum \u00e4r ocks\u00e5 utrustade med den senaste tekniken, inklusive induktiva laddningsstationer, USB-laddningsportar och mycket mer.<\/p><h5 data-sourcepos=\"28:1-28:83\"><strong>Kontakta oss nu<\/strong> och l\u00e5t oss planera din dr\u00f6msemester tillsammans!<\/h5>\t\t\t\t\t\t\t\t<\/div>\n\t\t\t\t<div class=\"elementor-element elementor-element-69e73ba elementor-widget elementor-widget-image\" data-id=\"69e73ba\" data-element_type=\"widget\" data-e-type=\"widget\" data-widget_type=\"image.default\">\n\t\t\t\t\t\t\t\t\t\t\t\t\t\t\t<img fetchpriority=\"high\" decoding=\"async\" width=\"768\" height=\"432\" src=\"http:\/\/das-kittchen.de\/wp-content\/uploads\/2024\/06\/e5d63858a278c16808117398f2a1105d_-1_1717325622143-768x432.jpg\" class=\"attachment-medium_large size-medium_large wp-image-5352\" alt=\"_Hotel_Wismar_Kittchen\" srcset=\"http:\/\/das-kittchen.de\/wp-content\/uploads\/2024\/06\/e5d63858a278c16808117398f2a1105d_-1_1717325622143-768x432.jpg 768w, http:\/\/das-kittchen.de\/wp-content\/uploads\/2024\/06\/e5d63858a278c16808117398f2a1105d_-1_1717325622143-300x169.jpg 300w, http:\/\/das-kittchen.de\/wp-content\/uploads\/2024\/06\/e5d63858a278c16808117398f2a1105d_-1_1717325622143-1024x576.jpg 1024w, http:\/\/das-kittchen.de\/wp-content\/uploads\/2024\/06\/e5d63858a278c16808117398f2a1105d_-1_1717325622143-1536x864.jpg 1536w, http:\/\/das-kittchen.de\/wp-content\/uploads\/2024\/06\/e5d63858a278c16808117398f2a1105d_-1_1717325622143-2048x1152.jpg 2048w\" sizes=\"(max-width: 768px) 100vw, 768px\" title=\"\">\t\t\t\t\t\t\t\t\t\t\t\t\t\t\t<\/div>\n\t\t\t\t\t<\/div>\n\t\t<\/div>\n\t\t\t\t\t<\/div>\n\t\t<\/section>\n\t\t\t\t<section class=\"elementor-section elementor-top-section elementor-element elementor-element-a4ea938 elementor-section-boxed elementor-section-height-default elementor-section-height-default\" data-id=\"a4ea938\" data-element_type=\"section\" data-e-type=\"section\">\n\t\t\t\t\t\t<div class=\"elementor-container elementor-column-gap-default\">\n\t\t\t\t\t<div class=\"elementor-column elementor-col-100 elementor-top-column elementor-element elementor-element-b76b124\" data-id=\"b76b124\" data-element_type=\"column\" data-e-type=\"column\">\n\t\t\t<div class=\"elementor-widget-wrap\">\n\t\t\t\t\t\t\t<\/div>\n\t\t<\/div>\n\t\t\t\t\t<\/div>\n\t\t<\/section>\n\t\t\t\t<\/div>","protected":false},"excerpt":{"rendered":"<p>Uppt\u00e4ck Wismar p\u00e5 din gruppresa V\u00e5rt historiska boende i Wismar \u00e4r den perfekta utg\u00e5ngspunkten f\u00f6r din gruppresa genom Mecklenburg-Vorpommern. F\u00f6rest\u00e4ll dig mysiga kv\u00e4llar i v\u00e5r eleganta foaj\u00e9, sp\u00e4nnande stadsvandringar genom UNESCO:s v\u00e4rldsarv Wismar och of\u00f6rgl\u00f6mliga timmar p\u00e5 \u00d6stersj\u00f6ns milsl\u00e5nga sandstr\u00e4nder. Varf\u00f6r vi \u00e4r det b\u00e4sta valet f\u00f6r er gruppsemester i Wismar: Unikt... <\/p>\n<div class=\"clear\"><\/div>\n<p><a href=\"http:\/\/das-kittchen.de\/sv\/gruppenreisen\/\" class=\"excerpt-read-more\">Forts\u00e4tta l\u00e4sa<i class=\"fa fa-long-arrow-right icon-long-arrow-right\"><\/i><\/a><\/p>","protected":false},"author":1,"featured_media":0,"parent":0,"menu_order":0,"comment_status":"closed","ping_status":"closed","template":"","meta":{"footnotes":""},"class_list":["post-5657","page","type-page","status-publish","hentry"],"_links":{"self":[{"href":"http:\/\/das-kittchen.de\/sv\/wp-json\/wp\/v2\/pages\/5657","targetHints":{"allow":["GET"]}}],"collection":[{"href":"http:\/\/das-kittchen.de\/sv\/wp-json\/wp\/v2\/pages"}],"about":[{"href":"http:\/\/das-kittchen.de\/sv\/wp-json\/wp\/v2\/types\/page"}],"author":[{"embeddable":true,"href":"http:\/\/das-kittchen.de\/sv\/wp-json\/wp\/v2\/users\/1"}],"replies":[{"embeddable":true,"href":"http:\/\/das-kittchen.de\/sv\/wp-json\/wp\/v2\/comments?post=5657"}],"version-history":[{"count":10,"href":"http:\/\/das-kittchen.de\/sv\/wp-json\/wp\/v2\/pages\/5657\/revisions"}],"predecessor-version":[{"id":6559,"href":"http:\/\/das-kittchen.de\/sv\/wp-json\/wp\/v2\/pages\/5657\/revisions\/6559"}],"wp:attachment":[{"href":"http:\/\/das-kittchen.de\/sv\/wp-json\/wp\/v2\/media?parent=5657"}],"curies":[{"name":"wp","href":"https:\/\/api.w.org\/{rel}","templated":true}]}}