{"id":7143,"date":"2025-09-09T10:55:49","date_gmt":"2025-09-09T08:55:49","guid":{"rendered":"https:\/\/das-kittchen.de\/?page_id=7143"},"modified":"2025-09-10T13:26:15","modified_gmt":"2025-09-10T11:26:15","slug":"jugendarrest","status":"publish","type":"page","link":"http:\/\/das-kittchen.de\/sv\/jugendarrest\/","title":{"rendered":"Ungdomsf\u00e4ngelse"},"content":{"rendered":"<div data-elementor-type=\"wp-page\" data-elementor-id=\"7143\" class=\"elementor elementor-7143\" data-elementor-post-type=\"page\">\n\t\t\t\t\t\t<section class=\"elementor-section elementor-top-section elementor-element elementor-element-541d9c7 elementor-section-boxed elementor-section-height-default elementor-section-height-default\" data-id=\"541d9c7\" data-element_type=\"section\" data-e-type=\"section\">\n\t\t\t\t\t\t<div class=\"elementor-container elementor-column-gap-default\">\n\t\t\t\t\t<div class=\"elementor-column elementor-col-100 elementor-top-column elementor-element elementor-element-0bd5171\" data-id=\"0bd5171\" data-element_type=\"column\" data-e-type=\"column\">\n\t\t\t<div class=\"elementor-widget-wrap elementor-element-populated\">\n\t\t\t\t\t\t<div class=\"elementor-element elementor-element-3a47c93 elementor-widget elementor-widget-shortcode\" data-id=\"3a47c93\" data-element_type=\"widget\" data-e-type=\"widget\" data-widget_type=\"shortcode.default\">\n\t\t\t\t\t\t\t<div class=\"elementor-shortcode\"><div class=\"mementor-tts-player-container mementor-tts-audio-ready\" id=\"mementor-tts-player-shortcode_bc95aa9b\" data-player-type=\"shortcode\" data-post-id=\"7143\"><div id=\"mementor-tts-player-shortcode_bc95aa9b\" class=\"mementor-tts-player\" data-text=\"Audio player\" data-element-uid=\"shortcode_bc95aa9b\" data-status=\"ready\" data-audio-url=\"http:\/\/das-kittchen.de\/wp-content\/uploads\/text-to-speech-tts\/shortcode_521823_hf37e-de.mp3\"><div class=\"mementor-tts-player-label text-center label-size-default label-weight-bold label-color-custom\" style=\"--mementor-tts-custom-label-color: #3d416a\">Lyssna p\u00e5 detta bidrag:<\/div><audio preload=\"metadata\" src=\"http:\/\/das-kittchen.de\/wp-content\/uploads\/text-to-speech-tts\/shortcode_521823_hf37e-de.mp3\"><\/audio><div class=\"mementor-tts-custom-controls\"><button class=\"mementor-tts-play-button\" aria-label=\"Spela\"><span class=\"dashicons dashicons-controls-play mementor-dashicons-controls-play\"><\/span><\/button><span class=\"mementor-tts-time-display\">0:00<\/span><div class=\"mementor-tts-progress-container\"><div class=\"mementor-tts-progress-bar\"><\/div><\/div><span class=\"mementor-tts-duration-display\">0:00<\/span><button class=\"mementor-tts-volume-button\" aria-label=\"Volym\"><span class=\"dashicons dashicons-controls-volumeon mementor-dashicons mementor-dashicons-controls-volumeon\"><\/span><\/button><\/div><\/div><\/div><\/div>\n\t\t\t\t\t\t<\/div>\n\t\t\t\t<div class=\"elementor-element elementor-element-480f9be elementor-widget elementor-widget-text-editor\" data-id=\"480f9be\" data-element_type=\"widget\" data-e-type=\"widget\" data-widget_type=\"text-editor.default\">\n\t\t\t\t\t\t\t\t\t<p>UNGDOMSF\u00c4NGELSE<\/p><p>Avr\u00e4ttningen \u00e4r avsedd att v\u00e4cka den unga personens hedersk\u00e4nsla.<\/p><p>Ungdomsf\u00e4ngelse \u00e4r inte ett straff, utan en\u00a0<span style=\"font-size: 17px;\">Disciplin\u00e4ra \u00e5tg\u00e4rder i den mening som avses i \u00a7 13 i\u00a0<\/span><span style=\"font-size: 17px;\">Lagen om ungdomsdomstolar (Juvenile Courts Act JGG).<\/span><\/p><p>Enligt \u00a7 90JGG ska verkst\u00e4lligheten av\u00a0<span style=\"font-size: 17px;\">den unges hedersk\u00e4nsla\u00a0<\/span><span style=\"font-size: 17px;\">och g\u00f6r honom omedelbart medveten om\u00a0<\/span><span style=\"font-size: 17px;\">att han \u00e4r ansvarig f\u00f6r det brott han har beg\u00e5tt.\u00a0<\/span><span style=\"font-size: 17px;\">m\u00e5ste st\u00e5 till svars f\u00f6r or\u00e4ttvisor.<\/span><\/p><p>Avr\u00e4ttningen\u00a0<span style=\"font-size: 17px;\">av ungdomsf\u00e4ngelse b\u00f6r\u00a0<\/span><span style=\"font-size: 17px;\">utformas p\u00e5 ett pedagogiskt s\u00e4tt.<\/span><\/p><p>Den ska hj\u00e4lpa den unga personen att\u00a0<span style=\"font-size: 17px;\">sv\u00e5righeter som m\u00e5ste \u00f6vervinnas f\u00f6r att kunna\u00a0<\/span><span style=\"font-size: 17px;\">har bidragit till brottet.<\/span><\/p><p>Ungdomarna \u00e4r skyldiga att\u00a0<span style=\"font-size: 17px;\">av ungdomsf\u00e4ngelse samma krav\u00a0<\/span><span style=\"font-size: 17px;\">som \u00e4r n\u00f6dv\u00e4ndiga f\u00f6r en effektiv utbildning i\u00a0<\/span><span style=\"font-size: 17px;\">av fritiden m\u00e5ste l\u00e4ggas p\u00e5 honom (jfr.<\/span><\/p><ul><li>8JAVollzO).<\/li><\/ul><p>Verkst\u00e4lligheten av ungdomsf\u00e4ngelse b\u00f6r vara\u00a0<span style=\"font-size: 17px;\">att den fysiska, psykiska och fysiska\u00a0<\/span><span style=\"font-size: 17px;\">och moralisk utveckling hos den unga personen\u00a0<\/span><span style=\"font-size: 17px;\">fr\u00e4mjas (jfr \u00a7 10 JAVollzO.).<\/span><\/p><p>Ungdomsf\u00e4ngelse betraktas som rekreationsf\u00e4ngelse under en\u00a0<span style=\"font-size: 17px;\">eller tv\u00e5 l\u00e4ger (vanligtvis helger),\u00a0<\/span><span style=\"font-size: 17px;\">som kortvarigt frihetsber\u00f6vande under en period av tv\u00e5 till fyra\u00a0<\/span><span style=\"font-size: 17px;\">dagar eller som l\u00e5ngvarigt frihetsber\u00f6vande i minst en\u00a0<\/span><span style=\"font-size: 17px;\">och h\u00f6gst fyra veckor (\u00a7\u00a7 1 6.90\u00a0<\/span><span style=\"font-size: 17px;\">JCC).<\/span><\/p><p>Arresterade personer redovisas som arresterade personer som d\u00f6mts till f\u00e4ngelse eller som arresterade personer som st\u00e4llt s\u00e4kerhet.\u00a0<span style=\"font-size: 17px;\">genomdrivits (\u00a7 11 (3) JGG). Enligt \u00a7 23 (1) JGG\u00a0<\/span><span style=\"font-size: 17px;\">\u00e4r ocks\u00e5 m\u00f6jligt i h\u00e4ndelse av ett brott\u00a0<\/span><span style=\"font-size: 17px;\">mot villkorlig frigivning m\u00f6jligt.<\/span><\/p><p>Ungdomsf\u00e4ngelse kan uttalas flera g\u00e5nger\u00a0<span style=\"font-size: 17px;\">och erk\u00e4nns av domaren i ungdomsdomstolen som\u00a0<\/span><span style=\"font-size: 17px;\">Verkst\u00e4llighet och verkst\u00e4llighetschef \u00f6vervakad.<\/span><\/p><p>M\u00e5ndag \u00e4r tilltr\u00e4desdag. Under denna dag stannar de h\u00e4ktade kvar i h\u00e4ktesrummet och\u00a0<span style=\"font-size: 17px;\">\u00e4ter ocks\u00e5 alla m\u00e5ltider d\u00e4r. H\u00e4ktade som p\u00e5b\u00f6rjar sin h\u00e4ktning p\u00e5 tisdagar efter kl. 20.00,\u00a0<\/span><span style=\"font-size: 17px;\">tilldelas tilltr\u00e4desgruppen under f\u00f6ljande vecka. Alla tider \u00e4r ungef\u00e4rliga.<\/span><\/p><p>UNGDOMSF\u00c4NGELSE<\/p><p>Genomf\u00f6randet av ungdomsf\u00e4ngelse syftar till att v\u00e4cka ungdomens hedersk\u00e4nsla.<\/p><p>Ungdomsv\u00e5rd \u00e4r inte ett straff utan en disciplin\u00e4r \u00e5tg\u00e4rd i den mening som avses i avsnitt 13 i lagen om ungdomsdomstolar (JGG).<\/p><p>Enligt \u00a7 90 i lagen om ungdomsdomstolar (Juvenile Court Act, JGG) syftar verkst\u00e4lligheten av ungdomsv\u00e5rd till att v\u00e4cka ungdomens hedersk\u00e4nsla och g\u00f6ra dem medvetna om att de m\u00e5ste ta ansvar f\u00f6r de fel de har beg\u00e5tt.<\/p><p>Ungdomsf\u00e4ngelse b\u00f6r utformas som en utbildningsprocess.<\/p><p>Den \u00e4r avsedd att hj\u00e4lpa den unge att \u00f6vervinna de sv\u00e5righeter som bidrog till att brottet begicks.<\/p><p>Under verkst\u00e4lligheten av ungdomsv\u00e5rd ska samma krav st\u00e4llas p\u00e5 den unge som under en effektiv utbildning p\u00e5 fritiden (jfr 8 \u00a7 lagen om ungdomsv\u00e5rd).<\/p><p>Verkst\u00e4lligheten av ungdomsv\u00e5rd b\u00f6r utformas p\u00e5 ett s\u00e5dant s\u00e4tt att den fysiska, psykiska och moraliska utvecklingen av den unge fr\u00e4mjas (jfr \u00a7 10 i f\u00f6reskrifterna om ungdomsv\u00e5rd).<\/p><p>Ungdomsf\u00e4ngelse utd\u00f6ms som fritidsf\u00e4ngelse under en eller tv\u00e5 fritidsperioder (vanligtvis helger), som korttidsf\u00e4ngelse under en period p\u00e5 tv\u00e5 till fyra dagar, eller som permanent f\u00e4ngelse under minst en och h\u00f6gst fyra veckor (avsnitt 16 och 90 i lagen om ungdomsf\u00e4ngelse).<\/p><p>H\u00e4ktning verkst\u00e4lls som straff eller tv\u00e5ngsv\u00e5rd (\u00a7 11.3 i lagen om ungdomsdomstolar). Enligt \u00a7 23.1 i lagen om ungdomsdomstolar kan h\u00e4ktning \u00e4ven verkst\u00e4llas vid brott mot villkor f\u00f6r skyddstillsyn.<\/p><p>Ungdomsv\u00e5rd kan utd\u00f6mas flera g\u00e5nger och \u00f6vervakas av domaren i ungdomsdomstolen som \u00e4r chef f\u00f6r avdelningen f\u00f6r ungdomsv\u00e5rd och verkst\u00e4llighet.<\/p><p>M\u00e5ndag \u00e4r ankomstdagen. Under denna dag stannar de intagna i sina celler och intar alla m\u00e5ltider d\u00e4r. H\u00e4ktade som p\u00e5b\u00f6rjar sitt frihetsber\u00f6vande efter kl. 20.00 p\u00e5 tisdagen kommer att tilldelas intr\u00e4desgruppen f\u00f6ljande vecka. Alla tider \u00e4r ungef\u00e4rliga.<\/p>\t\t\t\t\t\t\t\t<\/div>\n\t\t\t\t\t<\/div>\n\t\t<\/div>\n\t\t\t\t\t<\/div>\n\t\t<\/section>\n\t\t\t\t<\/div>","protected":false},"excerpt":{"rendered":"<p>JUVENILE ARREST Syftet med frihetsber\u00f6vande \u00e4r att v\u00e4cka den unga personens hedersk\u00e4nsla. Ungdomsarrest \u00e4r inte ett straff utan ett disciplin\u00e4rt medel i den mening som avses i avsnitt 13 i lagen om ungdomsdomstolar (JGG). Enligt \u00a7 90 i lagen om ungdomsdomstolar ska verkst\u00e4lligheten av ungdomsv\u00e5rd syfta till att v\u00e4cka den unges hedersk\u00e4nsla och g\u00f6ra honom eller henne uppm\u00e4rksam p\u00e5 att han eller hon m\u00e5ste ta ansvar f\u00f6r de fel som han eller hon har beg\u00e5tt. Verkst\u00e4lligheten av ungdomsf\u00e4ngelse b\u00f6r vara pedagogisk.... <\/p>\n<div class=\"clear\"><\/div>\n<p><a href=\"http:\/\/das-kittchen.de\/sv\/jugendarrest\/\" class=\"excerpt-read-more\">Forts\u00e4tta l\u00e4sa<i class=\"fa fa-long-arrow-right icon-long-arrow-right\"><\/i><\/a><\/p>","protected":false},"author":1,"featured_media":0,"parent":0,"menu_order":0,"comment_status":"closed","ping_status":"closed","template":"","meta":{"footnotes":""},"class_list":["post-7143","page","type-page","status-publish","hentry"],"_links":{"self":[{"href":"http:\/\/das-kittchen.de\/sv\/wp-json\/wp\/v2\/pages\/7143","targetHints":{"allow":["GET"]}}],"collection":[{"href":"http:\/\/das-kittchen.de\/sv\/wp-json\/wp\/v2\/pages"}],"about":[{"href":"http:\/\/das-kittchen.de\/sv\/wp-json\/wp\/v2\/types\/page"}],"author":[{"embeddable":true,"href":"http:\/\/das-kittchen.de\/sv\/wp-json\/wp\/v2\/users\/1"}],"replies":[{"embeddable":true,"href":"http:\/\/das-kittchen.de\/sv\/wp-json\/wp\/v2\/comments?post=7143"}],"version-history":[{"count":10,"href":"http:\/\/das-kittchen.de\/sv\/wp-json\/wp\/v2\/pages\/7143\/revisions"}],"predecessor-version":[{"id":7166,"href":"http:\/\/das-kittchen.de\/sv\/wp-json\/wp\/v2\/pages\/7143\/revisions\/7166"}],"wp:attachment":[{"href":"http:\/\/das-kittchen.de\/sv\/wp-json\/wp\/v2\/media?parent=7143"}],"curies":[{"name":"wp","href":"https:\/\/api.w.org\/{rel}","templated":true}]}}