{"id":7178,"date":"2025-09-10T13:44:20","date_gmt":"2025-09-10T11:44:20","guid":{"rendered":"https:\/\/das-kittchen.de\/?page_id=7178"},"modified":"2025-09-10T14:00:50","modified_gmt":"2025-09-10T12:00:50","slug":"habekammer","status":"publish","type":"page","link":"http:\/\/das-kittchen.de\/sv\/habekammer\/","title":{"rendered":"Habekammer"},"content":{"rendered":"<div data-elementor-type=\"wp-page\" data-elementor-id=\"7178\" class=\"elementor elementor-7178\" data-elementor-post-type=\"page\">\n\t\t\t\t\t\t<section class=\"elementor-section elementor-top-section elementor-element elementor-element-1bff4bb elementor-section-boxed elementor-section-height-default elementor-section-height-default\" data-id=\"1bff4bb\" data-element_type=\"section\" data-e-type=\"section\">\n\t\t\t\t\t\t<div class=\"elementor-container elementor-column-gap-default\">\n\t\t\t\t\t<div class=\"elementor-column elementor-col-100 elementor-top-column elementor-element elementor-element-0770372\" data-id=\"0770372\" data-element_type=\"column\" data-e-type=\"column\">\n\t\t\t<div class=\"elementor-widget-wrap elementor-element-populated\">\n\t\t\t\t\t\t<div class=\"elementor-element elementor-element-fa8712a elementor-widget elementor-widget-shortcode\" data-id=\"fa8712a\" data-element_type=\"widget\" data-e-type=\"widget\" data-widget_type=\"shortcode.default\">\n\t\t\t\t\t\t\t<div class=\"elementor-shortcode\"><div class=\"mementor-tts-player-container mementor-tts-audio-ready\" id=\"mementor-tts-player-shortcode_bc95aa9b\" data-player-type=\"shortcode\" data-post-id=\"7178\"><div id=\"mementor-tts-player-shortcode_bc95aa9b\" class=\"mementor-tts-player\" data-text=\"Audio player\" data-element-uid=\"shortcode_bc95aa9b\" data-status=\"ready\" data-audio-url=\"http:\/\/das-kittchen.de\/wp-content\/uploads\/text-to-speech-tts\/shortcode_216070_lplz2-de.mp3\" data-autoplay=\"yes\"><div class=\"mementor-tts-player-label text-center label-size-default label-weight-bold label-color-custom\" style=\"--mementor-tts-custom-label-color: #3d416a\">Lyssna p\u00e5 detta bidrag:<\/div><audio preload=\"metadata\" src=\"http:\/\/das-kittchen.de\/wp-content\/uploads\/text-to-speech-tts\/shortcode_216070_lplz2-de.mp3\" autoplay><\/audio><div class=\"mementor-tts-custom-controls\"><button class=\"mementor-tts-play-button\" aria-label=\"Spela\"><span class=\"dashicons dashicons-controls-play mementor-dashicons-controls-play\"><\/span><\/button><span class=\"mementor-tts-time-display\">0:00<\/span><div class=\"mementor-tts-progress-container\"><div class=\"mementor-tts-progress-bar\"><\/div><\/div><span class=\"mementor-tts-duration-display\">0:00<\/span><button class=\"mementor-tts-volume-button\" aria-label=\"Volym\"><span class=\"dashicons dashicons-controls-volumeon mementor-dashicons mementor-dashicons-controls-volumeon\"><\/span><\/button><\/div><\/div><\/div><\/div>\n\t\t\t\t\t\t<\/div>\n\t\t\t\t<div class=\"elementor-element elementor-element-684e7c2 elementor-widget elementor-widget-text-editor\" data-id=\"684e7c2\" data-element_type=\"widget\" data-e-type=\"widget\" data-widget_type=\"text-editor.default\">\n\t\t\t\t\t\t\t\t\t<p style=\"margin-bottom: 0cm; line-height: normal; mso-pagination: none; mso-layout-grid-align: none; text-autospace: none;\"><span style=\"font-size: 54pt; font-family: Helvetica, sans-serif;\">HABEKAMMER<\/span><\/p><p style=\"margin-bottom: 0cm; line-height: normal; mso-pagination: none; mso-layout-grid-align: none; text-autospace: none;\"><span style=\"font-size: 31.0pt; font-family: 'Helvetica',sans-serif; color: #363b68; mso-font-kerning: 0pt;\">F\u00f6rvaringsinstitut<br \/>f\u00f6r f\u00e5ngarnas personliga tillh\u00f6righeter<\/span><\/p><p style=\"margin-bottom: 0cm; line-height: normal; mso-pagination: none; mso-layout-grid-align: none; text-autospace: none;\"><span style=\"font-size: 17.0pt; font-family: 'Helvetica',sans-serif; color: #1d1d1b; mso-font-kerning: 0pt;\">Ett f\u00f6rvaringsrum i f\u00e4ngelset \u00e4r ett\u00a0<\/span><span style=\"color: #1d1d1b; font-family: Helvetica, sans-serif; font-size: 17pt;\">F\u00f6rvaringsutrymme eller f\u00f6rvaringsplats f\u00f6r\u00a0<\/span><span style=\"color: #1d1d1b; font-family: Helvetica, sans-serif; font-size: 17pt;\">de personliga tillh\u00f6righeterna f\u00f6r\u00a0<\/span><span style=\"color: #1d1d1b; font-family: Helvetica, sans-serif; font-size: 17pt;\">f\u00e5ngar. Du kan se dem som en\u00a0<\/span><span style=\"color: #1d1d1b; font-family: Helvetica, sans-serif; font-size: 17pt;\">centraliserad dep\u00e5 d\u00e4r\u00a0<\/span><span style=\"color: #1d1d1b; font-family: Helvetica, sans-serif; font-size: 17pt;\">De frihetsber\u00f6vades egendom f\u00f6rvaras\u00a0<\/span><span style=\"color: #1d1d1b; font-family: Helvetica, sans-serif; font-size: 17pt;\">bli,\u00a0<\/span><span style=\"font-size: 17pt; font-family: Helvetica, sans-serif; color: #1d1d1b;\">som de inte har i sina h\u00e4ktesrum\u00a0<\/span><span style=\"color: #1d1d1b; font-family: Helvetica, sans-serif; font-size: 17pt;\">har\u00a0<\/span><span style=\"color: #1d1d1b; font-family: Helvetica, sans-serif; font-size: 17pt;\">eller som inte har n\u00e5gon plats d\u00e4r\u00a0<\/span><span style=\"color: #1d1d1b; font-family: Helvetica, sans-serif; font-size: 17pt;\">hitta.\u00a0<\/span><span style=\"color: #1d1d1b; font-family: Helvetica, sans-serif; font-size: 17pt;\">H\u00e4r \u00e4r n\u00e5gra viktiga aspekter\u00a0<\/span><span style=\"color: #1d1d1b; font-family: Helvetica, sans-serif; font-size: 17pt;\">till\u00a0<\/span><span style=\"color: #1d1d1b; font-family: Helvetica, sans-serif; font-size: 17pt;\">Habekammer:<\/span><\/p><p style=\"margin-bottom: 0cm; line-height: normal; mso-pagination: none; mso-layout-grid-align: none; text-autospace: none;\"><span style=\"font-size: 17.0pt; font-family: 'Helvetica',sans-serif; color: #1d1d1b; mso-font-kerning: 0pt;\">\u00a0<\/span><\/p><p style=\"margin-bottom: 0cm; line-height: normal; mso-pagination: none; mso-layout-grid-align: none; text-autospace: none;\"><span style=\"font-size: 17.0pt; font-family: 'Helvetica',sans-serif; color: #b3817d; mso-font-kerning: 0pt;\">F\u00d6RVARING<\/span><\/p><p style=\"margin-bottom: 0cm; line-height: normal; mso-pagination: none; mso-layout-grid-align: none; text-autospace: none;\"><span style=\"font-size: 17.0pt; font-family: 'Helvetica',sans-serif; color: #1d1d1b; mso-font-kerning: 0pt;\">\u00a0<\/span><\/p><p style=\"margin-bottom: 0cm; line-height: normal; mso-pagination: none; mso-layout-grid-align: none; text-autospace: none;\"><span style=\"font-size: 17.0pt; font-family: 'Helvetica',sans-serif; color: #1d1d1b; mso-font-kerning: 0pt;\">personliga \u00e4godelar: Om\u00a0<\/span><span style=\"color: #1d1d1b; font-family: Helvetica, sans-serif; font-size: 17pt;\">F\u00e5ngar p\u00e5 en kriminalv\u00e5rdsanstalt\u00a0<\/span><span style=\"color: #1d1d1b; font-family: Helvetica, sans-serif; font-size: 17pt;\">(JVA) \u00e4r f\u00e4ngslade, deras\u00a0<\/span><span style=\"color: #1d1d1b; font-family: Helvetica, sans-serif; font-size: 17pt;\">personliga tillh\u00f6righeter i skyddsrummet\u00a0<\/span><span style=\"color: #1d1d1b; font-family: Helvetica, sans-serif; font-size: 17pt;\">registreras och lagras p\u00e5 ett s\u00e4kert s\u00e4tt. F\u00f6r detta \u00e4ndam\u00e5l\u00a0<\/span><span style=\"color: #1d1d1b; font-family: Helvetica, sans-serif; font-size: 17pt;\">Kl\u00e4der, hygienartiklar, b\u00f6cker, brev\u00a0<\/span><span style=\"color: #1d1d1b; font-family: Helvetica, sans-serif; font-size: 17pt;\">och andra till\u00e5tna f\u00f6rem\u00e5l\u00a0<\/span><span style=\"color: #1d1d1b; font-family: Helvetica, sans-serif; font-size: 17pt;\">inkludera.<\/span><\/p><p style=\"margin-bottom: 0cm; line-height: normal; mso-pagination: none; mso-layout-grid-align: none; text-autospace: none;\"><span style=\"font-size: 17.0pt; font-family: 'Helvetica',sans-serif; color: #1d1d1b; mso-font-kerning: 0pt;\">\u00a0<\/span><\/p><p style=\"margin-bottom: 0cm; line-height: normal; mso-pagination: none; mso-layout-grid-align: none; text-autospace: none;\"><span style=\"font-size: 17.0pt; font-family: 'Helvetica',sans-serif; color: #b3817d; mso-font-kerning: 0pt;\">ADMINISTRATION OCH PRODUKTION<\/span><\/p><p style=\"margin-bottom: 0cm; line-height: normal; mso-pagination: none; mso-layout-grid-align: none; text-autospace: none;\"><span style=\"font-size: 17.0pt; font-family: 'Helvetica',sans-serif; color: #1d1d1b; mso-font-kerning: 0pt;\">\u00a0<\/span><\/p><p style=\"margin-bottom: 0cm; line-height: normal; mso-pagination: none; mso-layout-grid-align: none; text-autospace: none;\"><span style=\"font-size: 17.0pt; font-family: 'Helvetica',sans-serif; color: #1d1d1b; mso-font-kerning: 0pt;\">Habekammers medarbetare \u00e4r ansvariga f\u00f6r\u00a0<\/span><span style=\"color: #1d1d1b; font-family: Helvetica, sans-serif; font-size: 17pt;\">Hantering av dessa poster\u00a0<\/span><span style=\"color: #1d1d1b; font-family: Helvetica, sans-serif; font-size: 17pt;\">ansvarsfulla. De f\u00f6rser f\u00e5ngarna med\u00a0<\/span><span style=\"font-size: 17pt; font-family: Helvetica, sans-serif; color: #1d1d1b;\">krav f\u00f6r vissa artiklar och ta\u00a0<\/span><span style=\"color: #1d1d1b; font-family: Helvetica, sans-serif; font-size: 17pt;\">de \u00f6verf\u00f6rs eller avskedas\u00a0<\/span><span style=\"color: #1d1d1b; font-family: Helvetica, sans-serif; font-size: 17pt;\">...igen.<\/span><\/p><p style=\"margin-bottom: 0cm; line-height: normal; mso-pagination: none; mso-layout-grid-align: none; text-autospace: none;\"><span style=\"font-size: 17.0pt; font-family: 'Helvetica',sans-serif; color: #1d1d1b; mso-font-kerning: 0pt;\">\u00a0<\/span><\/p><p style=\"margin-bottom: 0cm; line-height: normal; mso-pagination: none; mso-layout-grid-align: none; text-autospace: none;\"><span style=\"font-size: 17.0pt; font-family: 'Helvetica',sans-serif; color: #b3817d; mso-font-kerning: 0pt;\">S\u00c4KERHETSASPEKTER<\/span><\/p><p style=\"margin-bottom: 0cm; line-height: normal; mso-pagination: none; mso-layout-grid-align: none; text-autospace: none;\"><span style=\"font-size: 17.0pt; font-family: 'Helvetica',sans-serif; color: #b3817d; mso-font-kerning: 0pt;\">\u00a0<\/span><\/p><p style=\"margin-bottom: 0cm; line-height: normal; mso-pagination: none; mso-layout-grid-align: none; text-autospace: none;\"><span style=\"font-size: 17.0pt; font-family: 'Helvetica',sans-serif; color: #1d1d1b; mso-font-kerning: 0pt;\">Det starka rummet tj\u00e4nar ocks\u00e5\u00a0<\/span><span style=\"color: #1d1d1b; font-family: Helvetica, sans-serif; font-size: 17pt;\">s\u00e4kerhets\u00e4ndam\u00e5l. Den centraliserade\u00a0<\/span><span style=\"color: #1d1d1b; font-family: Helvetica, sans-serif; font-size: 17pt;\">obeh\u00f6rig f\u00f6rvaring kan\u00a0<\/span><span style=\"color: #1d1d1b; font-family: Helvetica, sans-serif; font-size: 17pt;\">b\u00e4ttre kontroll \u00f6ver objekten och\u00a0<\/span><span style=\"color: #1d1d1b; font-family: Helvetica, sans-serif; font-size: 17pt;\">Smuggling in i h\u00e4ktesrummen f\u00f6rsv\u00e5ras\u00a0<\/span><span style=\"color: #1d1d1b; font-family: Helvetica, sans-serif; font-size: 17pt;\">bli.\u00a0<\/span><\/p><p style=\"margin-bottom: 0cm; line-height: normal; mso-pagination: none; mso-layout-grid-align: none; text-autospace: none;\"><span style=\"color: #1d1d1b; font-family: Helvetica, sans-serif; font-size: 17pt;\">--<\/span><\/p><p style=\"margin-bottom: 0cm; line-height: normal; mso-pagination: none; mso-layout-grid-align: none; text-autospace: none;\"><span style=\"font-size: 17.0pt; font-family: 'Helvetica',sans-serif; color: #b3817d; mso-font-kerning: 0pt;\">ORGANISATION OCH INVENTERING<\/span><\/p><p style=\"margin-bottom: 0cm; line-height: normal; mso-pagination: none; mso-layout-grid-align: none; text-autospace: none;\"><span style=\"font-size: 17.0pt; font-family: 'Helvetica',sans-serif; color: #b3817d; mso-font-kerning: 0pt;\">\u00a0<\/span><\/p><p style=\"margin-bottom: 0cm; line-height: normal; mso-pagination: none; mso-layout-grid-align: none; text-autospace: none;\"><span style=\"font-size: 17.0pt; font-family: 'Helvetica',sans-serif; color: #1d1d1b; mso-font-kerning: 0pt;\">Som regel \u00e4r en\u00a0<\/span><span style=\"color: #1d1d1b; font-family: Helvetica, sans-serif; font-size: 17pt;\">noggrann inventering av de lagrade\u00a0<\/span><span style=\"color: #1d1d1b; font-family: Helvetica, sans-serif; font-size: 17pt;\">objekt f\u00f6r att s\u00e4kerst\u00e4lla att\u00a0<\/span><span style=\"color: #1d1d1b; font-family: Helvetica, sans-serif; font-size: 17pt;\">att inget g\u00e5r f\u00f6rlorat och att sakerna\u00a0<\/span><span style=\"color: #1d1d1b; font-family: Helvetica, sans-serif; font-size: 17pt;\">tilldelas respektive f\u00e5ngar\u00a0<\/span><span style=\"color: #1d1d1b; font-family: Helvetica, sans-serif; font-size: 17pt;\">kan f\u00f6rverkligas.<\/span><\/p><p style=\"margin-bottom: 0cm; line-height: normal; mso-pagination: none; mso-layout-grid-align: none; text-autospace: none;\"><span style=\"font-size: 17.0pt; font-family: 'Helvetica',sans-serif; color: #1d1d1b; mso-font-kerning: 0pt;\">\u00a0<\/span><\/p><p style=\"margin-bottom: 0cm; line-height: normal; mso-pagination: none; mso-layout-grid-align: none; text-autospace: none;\"><span style=\"font-size: 17.0pt; font-family: 'Helvetica',sans-serif; color: #b3817d; mso-font-kerning: 0pt;\">TILLG\u00c5NG F\u00d6R F\u00c5NGAR<\/span><\/p><p style=\"margin-bottom: 0cm; line-height: normal; mso-pagination: none; mso-layout-grid-align: none; text-autospace: none;\"><span style=\"font-size: 17.0pt; font-family: 'Helvetica',sans-serif; color: #b3817d; mso-font-kerning: 0pt;\">\u00a0<\/span><\/p><p style=\"margin-bottom: 0cm; line-height: normal; mso-pagination: none; mso-layout-grid-align: none; text-autospace: none;\"><span style=\"font-size: 17.0pt; font-family: 'Helvetica',sans-serif; color: #1d1d1b; mso-font-kerning: 0pt;\">F\u00e5ngarnas tillg\u00e5ng till\u00a0<\/span><span style=\"color: #1d1d1b; font-family: Helvetica, sans-serif; font-size: 17pt;\">Habeas-kammaren \u00e4r vanligtvis reglerad\u00a0<\/span><span style=\"color: #1d1d1b; font-family: Helvetica, sans-serif; font-size: 17pt;\">och sker inte n\u00e4r som helst, utan vid\u00a0<\/span><span style=\"color: #1d1d1b; font-family: Helvetica, sans-serif; font-size: 17pt;\">vissa tider eller enligt \u00f6verenskommelse\u00a0<\/span><span style=\"color: #1d1d1b; font-family: Helvetica, sans-serif; font-size: 17pt;\">med de ansvariga medarbetarna.\u00a0<\/span><span style=\"color: #1d1d1b; font-family: Helvetica, sans-serif; font-size: 17pt;\">Sammanfattningsvis kan man s\u00e4ga att\u00a0<\/span><span style=\"color: #1d1d1b; font-family: Helvetica, sans-serif; font-size: 17pt;\">Starkrummet \u00e4r en viktig del av\u00a0<\/span><span style=\"color: #1d1d1b; font-family: Helvetica, sans-serif; font-size: 17pt;\">organisatorisk del av ett\u00a0<\/span><span style=\"color: #1d1d1b; font-family: Helvetica, sans-serif; font-size: 17pt;\">f\u00e4ngelse, som \u00e4r b\u00e5de\u00a0<\/span><span style=\"color: #1d1d1b; font-family: Helvetica, sans-serif; font-size: 17pt;\">Hantering av personliga tillh\u00f6righeter f\u00f6r\u00a0<\/span><span style=\"color: #1d1d1b; font-family: Helvetica, sans-serif; font-size: 17pt;\">f\u00e5ngar samt s\u00e4kerheten och\u00a0<\/span><span style=\"color: #1d1d1b; font-family: Helvetica, sans-serif; font-size: 17pt;\">ordning inom institutionen. I\u00a0<\/span><span style=\"color: #1d1d1b; font-family: Helvetica, sans-serif; font-size: 17pt;\">P\u00e5 vissa anstalter f\u00e5r f\u00e5ngar med\u00a0<\/span><span style=\"color: #1d1d1b; font-family: Helvetica, sans-serif; font-size: 17pt;\">Hj\u00e4lpverksamhet inom konfektion och\u00a0<\/span><span style=\"color: #1d1d1b; font-family: Helvetica, sans-serif; font-size: 17pt;\">Habekammer\u00a0<\/span><span style=\"color: #1d1d1b; font-family: Helvetica, sans-serif; font-size: 17pt;\">kan anv\u00e4ndas.<\/span><\/p><p style=\"margin-bottom: 0cm; line-height: normal; mso-pagination: none; mso-layout-grid-align: none; text-autospace: none;\"><span style=\"color: #1d1d1b; font-family: Helvetica, sans-serif; font-size: 17pt;\">\u00a0<\/span><\/p><p>Rum f\u00f6r personliga tillh\u00f6righeter<br \/>F\u00f6rvaringsplats f\u00f6r f\u00e5ngars personliga tillh\u00f6righeter<br \/>Ett rum f\u00f6r personliga tillh\u00f6righeter i ett f\u00e4ngelse \u00e4r ett f\u00f6rvaringsrum eller en f\u00f6rvaringsplats f\u00f6r intagnas personliga tillh\u00f6righeter. Det kan ses som en slags centraldep\u00e5 d\u00e4r de intagnas tillh\u00f6righeter f\u00f6rvaras som de inte f\u00e5r ha i sina celler eller som inte passar in d\u00e4r. H\u00e4r \u00e4r n\u00e5gra viktiga aspekter av rummet f\u00f6r personliga tillh\u00f6righeter:<br \/>F\u00d6RVARING<\/p><p>av personliga tillh\u00f6righeter: N\u00e4r intagna tas in p\u00e5 en kriminalv\u00e5rdsanstalt (JVA) registreras deras personliga tillh\u00f6righeter och f\u00f6rvaras p\u00e5 ett s\u00e4kert s\u00e4tt i rummet f\u00f6r personliga tillh\u00f6righeter. Detta kan inkludera kl\u00e4der, toalettartiklar, b\u00f6cker, brev och andra till\u00e5tna f\u00f6rem\u00e5l.<\/p><p>ADMINISTRATION OCH DISTRIBUTION<\/p><p>Personalen p\u00e5 avdelningen f\u00f6r personliga tillh\u00f6righeter ansvarar f\u00f6r hanteringen av dessa f\u00f6rem\u00e5l. De delar ut specifika f\u00f6rem\u00e5l till f\u00e5ngarna efter behov och samlar in dem vid f\u00f6rflyttning eller frigivning.<\/p><p>S\u00c4KERHETSASPEKTER<\/p><p>Besittningsrummet tj\u00e4nar ocks\u00e5 s\u00e4kerhets\u00e4ndam\u00e5l. Den centrala f\u00f6rvaringen g\u00f6r det m\u00f6jligt att b\u00e4ttre kontrollera otill\u00e5tna f\u00f6rem\u00e5l och g\u00f6r det sv\u00e5rare att smuggla in dem i h\u00e4ktescellerna.<\/p><p>ORGANISATION OCH INVENTERING<\/p><p>I besittningsrummet g\u00f6rs vanligtvis en noggrann inventering av de f\u00f6rem\u00e5l som f\u00f6rvaras f\u00f6r att s\u00e4kerst\u00e4lla att inget g\u00e5r f\u00f6rlorat och att f\u00f6rem\u00e5len kan tilldelas respektive f\u00e5nge.<\/p><p>TILLG\u00c5NG F\u00d6R F\u00c5NGAR<\/p><p>F\u00e5ngarnas tillg\u00e5ng till besittningsrummet \u00e4r generellt reglerad och sker inte n\u00e4r som helst, utan snarare vid specifika tidpunkter eller efter \u00f6verenskommelse med ansvarig personal.<br \/>Sammanfattningsvis \u00e4r besittningsrummet en viktig organisatorisk komponent i ett f\u00e4ngelse, som tj\u00e4nar b\u00e5de hanteringen av f\u00e5ngarnas personliga tillh\u00f6righeter och uppr\u00e4tth\u00e5llandet av s\u00e4kerhet och ordning inom anstalten. P\u00e5 vissa anstalter kan f\u00e5ngar tilldelas extra uppgifter i kl\u00e4d- och f\u00f6rvaringsrummet.<\/p>\t\t\t\t\t\t\t\t<\/div>\n\t\t\t\t\t<\/div>\n\t\t<\/div>\n\t\t\t\t\t<\/div>\n\t\t<\/section>\n\t\t\t\t<section class=\"elementor-section elementor-top-section elementor-element elementor-element-527353a elementor-section-boxed elementor-section-height-default elementor-section-height-default\" data-id=\"527353a\" data-element_type=\"section\" data-e-type=\"section\">\n\t\t\t\t\t\t<div class=\"elementor-container elementor-column-gap-default\">\n\t\t\t\t\t<div class=\"elementor-column elementor-col-100 elementor-top-column elementor-element elementor-element-2b66ff4\" data-id=\"2b66ff4\" data-element_type=\"column\" data-e-type=\"column\">\n\t\t\t<div class=\"elementor-widget-wrap elementor-element-populated\">\n\t\t\t\t\t\t<div class=\"elementor-element elementor-element-3d0a383 elementor-widget elementor-widget-gallery\" data-id=\"3d0a383\" data-element_type=\"widget\" data-e-type=\"widget\" data-settings=\"{&quot;lazyload&quot;:&quot;yes&quot;,&quot;gallery_layout&quot;:&quot;grid&quot;,&quot;columns&quot;:4,&quot;columns_tablet&quot;:2,&quot;columns_mobile&quot;:1,&quot;gap&quot;:{&quot;unit&quot;:&quot;px&quot;,&quot;size&quot;:10,&quot;sizes&quot;:[]},&quot;gap_tablet&quot;:{&quot;unit&quot;:&quot;px&quot;,&quot;size&quot;:10,&quot;sizes&quot;:[]},&quot;gap_mobile&quot;:{&quot;unit&quot;:&quot;px&quot;,&quot;size&quot;:10,&quot;sizes&quot;:[]},&quot;link_to&quot;:&quot;file&quot;,&quot;aspect_ratio&quot;:&quot;3:2&quot;,&quot;overlay_background&quot;:&quot;yes&quot;,&quot;content_hover_animation&quot;:&quot;fade-in&quot;}\" data-widget_type=\"gallery.default\">\n\t\t\t\t\t\t\t<div class=\"elementor-gallery__container\">\n\t\t\t\t\t\t\t<a class=\"e-gallery-item elementor-gallery-item elementor-animated-content\" href=\"https:\/\/das-kittchen.de\/wp-content\/uploads\/2025\/08\/P1030554-scaled.jpg\" data-elementor-open-lightbox=\"yes\" data-elementor-lightbox-slideshow=\"3d0a383\" data-elementor-lightbox-title=\"P1030554\" data-e-action-hash=\"#elementor-action%3Aaction%3Dlightbox%26settings%3DeyJpZCI6NzE5NywidXJsIjoiaHR0cHM6XC9cL2Rhcy1raXR0Y2hlbi5kZVwvd3AtY29udGVudFwvdXBsb2Fkc1wvMjAyNVwvMDhcL1AxMDMwNTU0LXNjYWxlZC5qcGciLCJzbGlkZXNob3ciOiIzZDBhMzgzIn0%3D\">\n\t\t\t\t\t<div class=\"e-gallery-image elementor-gallery-item__image\" data-thumbnail=\"https:\/\/das-kittchen.de\/wp-content\/uploads\/2025\/08\/P1030554-225x300.jpg\" data-width=\"225\" data-height=\"300\" aria-label=\"\" role=\"img\" ><\/div>\n\t\t\t\t\t\t\t\t\t\t\t<div class=\"elementor-gallery-item__overlay\"><\/div>\n\t\t\t\t\t\t\t\t\t\t\t\t\t\t<\/a>\n\t\t\t\t\t\t\t<a class=\"e-gallery-item elementor-gallery-item elementor-animated-content\" href=\"https:\/\/das-kittchen.de\/wp-content\/uploads\/2025\/09\/IMG_1445-scaled.jpg\" data-elementor-open-lightbox=\"yes\" data-elementor-lightbox-slideshow=\"3d0a383\" data-elementor-lightbox-title=\"IMG_1445\" data-e-action-hash=\"#elementor-action%3Aaction%3Dlightbox%26settings%3DeyJpZCI6NzE5MiwidXJsIjoiaHR0cHM6XC9cL2Rhcy1raXR0Y2hlbi5kZVwvd3AtY29udGVudFwvdXBsb2Fkc1wvMjAyNVwvMDlcL0lNR18xNDQ1LXNjYWxlZC5qcGciLCJzbGlkZXNob3ciOiIzZDBhMzgzIn0%3D\">\n\t\t\t\t\t<div class=\"e-gallery-image elementor-gallery-item__image\" data-thumbnail=\"https:\/\/das-kittchen.de\/wp-content\/uploads\/2025\/09\/IMG_1445-300x200.jpg\" data-width=\"300\" data-height=\"200\" aria-label=\"\" role=\"img\" ><\/div>\n\t\t\t\t\t\t\t\t\t\t\t<div class=\"elementor-gallery-item__overlay\"><\/div>\n\t\t\t\t\t\t\t\t\t\t\t\t\t\t<\/a>\n\t\t\t\t\t<\/div>\n\t\t\t\t\t<\/div>\n\t\t\t\t\t<\/div>\n\t\t<\/div>\n\t\t\t\t\t<\/div>\n\t\t<\/section>\n\t\t\t\t<\/div>","protected":false},"excerpt":{"rendered":"<p>HABEKAMMER F\u00f6rvaringslokal f\u00f6r f\u00e5ngars personliga tillh\u00f6righeter En f\u00f6rvaringslokal i ett f\u00e4ngelse \u00e4r ett f\u00f6rr\u00e5d eller en f\u00f6rvaringslokal f\u00f6r f\u00e5ngars personliga tillh\u00f6righeter. Det kan ses som en slags centraldep\u00e5 d\u00e4r f\u00e5ngarnas tillh\u00f6righeter f\u00f6rvaras som de inte f\u00e5r ha i sina celler eller som inte har n\u00e5gon plats d\u00e4r. H\u00e4r \u00e4r n\u00e5gra viktiga aspekter av Habekammer: F\u00d6RVARING av personliga tillh\u00f6righeter: N\u00e4r f\u00e5ngar... <\/p>\n<div class=\"clear\"><\/div>\n<p><a href=\"http:\/\/das-kittchen.de\/sv\/habekammer\/\" class=\"excerpt-read-more\">Forts\u00e4tta l\u00e4sa<i class=\"fa fa-long-arrow-right icon-long-arrow-right\"><\/i><\/a><\/p>","protected":false},"author":1,"featured_media":7192,"parent":0,"menu_order":0,"comment_status":"closed","ping_status":"closed","template":"","meta":{"footnotes":""},"class_list":["post-7178","page","type-page","status-publish","has-post-thumbnail","hentry"],"_links":{"self":[{"href":"http:\/\/das-kittchen.de\/sv\/wp-json\/wp\/v2\/pages\/7178","targetHints":{"allow":["GET"]}}],"collection":[{"href":"http:\/\/das-kittchen.de\/sv\/wp-json\/wp\/v2\/pages"}],"about":[{"href":"http:\/\/das-kittchen.de\/sv\/wp-json\/wp\/v2\/types\/page"}],"author":[{"embeddable":true,"href":"http:\/\/das-kittchen.de\/sv\/wp-json\/wp\/v2\/users\/1"}],"replies":[{"embeddable":true,"href":"http:\/\/das-kittchen.de\/sv\/wp-json\/wp\/v2\/comments?post=7178"}],"version-history":[{"count":10,"href":"http:\/\/das-kittchen.de\/sv\/wp-json\/wp\/v2\/pages\/7178\/revisions"}],"predecessor-version":[{"id":7200,"href":"http:\/\/das-kittchen.de\/sv\/wp-json\/wp\/v2\/pages\/7178\/revisions\/7200"}],"wp:featuredmedia":[{"embeddable":true,"href":"http:\/\/das-kittchen.de\/sv\/wp-json\/wp\/v2\/media\/7192"}],"wp:attachment":[{"href":"http:\/\/das-kittchen.de\/sv\/wp-json\/wp\/v2\/media?parent=7178"}],"curies":[{"name":"wp","href":"https:\/\/api.w.org\/{rel}","templated":true}]}}