{"id":7248,"date":"2025-09-11T08:54:46","date_gmt":"2025-09-11T06:54:46","guid":{"rendered":"https:\/\/das-kittchen.de\/?page_id=7248"},"modified":"2025-09-11T09:04:53","modified_gmt":"2025-09-11T07:04:53","slug":"armut_gleich_gefaengnis","status":"publish","type":"page","link":"http:\/\/das-kittchen.de\/sv\/armut_gleich_gefaengnis\/","title":{"rendered":"Fattigdom \u00e4r lika med f\u00e4ngelse"},"content":{"rendered":"<div data-elementor-type=\"wp-page\" data-elementor-id=\"7248\" class=\"elementor elementor-7248\" data-elementor-post-type=\"page\">\n\t\t\t\t\t\t<section class=\"elementor-section elementor-top-section elementor-element elementor-element-0513e65 elementor-section-boxed elementor-section-height-default elementor-section-height-default\" data-id=\"0513e65\" data-element_type=\"section\" data-e-type=\"section\">\n\t\t\t\t\t\t<div class=\"elementor-container elementor-column-gap-default\">\n\t\t\t\t\t<div class=\"elementor-column elementor-col-100 elementor-top-column elementor-element elementor-element-bf137de\" data-id=\"bf137de\" data-element_type=\"column\" data-e-type=\"column\">\n\t\t\t<div class=\"elementor-widget-wrap elementor-element-populated\">\n\t\t\t\t\t\t<div class=\"elementor-element elementor-element-e8c8eab elementor-widget elementor-widget-shortcode\" data-id=\"e8c8eab\" data-element_type=\"widget\" data-e-type=\"widget\" data-widget_type=\"shortcode.default\">\n\t\t\t\t\t\t\t<div class=\"elementor-shortcode\"><div class=\"mementor-tts-player-container mementor-tts-audio-ready\" id=\"mementor-tts-player-shortcode_bc95aa9b\" data-player-type=\"shortcode\" data-post-id=\"7248\"><div id=\"mementor-tts-player-shortcode_bc95aa9b\" class=\"mementor-tts-player\" data-text=\"Audio player\" data-element-uid=\"shortcode_bc95aa9b\" data-status=\"ready\" data-audio-url=\"http:\/\/das-kittchen.de\/wp-content\/uploads\/text-to-speech-tts\/shortcode_243826_drpdr-de.mp3\" data-autoplay=\"yes\"><div class=\"mementor-tts-player-label text-center label-size-default label-weight-bold label-color-custom\" style=\"--mementor-tts-custom-label-color: #3d416a\">Lyssna p\u00e5 detta bidrag:<\/div><audio preload=\"metadata\" src=\"http:\/\/das-kittchen.de\/wp-content\/uploads\/text-to-speech-tts\/shortcode_243826_drpdr-de.mp3\" autoplay><\/audio><div class=\"mementor-tts-custom-controls\"><button class=\"mementor-tts-play-button\" aria-label=\"Spela\"><span class=\"dashicons dashicons-controls-play mementor-dashicons-controls-play\"><\/span><\/button><span class=\"mementor-tts-time-display\">0:00<\/span><div class=\"mementor-tts-progress-container\"><div class=\"mementor-tts-progress-bar\"><\/div><\/div><span class=\"mementor-tts-duration-display\">0:00<\/span><button class=\"mementor-tts-volume-button\" aria-label=\"Volym\"><span class=\"dashicons dashicons-controls-volumeon mementor-dashicons mementor-dashicons-controls-volumeon\"><\/span><\/button><\/div><\/div><\/div><\/div>\n\t\t\t\t\t\t<\/div>\n\t\t\t\t<div class=\"elementor-element elementor-element-eeae71d elementor-widget elementor-widget-text-editor\" data-id=\"eeae71d\" data-element_type=\"widget\" data-e-type=\"widget\" data-widget_type=\"text-editor.default\">\n\t\t\t\t\t\t\t\t\t<p class=\"MsoNormal\"><b><u><span style=\"font-size: 20.0pt; line-height: 115%;\">FATTIGDOM = F\u00c4NGELSE? <\/span><\/u><\/b><\/p><p class=\"MsoNormal\"><b><span style=\"font-size: 14.0pt; line-height: 115%;\">Ett f\u00f6rs\u00f6k att skapa kontakter <\/span><\/b><\/p><p class=\"MsoNormal\"><span style=\"font-size: 14.0pt; line-height: 115%;\">Sambandet mellan fattigdom och f\u00e4ngelsevistelse bygger p\u00e5 olika strukturella, sociala och ekonomiska faktorer som ofta skapar en ond cirkel mellan fattigdom och f\u00e4ngelsevistelse. <\/span><\/p><p class=\"MsoNormal\"><span style=\"font-size: 14.0pt; line-height: 115%;\">H\u00e4r \u00e4r n\u00e5gra av de viktigaste aspekterna av denna anslutning: <\/span><\/p><p class=\"MsoNormal\"><b><span style=\"font-size: 14.0pt; line-height: 115%;\">1. Begr\u00e4nsade ekonomiska m\u00f6jligheter. <\/span><\/b><\/p><p class=\"MsoNormal\"><span style=\"font-size: 14.0pt; line-height: 115%;\">M\u00e4nniskor som lever i fattigdom har ofta begr\u00e4nsade ekonomiska resurser och utbildningsm\u00f6jligheter, vilket leder till en h\u00f6gre sannolikhet f\u00f6r att de beg\u00e5r brott f\u00f6r att \u00f6verleva. Det kan handla om egendomsbrott som st\u00f6ld eller mindre narkotikabrott. M\u00e5nga av dessa brott beror p\u00e5 ett behov av att tillgodose grundl\u00e4ggande behov eller p\u00e5 att man inte har tillg\u00e5ng till lagliga inkomstk\u00e4llor. <\/span><\/p><p class=\"MsoNormal\"><b><span style=\"font-size: 14.0pt; line-height: 115%;\">2. diskriminering inom r\u00e4ttsv\u00e4sendet<\/span><\/b><\/p><p class=\"MsoNormal\"><span style=\"font-size: 14.0pt; line-height: 115%;\">Fattiga m\u00e4nniskor har ofta inte tillg\u00e5ng till kvalificerad juridisk hj\u00e4lp utan m\u00e5ste f\u00f6rlita sig p\u00e5 \u00f6verbelastade offentliga f\u00f6rsvarare, vilket minskar deras chanser till en r\u00e4ttvis r\u00e4tteg\u00e5ng. Dessutom har de ofta inte m\u00f6jlighet att betala borgen, vilket inneb\u00e4r att de l\u00f6per st\u00f6rre risk att bli kvar i f\u00e4ngelse f\u00f6re och under r\u00e4tteg\u00e5ngen. Dessa faktorer \u00f6kar sannolikheten f\u00f6r att fattiga m\u00e4nniskor d\u00f6ms till f\u00e4ngelse. <\/span><\/p><p class=\"MsoNormal\"><b><span style=\"font-size: 14.0pt; line-height: 115%;\">3. Kriminalisering av fattigdom <\/span><\/b><\/p><p class=\"MsoNormal\"><span style=\"font-size: 14.0pt; line-height: 115%;\">Vissa brott, t.ex. biljettfusk eller mindre narkotikabrott, drabbar ofta fattigare delar av befolkningen. S\u00e5dana brott bestraffas h\u00e5rt i m\u00e5nga l\u00e4nder, trots att de ofta \u00e4r sprungna ur en n\u00f6dv\u00e4ndighet. D\u00e4rmed blir fattigdomen i sig en faktor som s\u00e4tter m\u00e4nniskor i f\u00e4ngelse ist\u00e4llet f\u00f6r att hj\u00e4lpa dem att f\u00f6rb\u00e4ttra sin situation. <\/span><\/p><p class=\"MsoNormal\"><b><span style=\"font-size: 14.0pt; line-height: 115%;\">4. \u00c5terfall i brott och brist p\u00e5 \u00e5terintegrering <\/span><\/b><\/p><p class=\"MsoNormal\"><span style=\"font-size: 14.0pt; line-height: 115%;\">Efter att ha sl\u00e4ppts ur f\u00e4ngelset har m\u00e4nniskor som lever i fattigdom ofta sv\u00e5rt att \u00e5terintegreras i samh\u00e4llet. De m\u00f6ter hinder som stigmatisering, arbetsl\u00f6shet och en \u00e5terg\u00e5ng till samma fattiga f\u00f6rh\u00e5llanden. Utan tillr\u00e4ckliga st\u00f6d- och rehabiliteringsprogram \u00f6kar risken f\u00f6r \u00e5terfall i brott, vilket ytterligare f\u00f6rst\u00e4rker den onda cirkeln av fattigdom och f\u00e4ngelsevistelse. <\/span><\/p><p class=\"MsoNormal\"><b><span style=\"font-size: 14.0pt; line-height: 115%;\">5. Konsekvenser f\u00f6r familjer och samh\u00e4llen <\/span><\/b><\/p><p class=\"MsoNormal\"><span style=\"font-size: 14.0pt; line-height: 115%;\">F\u00e4ngelsestraff i fattiga samh\u00e4llen har l\u00e5ngtg\u00e5ende konsekvenser f\u00f6r de familjer och samh\u00e4llen som drabbas. F\u00f6rlusten av en familjef\u00f6rs\u00f6rjare kan g\u00f6ra att familjer hamnar djupare i fattigdom, medan barn till f\u00e5ngar l\u00f6per st\u00f6rre risk att sj\u00e4lva leva i fattigdom och komma i konflikt med r\u00e4ttsv\u00e4sendet. Slutsats Kopplingen mellan fattigdom och f\u00e4ngelsevistelse \u00e4r inte bara ett resultat av individuella val, utan p\u00e5verkas starkt av strukturella nackdelar och ett r\u00e4ttssystem som drabbar fattiga m\u00e4nniskor oproportionerligt h\u00e5rt. <\/span><\/p><p class=\"MsoNormal\"><span style=\"font-size: 14.0pt; line-height: 115%;\">F\u00f6r att bryta denna cykel kr\u00e4vs sociala reformer f\u00f6r att bek\u00e4mpa fattigdom, fr\u00e4mja tillg\u00e5ng till utbildning och lagliga ekonomiska m\u00f6jligheter och g\u00f6ra den straffr\u00e4ttsliga behandlingen av fattiga befolkningsgrupper mer human. <\/span><\/p><p class=\"MsoNormal\"><span style=\"font-size: 14.0pt; line-height: 115%;\">Ett kraftfullt citat om sambandet mellan fattigdom och f\u00e4ngelsestraff kommer fr\u00e5n Nelson Mandela: \"Fattigdom \u00e4r inte naturligt. Den har skapats av m\u00e4nniskan och kan \u00f6vervinnas och utrotas av m\u00e4nniskan. Att \u00f6vervinna fattigdom \u00e4r inte en gest av v\u00e4lg\u00f6renhet. Det \u00e4r en handling av r\u00e4ttvisa.\" <\/span><\/p><p>\u00a0<\/p><p class=\"MsoNormal\"><span style=\"font-size: 14.0pt; line-height: 115%;\">Citatet tydligg\u00f6r att fattigdom inte bara \u00e4r ett ekonomiskt problem, utan ocks\u00e5 en fr\u00e5ga om r\u00e4ttvisa och de sociala strukturer som ofta h\u00e5ller m\u00e4nniskor i fattigdom och i slut\u00e4ndan i f\u00e5ngenskap.<\/span><\/p>\t\t\t\t\t\t\t\t<\/div>\n\t\t\t\t\t<\/div>\n\t\t<\/div>\n\t\t\t\t\t<\/div>\n\t\t<\/section>\n\t\t\t\t<\/div>","protected":false},"excerpt":{"rendered":"<p>FATTIGDOM = F\u00c4NGELSE? Ett f\u00f6rs\u00f6k att se samband Sambandet mellan fattigdom och f\u00e4ngelsevistelse bygger p\u00e5 flera strukturella, sociala och ekonomiska faktorer som ofta skapar en ond cirkel mellan fattigdom och f\u00e4ngelsevistelse. H\u00e4r \u00e4r n\u00e5gra av de viktigaste aspekterna av detta samband: 1. Begr\u00e4nsade ekonomiska m\u00f6jligheter M\u00e4nniskor som lever i fattigdom har ofta begr\u00e4nsade ekonomiska resurser och utbildningsm\u00f6jligheter och l\u00f6per st\u00f6rre risk att hamna i... <\/p>\n<div class=\"clear\"><\/div>\n<p><a href=\"http:\/\/das-kittchen.de\/sv\/armut_gleich_gefaengnis\/\" class=\"excerpt-read-more\">Forts\u00e4tta l\u00e4sa<i class=\"fa fa-long-arrow-right icon-long-arrow-right\"><\/i><\/a><\/p>","protected":false},"author":1,"featured_media":0,"parent":0,"menu_order":0,"comment_status":"closed","ping_status":"closed","template":"","meta":{"footnotes":""},"class_list":["post-7248","page","type-page","status-publish","hentry"],"_links":{"self":[{"href":"http:\/\/das-kittchen.de\/sv\/wp-json\/wp\/v2\/pages\/7248","targetHints":{"allow":["GET"]}}],"collection":[{"href":"http:\/\/das-kittchen.de\/sv\/wp-json\/wp\/v2\/pages"}],"about":[{"href":"http:\/\/das-kittchen.de\/sv\/wp-json\/wp\/v2\/types\/page"}],"author":[{"embeddable":true,"href":"http:\/\/das-kittchen.de\/sv\/wp-json\/wp\/v2\/users\/1"}],"replies":[{"embeddable":true,"href":"http:\/\/das-kittchen.de\/sv\/wp-json\/wp\/v2\/comments?post=7248"}],"version-history":[{"count":5,"href":"http:\/\/das-kittchen.de\/sv\/wp-json\/wp\/v2\/pages\/7248\/revisions"}],"predecessor-version":[{"id":7254,"href":"http:\/\/das-kittchen.de\/sv\/wp-json\/wp\/v2\/pages\/7248\/revisions\/7254"}],"wp:attachment":[{"href":"http:\/\/das-kittchen.de\/sv\/wp-json\/wp\/v2\/media?parent=7248"}],"curies":[{"name":"wp","href":"https:\/\/api.w.org\/{rel}","templated":true}]}}