{"id":7255,"date":"2025-09-11T09:06:29","date_gmt":"2025-09-11T07:06:29","guid":{"rendered":"https:\/\/das-kittchen.de\/?page_id=7255"},"modified":"2025-09-11T09:18:38","modified_gmt":"2025-09-11T07:18:38","slug":"zellenstandard","status":"publish","type":"page","link":"http:\/\/das-kittchen.de\/sv\/zellenstandard\/","title":{"rendered":"Cellerna"},"content":{"rendered":"<div data-elementor-type=\"wp-page\" data-elementor-id=\"7255\" class=\"elementor elementor-7255\" data-elementor-post-type=\"page\">\n\t\t\t\t\t\t<section class=\"elementor-section elementor-top-section elementor-element elementor-element-84c0dcf elementor-section-boxed elementor-section-height-default elementor-section-height-default\" data-id=\"84c0dcf\" data-element_type=\"section\" data-e-type=\"section\">\n\t\t\t\t\t\t<div class=\"elementor-container elementor-column-gap-default\">\n\t\t\t\t\t<div class=\"elementor-column elementor-col-100 elementor-top-column elementor-element elementor-element-f2f3641\" data-id=\"f2f3641\" data-element_type=\"column\" data-e-type=\"column\">\n\t\t\t<div class=\"elementor-widget-wrap elementor-element-populated\">\n\t\t\t\t\t\t<div class=\"elementor-element elementor-element-cdc61e4 elementor-widget elementor-widget-shortcode\" data-id=\"cdc61e4\" data-element_type=\"widget\" data-e-type=\"widget\" data-widget_type=\"shortcode.default\">\n\t\t\t\t\t\t\t<div class=\"elementor-shortcode\"><div class=\"mementor-tts-player-container mementor-tts-audio-ready\" id=\"mementor-tts-player-shortcode_bc95aa9b\" data-player-type=\"shortcode\" data-post-id=\"7255\"><div id=\"mementor-tts-player-shortcode_bc95aa9b\" class=\"mementor-tts-player\" data-text=\"Audio player\" data-element-uid=\"shortcode_bc95aa9b\" data-status=\"ready\" data-audio-url=\"http:\/\/das-kittchen.de\/wp-content\/uploads\/text-to-speech-tts\/shortcode_668963_6r2zn-de.mp3\" data-autoplay=\"yes\"><div class=\"mementor-tts-player-label text-center label-size-default label-weight-bold label-color-custom\" style=\"--mementor-tts-custom-label-color: #3d416a\">Lyssna p\u00e5 detta bidrag:<\/div><audio preload=\"metadata\" src=\"http:\/\/das-kittchen.de\/wp-content\/uploads\/text-to-speech-tts\/shortcode_668963_6r2zn-de.mp3\" autoplay><\/audio><div class=\"mementor-tts-custom-controls\"><button class=\"mementor-tts-play-button\" aria-label=\"Spela\"><span class=\"dashicons dashicons-controls-play mementor-dashicons-controls-play\"><\/span><\/button><span class=\"mementor-tts-time-display\">0:00<\/span><div class=\"mementor-tts-progress-container\"><div class=\"mementor-tts-progress-bar\"><\/div><\/div><span class=\"mementor-tts-duration-display\">0:00<\/span><button class=\"mementor-tts-volume-button\" aria-label=\"Volym\"><span class=\"dashicons dashicons-controls-volumeon mementor-dashicons mementor-dashicons-controls-volumeon\"><\/span><\/button><\/div><\/div><\/div><\/div>\n\t\t\t\t\t\t<\/div>\n\t\t\t\t<div class=\"elementor-element elementor-element-9d1a46c elementor-widget elementor-widget-text-editor\" data-id=\"9d1a46c\" data-element_type=\"widget\" data-e-type=\"widget\" data-widget_type=\"text-editor.default\">\n\t\t\t\t\t\t\t\t\t<p><span style=\"color: #363b68; font-family: Helvetica, sans-serif; font-size: 54pt;\">CELLERNA<\/span><\/p><p style=\"margin-bottom: 0cm; line-height: normal; mso-pagination: none; mso-layout-grid-align: none; text-autospace: none;\"><span style=\"font-size: 37.0pt; font-family: 'Helvetica',sans-serif; color: #363b68; mso-font-kerning: 0pt;\">Den preussiska f\u00f6rebilden<\/span><\/p><p style=\"margin-bottom: 0cm; line-height: normal; mso-pagination: none; mso-layout-grid-align: none; text-autospace: none;\"><span style=\"font-size: 54.0pt; font-family: 'Helvetica',sans-serif; color: #363b68; mso-font-kerning: 0pt;\">\u00a0<\/span><\/p><p style=\"margin-bottom: 0cm; line-height: normal; mso-pagination: none; mso-layout-grid-align: none; text-autospace: none;\"><span style=\"font-size: 14.0pt; font-family: 'Helvetica',sans-serif; color: #b3817d; mso-font-kerning: 0pt;\">I utformningen av h\u00e4ktet i Wismar \u00e4r det omissk\u00e4nnligt att man har anammat preussiska f\u00f6rebilder.<\/span><\/p><p style=\"margin-bottom: 0cm; line-height: normal; mso-pagination: none; mso-layout-grid-align: none; text-autospace: none;\"><span style=\"font-size: 14.0pt; font-family: 'Helvetica',sans-serif; color: #b3817d; mso-font-kerning: 0pt;\">\u00a0<\/span><\/p><p style=\"margin-bottom: 0cm; line-height: normal; mso-pagination: none; mso-layout-grid-align: none; text-autospace: none;\"><span style=\"font-size: 14.0pt; font-family: 'Helvetica',sans-serif; color: #1d1d1b; mso-font-kerning: 0pt;\">En j\u00e4mf\u00f6relse med en handbok fr\u00e5n 1891, som i detalj beskriver byggandet av h\u00e4kten och f\u00e4ngelser efter preussiska f\u00f6rebilder, visar tydligt ursprunget till de grundl\u00e4ggande konstruktionsformerna, som redan d\u00e5 hade anv\u00e4nts i flera \u00e5r. N\u00e4r det g\u00e4ller den rumsliga utformningen ges ett exempel i form av en situationsplan f\u00f6r tingsr\u00e4tten och f\u00e4ngelset i Merseburg. Domstolen och f\u00e4ngelset \u00e4r bel\u00e4gna p\u00e5 en plats som \u00e4r omgiven av murar. Det finns separata innerg\u00e5rdar f\u00f6r frigivning av f\u00e5ngar och f\u00f6r de n\u00f6dv\u00e4ndiga funktionerna i f\u00e4ngelset. S\u00e5som konstaterades i Wismar presenteras byggnaden typiskt som \"en l\u00e5ngstr\u00e4ckt rektangel med en central korridor\", som inneh\u00e5ller ett n\u00e4stan identiskt arrangemang av h\u00e4ktesceller och andra tv\u00e4ttrum inklusive en vaktl\u00e4genhet.<\/span><\/p><p style=\"margin-bottom: 0cm; line-height: normal; mso-pagination: none; mso-layout-grid-align: none; text-autospace: none;\"><span style=\"font-size: 14.0pt; font-family: 'Helvetica',sans-serif; color: #1d1d1b; mso-font-kerning: 0pt;\">\u00a0<\/span><\/p><p style=\"margin-bottom: 0cm; line-height: normal; mso-pagination: none; mso-layout-grid-align: none; text-autospace: none;\"><span style=\"font-size: 14.0pt; font-family: 'Helvetica',sans-serif; color: #1d1d1b; mso-font-kerning: 0pt;\">De enskilda former som exemplifieras i handboken, som \"cellens inredning\", cellf\u00f6nstren \"upph\u00f6jda 1,5 meter \u00f6ver golvet\" med segmentb\u00e5gar i j\u00e4rn, den \u00f6ppna trappan utan steg \"med j\u00e4rnband\" och \"celld\u00f6rrarna ... med observations\u00f6ppning\" som fungerade som en ram, h\u00e4nvisar ocks\u00e5 till den preussiska modellen. Den preussiska byggnadsf\u00f6rvaltningen presenterade modellplaner f\u00f6r byggnaderna, d\u00e4r de viktigaste kriterierna var m\u00e4rkta och avsedda att fungera som v\u00e4gledning. <\/span><\/p><p style=\"margin-bottom: 0cm; line-height: normal; mso-pagination: none; mso-layout-grid-align: none; text-autospace: none;\"><span style=\"font-size: 14.0pt; font-family: 'Helvetica',sans-serif; color: #1d1d1b; mso-font-kerning: 0pt;\">\u00a0<\/span><\/p><p style=\"margin-bottom: 0cm; line-height: normal; mso-pagination: none; mso-layout-grid-align: none; text-autospace: none;\"><span style=\"font-size: 14.0pt; font-family: 'Helvetica',sans-serif; color: #1d1d1b; mso-font-kerning: 0pt;\">P\u00e5 grund av de mycket olika f\u00f6rh\u00e5llandena i respektive innerstadsmilj\u00f6 utvecklades p\u00e5 denna grund i princip liknande strukturella l\u00f6sningar - s\u00e4rskilt med avseende p\u00e5 grundplanen - men inga modellbyggnadsformer, som var fallet med skol- eller j\u00e4rnv\u00e4gsstationsbyggnader i Preussen, till exempel. Detta berodde p\u00e5 den str\u00e4van, som ocks\u00e5 uttrycktes i Wismar, att \u00e5stadkomma en utformning som var anpassad till den historiska omgivningen. <\/span><\/p><p style=\"margin-bottom: 0cm; line-height: normal; mso-pagination: none; mso-layout-grid-align: none; text-autospace: none;\"><span style=\"font-size: 14.0pt; font-family: 'Helvetica',sans-serif; color: #1d1d1b; mso-font-kerning: 0pt;\">Efter att ha anslutit sig till Tyska riket och antagit respektive lagstiftning f\u00f6r de olika suver\u00e4na uppgifterna, antog m\u00e5nga tyska stater modellerna f\u00f6r den preussiska byggnadsf\u00f6rvaltningen. Detta skedde \u00e4ven i Mecklenburg.<\/span><\/p><p style=\"margin-bottom: 0cm; line-height: normal; mso-pagination: none; mso-layout-grid-align: none; text-autospace: none;\"><span style=\"font-size: 14.0pt; font-family: 'Helvetica',sans-serif; color: #1d1d1b; mso-font-kerning: 0pt;\">\u00a0<\/span><\/p><p style=\"margin-bottom: 0cm; line-height: normal; mso-pagination: none; mso-layout-grid-align: none; text-autospace: none;\"><span style=\"font-size: 14.0pt; font-family: 'Helvetica',sans-serif; color: #1d1d1b; mso-font-kerning: 0pt;\">CELLERNA<\/span><\/p><p style=\"margin-bottom: 0cm; line-height: normal; mso-pagination: none; mso-layout-grid-align: none; text-autospace: none;\"><span style=\"font-size: 14.0pt; font-family: 'Helvetica',sans-serif; color: #1d1d1b; mso-font-kerning: 0pt;\">Den preussiska modellen<\/span><\/p><p style=\"margin-bottom: 0cm; line-height: normal; mso-pagination: none; mso-layout-grid-align: none; text-autospace: none;\"><span style=\"font-size: 14.0pt; font-family: 'Helvetica',sans-serif; color: #1d1d1b; mso-font-kerning: 0pt;\">I utformningen av h\u00e4ktet<\/span><\/p><p style=\"margin-bottom: 0cm; line-height: normal; mso-pagination: none; mso-layout-grid-align: none; text-autospace: none;\"><span style=\"font-size: 14.0pt; font-family: 'Helvetica',sans-serif; color: #1d1d1b; mso-font-kerning: 0pt;\">i Wismar, \u00e4r antagandet av preussiska modeller omissk\u00e4nnligt.<\/span><\/p><p style=\"margin-bottom: 0cm; line-height: normal; mso-pagination: none; mso-layout-grid-align: none; text-autospace: none;\"><span style=\"font-size: 14.0pt; font-family: 'Helvetica',sans-serif; color: #1d1d1b; mso-font-kerning: 0pt;\">En j\u00e4mf\u00f6relse med en handbok fr\u00e5n 1891, som utifr\u00e5n preussiska f\u00f6rebilder presenterade byggandet av h\u00e4kten<\/span><\/p><p style=\"margin-bottom: 0cm; line-height: normal; mso-pagination: none; mso-layout-grid-align: none; text-autospace: none;\"><span style=\"font-size: 14.0pt; font-family: 'Helvetica',sans-serif; color: #1d1d1b; mso-font-kerning: 0pt;\">och kriminalv\u00e5rdsanstalter i detalj, avsl\u00f6jar tydligt ursprunget till de grundl\u00e4ggande designformerna, som redan hade varit i kraft i flera \u00e5r vid den tiden. N\u00e4r det g\u00e4ller den rumsliga utformningen visas ett exempel p\u00e5 situationsplanen f\u00f6r Merseburgs distriktsdomstol, inklusive f\u00e4ngelset.<\/span><\/p><p style=\"margin-bottom: 0cm; line-height: normal; mso-pagination: none; mso-layout-grid-align: none; text-autospace: none;\"><span style=\"font-size: 14.0pt; font-family: 'Helvetica',sans-serif; color: #1d1d1b; mso-font-kerning: 0pt;\">Domstolen och f\u00e4ngelset \u00e4r bel\u00e4gna p\u00e5 en muromg\u00e4rdad plats. Det finns innerg\u00e5rdar som \u00e4r \u00e5tskilda av funktioner f\u00f6r frigivning av f\u00e5ngar och f\u00f6r verksamhetens behov. S\u00e5som beskrivs i Wismar presenteras byggnaden typiskt som \"en l\u00e5ngstr\u00e4ckt rektangel med en central korridor\" i sin grundform, som inneh\u00e5ller ett n\u00e4stan identiskt arrangemang av h\u00e4ktesceller och ytterligare tv\u00e4ttstugor, inklusive ett vaktrum.<\/span><\/p><p style=\"margin-bottom: 0cm; line-height: normal; mso-pagination: none; mso-layout-grid-align: none; text-autospace: none;\"><span style=\"font-size: 14.0pt; font-family: 'Helvetica',sans-serif; color: #1d1d1b; mso-font-kerning: 0pt;\">De enskilda formerna som illustreras i manualen, s\u00e5som \"inredningen i en cell\", \"cellf\u00f6nstret som \u00e4r upph\u00f6jt 1,5 m \u00f6ver golvet\" med segmentb\u00e5gar av j\u00e4rn, den \u00f6ppna trappan utan steg \"med j\u00e4rnband\" och \"celld\u00f6rrarna ... med observations\u00f6ppning\" som \u00e4r konstruerade som en ram, h\u00e4nvisar ocks\u00e5 till den preussiska modellen.<\/span><\/p><p style=\"margin-bottom: 0cm; line-height: normal; mso-pagination: none; mso-layout-grid-align: none; text-autospace: none;\"><span style=\"font-size: 14.0pt; font-family: 'Helvetica',sans-serif; color: #1d1d1b; mso-font-kerning: 0pt;\">Den preussiska byggnadsf\u00f6rvaltningen l\u00e4mnade in provritningar<\/span><\/p><p style=\"margin-bottom: 0cm; line-height: normal; mso-pagination: none; mso-layout-grid-align: none; text-autospace: none;\"><span style=\"font-size: 14.0pt; font-family: 'Helvetica',sans-serif; color: #1d1d1b; mso-font-kerning: 0pt;\">f\u00f6r byggnaderna, d\u00e4r de viktigaste kriterierna identifierades och var t\u00e4nkta att fungera som v\u00e4gledning. P\u00e5 grund av de mycket olika f\u00f6rh\u00e5llandena i de olika innerstadsmilj\u00f6erna uppstod p\u00e5 denna grund i grunden liknande strukturella l\u00f6sningar - s\u00e4rskilt med avseende p\u00e5 planl\u00f6sningen - men inga modellliknande byggnadsformer uppstod, vilket var fallet med till exempel skol- eller stationsbyggnader i Preussen. Detta berodde p\u00e5 \u00f6nskem\u00e5let, som ocks\u00e5 uttrycks i Wismar, att uppn\u00e5 en design som \u00e4r l\u00e4mplig f\u00f6r den historiska milj\u00f6n. Efter att ha anslutit sig till det tyska kejsard\u00f6met och antagit respektive lagstiftning f\u00f6r olika suver\u00e4na funktioner, antog m\u00e5nga tyska stater modellen f\u00f6r den preussiska byggnadsf\u00f6rvaltningen. Detta skedde ocks\u00e5 i Mecklenburg.<\/span><\/p>\t\t\t\t\t\t\t\t<\/div>\n\t\t\t\t<div class=\"elementor-element elementor-element-d80a833 elementor-widget elementor-widget-gallery\" data-id=\"d80a833\" data-element_type=\"widget\" data-e-type=\"widget\" data-settings=\"{&quot;lazyload&quot;:&quot;yes&quot;,&quot;gallery_layout&quot;:&quot;grid&quot;,&quot;columns&quot;:4,&quot;columns_tablet&quot;:2,&quot;columns_mobile&quot;:1,&quot;gap&quot;:{&quot;unit&quot;:&quot;px&quot;,&quot;size&quot;:10,&quot;sizes&quot;:[]},&quot;gap_tablet&quot;:{&quot;unit&quot;:&quot;px&quot;,&quot;size&quot;:10,&quot;sizes&quot;:[]},&quot;gap_mobile&quot;:{&quot;unit&quot;:&quot;px&quot;,&quot;size&quot;:10,&quot;sizes&quot;:[]},&quot;link_to&quot;:&quot;file&quot;,&quot;aspect_ratio&quot;:&quot;3:2&quot;,&quot;overlay_background&quot;:&quot;yes&quot;,&quot;content_hover_animation&quot;:&quot;fade-in&quot;}\" data-widget_type=\"gallery.default\">\n\t\t\t\t\t\t\t<div class=\"elementor-gallery__container\">\n\t\t\t\t\t\t\t<a class=\"e-gallery-item elementor-gallery-item elementor-animated-content\" href=\"https:\/\/das-kittchen.de\/wp-content\/uploads\/2025\/08\/3133684165a97fcf5cac4f-scaled.jpg\" data-elementor-open-lightbox=\"yes\" data-elementor-lightbox-slideshow=\"d80a833\" data-elementor-lightbox-title=\"3133684165a97fcf5cac4f\" data-e-action-hash=\"#elementor-action%3Aaction%3Dlightbox%26settings%3DeyJpZCI6NzI2MywidXJsIjoiaHR0cHM6XC9cL2Rhcy1raXR0Y2hlbi5kZVwvd3AtY29udGVudFwvdXBsb2Fkc1wvMjAyNVwvMDhcLzMxMzM2ODQxNjVhOTdmY2Y1Y2FjNGYtc2NhbGVkLmpwZyIsInNsaWRlc2hvdyI6ImQ4MGE4MzMifQ%3D%3D\">\n\t\t\t\t\t<div class=\"e-gallery-image elementor-gallery-item__image\" data-thumbnail=\"https:\/\/das-kittchen.de\/wp-content\/uploads\/2025\/08\/3133684165a97fcf5cac4f-196x300.jpg\" data-width=\"196\" data-height=\"300\" aria-label=\"\" role=\"img\" ><\/div>\n\t\t\t\t\t\t\t\t\t\t\t<div class=\"elementor-gallery-item__overlay\"><\/div>\n\t\t\t\t\t\t\t\t\t\t\t\t\t\t<\/a>\n\t\t\t\t\t\t\t<a class=\"e-gallery-item elementor-gallery-item elementor-animated-content\" href=\"https:\/\/das-kittchen.de\/wp-content\/uploads\/2025\/08\/9310029085a97fd7a1ae61-scaled.jpg\" data-elementor-open-lightbox=\"yes\" data-elementor-lightbox-slideshow=\"d80a833\" data-elementor-lightbox-title=\"9310029085a97fd7a1ae61\" data-e-action-hash=\"#elementor-action%3Aaction%3Dlightbox%26settings%3DeyJpZCI6NzI2NCwidXJsIjoiaHR0cHM6XC9cL2Rhcy1raXR0Y2hlbi5kZVwvd3AtY29udGVudFwvdXBsb2Fkc1wvMjAyNVwvMDhcLzkzMTAwMjkwODVhOTdmZDdhMWFlNjEtc2NhbGVkLmpwZyIsInNsaWRlc2hvdyI6ImQ4MGE4MzMifQ%3D%3D\">\n\t\t\t\t\t<div class=\"e-gallery-image elementor-gallery-item__image\" data-thumbnail=\"https:\/\/das-kittchen.de\/wp-content\/uploads\/2025\/08\/9310029085a97fd7a1ae61-267x300.jpg\" data-width=\"267\" data-height=\"300\" aria-label=\"\" role=\"img\" ><\/div>\n\t\t\t\t\t\t\t\t\t\t\t<div class=\"elementor-gallery-item__overlay\"><\/div>\n\t\t\t\t\t\t\t\t\t\t\t\t\t\t<\/a>\n\t\t\t\t\t\t\t<a class=\"e-gallery-item elementor-gallery-item elementor-animated-content\" href=\"https:\/\/das-kittchen.de\/wp-content\/uploads\/2025\/08\/17133378985a97fd451aa48-scaled.jpg\" data-elementor-open-lightbox=\"yes\" data-elementor-lightbox-slideshow=\"d80a833\" data-elementor-lightbox-title=\"17133378985a97fd451aa48\" data-e-action-hash=\"#elementor-action%3Aaction%3Dlightbox%26settings%3DeyJpZCI6NzI2NSwidXJsIjoiaHR0cHM6XC9cL2Rhcy1raXR0Y2hlbi5kZVwvd3AtY29udGVudFwvdXBsb2Fkc1wvMjAyNVwvMDhcLzE3MTMzMzc4OTg1YTk3ZmQ0NTFhYTQ4LXNjYWxlZC5qcGciLCJzbGlkZXNob3ciOiJkODBhODMzIn0%3D\">\n\t\t\t\t\t<div class=\"e-gallery-image elementor-gallery-item__image\" data-thumbnail=\"https:\/\/das-kittchen.de\/wp-content\/uploads\/2025\/08\/17133378985a97fd451aa48-300x226.jpg\" data-width=\"300\" data-height=\"226\" aria-label=\"\" role=\"img\" ><\/div>\n\t\t\t\t\t\t\t\t\t\t\t<div class=\"elementor-gallery-item__overlay\"><\/div>\n\t\t\t\t\t\t\t\t\t\t\t\t\t\t<\/a>\n\t\t\t\t\t\t\t<a class=\"e-gallery-item elementor-gallery-item elementor-animated-content\" href=\"https:\/\/das-kittchen.de\/wp-content\/uploads\/2025\/08\/Lageplan-Frstenhof-um-1878-scaled.jpg\" data-elementor-open-lightbox=\"yes\" data-elementor-lightbox-slideshow=\"d80a833\" data-elementor-lightbox-title=\"Lageplan F++rstenhof um 1878\" data-e-action-hash=\"#elementor-action%3Aaction%3Dlightbox%26settings%3DeyJpZCI6NzI2NiwidXJsIjoiaHR0cHM6XC9cL2Rhcy1raXR0Y2hlbi5kZVwvd3AtY29udGVudFwvdXBsb2Fkc1wvMjAyNVwvMDhcL0xhZ2VwbGFuLUZyc3RlbmhvZi11bS0xODc4LXNjYWxlZC5qcGciLCJzbGlkZXNob3ciOiJkODBhODMzIn0%3D\">\n\t\t\t\t\t<div class=\"e-gallery-image elementor-gallery-item__image\" data-thumbnail=\"https:\/\/das-kittchen.de\/wp-content\/uploads\/2025\/08\/Lageplan-Frstenhof-um-1878-300x169.jpg\" data-width=\"300\" data-height=\"169\" aria-label=\"\" role=\"img\" ><\/div>\n\t\t\t\t\t\t\t\t\t\t\t<div class=\"elementor-gallery-item__overlay\"><\/div>\n\t\t\t\t\t\t\t\t\t\t\t\t\t\t<\/a>\n\t\t\t\t\t<\/div>\n\t\t\t\t\t<\/div>\n\t\t\t\t\t<\/div>\n\t\t<\/div>\n\t\t\t\t\t<\/div>\n\t\t<\/section>\n\t\t\t\t<\/div>","protected":false},"excerpt":{"rendered":"<p>CELLERNA Den preussiska modellen I utformningen av h\u00e4ktet i Wismar \u00e4r det omissk\u00e4nnligt att man har anv\u00e4nt sig av preussiska modeller.   En j\u00e4mf\u00f6relse med en handbok fr\u00e5n 1891, som in i minsta detalj beskriver byggandet av h\u00e4kten och straffanstalter enligt preussisk modell, visar ursprunget till de grundl\u00e4ggande konstruktionsformer som anv\u00e4ndes vid den h\u00e4r tiden. <\/p>\n<div class=\"clear\"><\/div>\n<p><a href=\"http:\/\/das-kittchen.de\/sv\/zellenstandard\/\" class=\"excerpt-read-more\">Forts\u00e4tta l\u00e4sa<i class=\"fa fa-long-arrow-right icon-long-arrow-right\"><\/i><\/a><\/p>","protected":false},"author":1,"featured_media":0,"parent":0,"menu_order":0,"comment_status":"closed","ping_status":"closed","template":"","meta":{"footnotes":""},"class_list":["post-7255","page","type-page","status-publish","hentry"],"_links":{"self":[{"href":"http:\/\/das-kittchen.de\/sv\/wp-json\/wp\/v2\/pages\/7255","targetHints":{"allow":["GET"]}}],"collection":[{"href":"http:\/\/das-kittchen.de\/sv\/wp-json\/wp\/v2\/pages"}],"about":[{"href":"http:\/\/das-kittchen.de\/sv\/wp-json\/wp\/v2\/types\/page"}],"author":[{"embeddable":true,"href":"http:\/\/das-kittchen.de\/sv\/wp-json\/wp\/v2\/users\/1"}],"replies":[{"embeddable":true,"href":"http:\/\/das-kittchen.de\/sv\/wp-json\/wp\/v2\/comments?post=7255"}],"version-history":[{"count":9,"href":"http:\/\/das-kittchen.de\/sv\/wp-json\/wp\/v2\/pages\/7255\/revisions"}],"predecessor-version":[{"id":7270,"href":"http:\/\/das-kittchen.de\/sv\/wp-json\/wp\/v2\/pages\/7255\/revisions\/7270"}],"wp:attachment":[{"href":"http:\/\/das-kittchen.de\/sv\/wp-json\/wp\/v2\/media?parent=7255"}],"curies":[{"name":"wp","href":"https:\/\/api.w.org\/{rel}","templated":true}]}}