{"id":5475,"date":"2024-06-14T14:36:20","date_gmt":"2024-06-14T12:36:20","guid":{"rendered":"https:\/\/das-kittchen.de\/?page_id=5475"},"modified":"2024-06-14T14:41:04","modified_gmt":"2024-06-14T12:41:04","slug":"impressum","status":"publish","type":"page","link":"https:\/\/das-kittchen.de\/pl\/impressum\/","title":{"rendered":"Nadruk"},"content":{"rendered":"<div data-elementor-type=\"wp-page\" data-elementor-id=\"5475\" class=\"elementor elementor-5475\" data-elementor-post-type=\"page\">\n\t\t\t\t\t\t<section class=\"elementor-section elementor-top-section elementor-element elementor-element-1473d4b elementor-section-boxed elementor-section-height-default elementor-section-height-default\" data-id=\"1473d4b\" data-element_type=\"section\" data-e-type=\"section\">\n\t\t\t\t\t\t<div class=\"elementor-container elementor-column-gap-default\">\n\t\t\t\t\t<div class=\"elementor-column elementor-col-100 elementor-top-column elementor-element elementor-element-29d12ef\" data-id=\"29d12ef\" data-element_type=\"column\" data-e-type=\"column\">\n\t\t\t<div class=\"elementor-widget-wrap elementor-element-populated\">\n\t\t\t\t\t\t<div class=\"elementor-element elementor-element-d6ec093 elementor-widget elementor-widget-text-editor\" data-id=\"d6ec093\" data-element_type=\"widget\" data-e-type=\"widget\" data-widget_type=\"text-editor.default\">\n\t\t\t\t\t\t\t\t\t<p><strong>Nadruk<\/strong><\/p><p><strong>Informacje zgodnie z \u00a7 5 TMG<\/strong><\/p><p>The Kittchen GmbH<br \/>Kellerstr. 1<br \/>23966 Wismar<\/p><p>Rejestr handlowy: HRB14923<br \/>S\u0105d rejestrowy: S\u0105d lokalny w Schwerinie<\/p><p><strong>Reprezentowany przez:<\/strong><br \/>Christopher Lunke<br \/>Thomas Ahlvers<\/p><p><strong>Skontaktuj si\u0119 z nami<\/strong><\/p><p>Telefon: 03841 32 67 866<br \/>E-mail: info@das-kittchen.de<\/p><p><strong>Identyfikator podatkowy sprzeda\u017cy<\/strong><\/p><p>Numer identyfikacji podatkowej zgodnie z \u00a7 27 ustawy o podatku od sprzeda\u017cy:<br \/>DE366441864<\/p><p><strong>Odpowiedzialno\u015b\u0107 redakcyjna<\/strong><\/p><p>The Kittchen GmbH<br \/>Christopher Lunke <br \/>Kellerstr. 1<br \/>23966 Wismar<\/p><p><strong>Rozstrzyganie spor\u00f3w w UE<\/strong><\/p><p>Komisja Europejska zapewnia platform\u0119 internetowego rozstrzygania spor\u00f3w (OS):\u00a0<a href=\"https:\/\/ec.europa.eu\/consumers\/odr\/\" target=\"_blank\" rel=\"noopener\">https:\/\/ec.europa.eu\/consumers\/odr\/<\/a>.<br \/>Nasz adres e-mail mo\u017cna znale\u017a\u0107 w powy\u017cszej nocie prawnej.<\/p><p><strong>Rozstrzyganie spor\u00f3w konsumenckich\/uniwersalne centrum arbitra\u017cowe<\/strong><\/p><p>Uczestniczymy w procedurze rozstrzygania spor\u00f3w przed komisj\u0105 arbitra\u017cow\u0105 ds. konsument\u00f3w. Powszechna komisja arbitra\u017cowa Zentrum f\u00fcr Schlichtung e.V., Stra\u00dfburger Stra\u00dfe 8, 77694 Kehl am Rhein (<a href=\"https:\/\/www.verbraucher-schlichter.de\/\" target=\"_blank\" rel=\"noopener\">https:\/\/www.verbraucher-schlichter.de<\/a>).<\/p><p><strong>Powiadomienie o witrynie<\/strong><\/p><p><strong>Informacje zgodnie z \u00a7 5 niemieckiej ustawy o telemediach (TMG)<\/strong><\/p><p>The Kittchen GmbH<br \/>Kellerstr. 1<br \/>23966 Wismar<\/p><p>Rejestr handlowy: HRB14923<br \/>S\u0105d rejestrowy: S\u0105d lokalny w Schwerinie<\/p><p><strong>Reprezentowany przez:<\/strong><br \/>Christopher Lunke<br \/>Thomas Ahlvers<\/p><p><strong>Kontakt<\/strong><\/p><p>Telefon: 03841 32 67 866<br \/>E-mail: info@das-kittchen.de<\/p><p><strong>IDENTYFIKATOR VAT<\/strong><\/p><p>Numer identyfikacji podatkowej zgodnie z sekcj\u0105 27 a ustawy o podatku od sprzeda\u017cy:<br \/>DE366441864<\/p><p><strong>Osoba odpowiedzialna za redakcj\u0119<\/strong><\/p><p>The Kittchen GmbH<br \/>Christopher Lunke <br \/>Kellerstr. 1<br \/>23966 Wismar<\/p><p><strong>Rozstrzyganie spor\u00f3w w UE<\/strong><\/p><p>Komisja Europejska zapewnia platform\u0119 internetowego rozstrzygania spor\u00f3w (ODR):\u00a0<a href=\"https:\/\/ec.europa.eu\/consumers\/odr\/\" target=\"_blank\" rel=\"noopener\">https:\/\/ec.europa.eu\/consumers\/odr\/<\/a>.<br \/>Nasz adres e-mail mo\u017cna znale\u017a\u0107 powy\u017cej w powiadomieniu o witrynie.<\/p><p><strong>Post\u0119powanie w sprawie rozstrzygania spor\u00f3w przed polubownym s\u0105dem konsumenckim<\/strong><\/p><p>Uczestniczymy w procedurze rozstrzygania spor\u00f3w przed komisj\u0105 ds. arbitra\u017cu konsumenckiego. W\u0142a\u015bciwym organem arbitra\u017cu konsumenckiego jest Zentrum f\u00fcr Schlichtung e.V., Stra\u00dfburger Stra\u00dfe 8, 77694 Kehl am Rhein (<a href=\"https:\/\/www.verbraucher-schlichter.de\/\" target=\"_blank\" rel=\"noopener\">https:\/\/www.verbraucher-schlichter.de<\/a>).<\/p><p>\u00a0<\/p>\t\t\t\t\t\t\t\t<\/div>\n\t\t\t\t\t<\/div>\n\t\t<\/div>\n\t\t\t\t\t<\/div>\n\t\t<\/section>\n\t\t\t\t<\/div>","protected":false},"excerpt":{"rendered":"<p>Imprint Informacje zgodnie z \u00a7 5 TMG Das Kittchen GmbHKellerstr. 123966 Wismar Rejestr handlowy: HRB14923S\u0105d rejestrowy: Amtsgericht Schwerin Reprezentowani przez:Christopher LunkeThomas Ahlvers Kontakt Telefon: 03841 32 67 866E-mail: info@das-kittchen.de Identyfikator podatkowy sprzeda\u017cy Numer identyfikacji podatkowej sprzeda\u017cy zgodnie z \u00a7 27 a Umsatzsteuergesetz:DE366441864 Redaktor odpowiedzialny Das Kittchen GmbHChristopher Lunke Kellerstr. 123966 Wismar Rozstrzyganie spor\u00f3w UE Komisja Europejska udost\u0119pnia platform\u0119 internetowego rozstrzygania spor\u00f3w (OS): https:\/\/ec.europa.eu\/consumers\/odr\/.Unsere Adres e-mail... <\/p>\n<div class=\"clear\"><\/div>\n<p><a href=\"https:\/\/das-kittchen.de\/pl\/impressum\/\" class=\"excerpt-read-more\">Continue Reading<i class=\"fa fa-long-arrow-right icon-long-arrow-right\"><\/i><\/a><\/p>","protected":false},"author":1,"featured_media":0,"parent":0,"menu_order":0,"comment_status":"closed","ping_status":"closed","template":"","meta":{"footnotes":""},"class_list":["post-5475","page","type-page","status-publish","hentry"],"_links":{"self":[{"href":"https:\/\/das-kittchen.de\/pl\/wp-json\/wp\/v2\/pages\/5475","targetHints":{"allow":["GET"]}}],"collection":[{"href":"https:\/\/das-kittchen.de\/pl\/wp-json\/wp\/v2\/pages"}],"about":[{"href":"https:\/\/das-kittchen.de\/pl\/wp-json\/wp\/v2\/types\/page"}],"author":[{"embeddable":true,"href":"https:\/\/das-kittchen.de\/pl\/wp-json\/wp\/v2\/users\/1"}],"replies":[{"embeddable":true,"href":"https:\/\/das-kittchen.de\/pl\/wp-json\/wp\/v2\/comments?post=5475"}],"version-history":[{"count":4,"href":"https:\/\/das-kittchen.de\/pl\/wp-json\/wp\/v2\/pages\/5475\/revisions"}],"predecessor-version":[{"id":5479,"href":"https:\/\/das-kittchen.de\/pl\/wp-json\/wp\/v2\/pages\/5475\/revisions\/5479"}],"wp:attachment":[{"href":"https:\/\/das-kittchen.de\/pl\/wp-json\/wp\/v2\/media?parent=5475"}],"curies":[{"name":"wp","href":"https:\/\/api.w.org\/{rel}","templated":true}]}}