{"id":5553,"date":"2024-08-15T20:10:33","date_gmt":"2024-08-15T18:10:33","guid":{"rendered":"https:\/\/das-kittchen.de\/?page_id=5553"},"modified":"2026-01-20T15:09:22","modified_gmt":"2026-01-20T14:09:22","slug":"unser-cafe","status":"publish","type":"page","link":"https:\/\/das-kittchen.de\/pl\/unser-cafe\/","title":{"rendered":"Nasza kawiarnia"},"content":{"rendered":"<div data-elementor-type=\"wp-page\" data-elementor-id=\"5553\" class=\"elementor elementor-5553\" data-elementor-post-type=\"page\">\n\t\t\t\t\t\t<section class=\"elementor-section elementor-top-section elementor-element elementor-element-9d338c6 elementor-section-boxed elementor-section-height-default elementor-section-height-default\" data-id=\"9d338c6\" data-element_type=\"section\" data-e-type=\"section\">\n\t\t\t\t\t\t<div class=\"elementor-container elementor-column-gap-default\">\n\t\t\t\t\t<div class=\"elementor-column elementor-col-100 elementor-top-column elementor-element elementor-element-b242031\" data-id=\"b242031\" data-element_type=\"column\" data-e-type=\"column\">\n\t\t\t<div class=\"elementor-widget-wrap elementor-element-populated\">\n\t\t\t\t\t\t<div class=\"elementor-element elementor-element-4ba437c elementor-widget elementor-widget-heading\" data-id=\"4ba437c\" data-element_type=\"widget\" data-e-type=\"widget\" data-widget_type=\"heading.default\">\n\t\t\t\t\t<h2 class=\"elementor-heading-title elementor-size-default\">\u015aniadanie w wi\u0119zieniu?<\/h2>\t\t\t\t<\/div>\n\t\t\t\t<div class=\"elementor-element elementor-element-8b3a79b elementor-widget elementor-widget-text-editor\" data-id=\"8b3a79b\" data-element_type=\"widget\" data-e-type=\"widget\" data-widget_type=\"text-editor.default\">\n\t\t\t\t\t\t\t\t\t<p>Rozpocznij dzie\u0144 w mi\u0142ej atmosferze od naszego \"\u015bniadania stra\u017cnika\".<\/p><p>W naszej przytulnej kawiarni czeka na Ciebie obfite \u015bniadanie w formie bufetu, kt\u00f3re nie pozostawia nic do \u017cyczenia. Daj si\u0119 zainspirowa\u0107 szerokiej ofercie i ciesz si\u0119 relaksuj\u0105c\u0105 atmosfer\u0105.<\/p><p>Ciesz si\u0119:<\/p><p>Chrupi\u0105ce bu\u0142eczki, rogaliki i chleb<br \/>Bogaty wyb\u00f3r w\u0119dlin i ser\u00f3w<br \/>S\u0142odkie pasty do smarowania<br \/>Jajecznica i jajko<br \/><span style=\"font-size: 17px; color: var( --e-global-color-text ); font-family: var( --e-global-typography-text-font-family ), Sans-serif; font-weight: var( --e-global-typography-text-font-weight );\">Wyb\u00f3r musli<br \/>Kawa, latte, cappuccino itp.<\/span><\/p><p>I wiele wi\u0119cej...<\/p><p>Kliknij tutaj, aby zarezerwowa\u0107 stolik:<\/p>\t\t\t\t\t\t\t\t<\/div>\n\t\t\t\t<div class=\"elementor-element elementor-element-d7fe97e elementor-widget elementor-widget-button\" data-id=\"d7fe97e\" data-element_type=\"widget\" data-e-type=\"widget\" data-widget_type=\"button.default\">\n\t\t\t\t\t\t\t\t\t\t<a class=\"elementor-button elementor-button-link elementor-size-sm\" href=\"https:\/\/tischres.das-kittchen.de\">\n\t\t\t\t\t\t<span class=\"elementor-button-content-wrapper\">\n\t\t\t\t\t\t\t\t\t<span class=\"elementor-button-text\">Zarezerwuj \u015bniadanie<\/span>\n\t\t\t\t\t<\/span>\n\t\t\t\t\t<\/a>\n\t\t\t\t\t\t\t\t<\/div>\n\t\t\t\t\t<\/div>\n\t\t<\/div>\n\t\t\t\t\t<\/div>\n\t\t<\/section>\n\t\t\t\t<\/div>","protected":false},"excerpt":{"rendered":"<p>\u015aniadanie w wi\u0119zieniu? Rozpocznij dzie\u0144 w mi\u0142ej atmosferze od naszego \"\u015bniadania stra\u017cnika\". W naszej przytulnej kawiarni czeka na Ciebie bogaty bufet \u015bniadaniowy, kt\u00f3ry nie pozostawia nic do \u017cyczenia. Daj si\u0119 zainspirowa\u0107 szerokiej ofercie i ciesz si\u0119 relaksuj\u0105c\u0105 atmosfer\u0105. Chrupi\u0105ce bu\u0142eczki, rogaliki i chlebBogate w\u0119dliny i seryS\u0142odkie pasty do smarowaniaJajecznica i jajkaWyb\u00f3r musliKawa, latte,... <\/p>\n<div class=\"clear\"><\/div>\n<p><a href=\"https:\/\/das-kittchen.de\/pl\/unser-cafe\/\" class=\"excerpt-read-more\">Continue Reading<i class=\"fa fa-long-arrow-right icon-long-arrow-right\"><\/i><\/a><\/p>","protected":false},"author":1,"featured_media":0,"parent":0,"menu_order":0,"comment_status":"closed","ping_status":"closed","template":"","meta":{"footnotes":""},"class_list":["post-5553","page","type-page","status-publish","hentry"],"_links":{"self":[{"href":"https:\/\/das-kittchen.de\/pl\/wp-json\/wp\/v2\/pages\/5553","targetHints":{"allow":["GET"]}}],"collection":[{"href":"https:\/\/das-kittchen.de\/pl\/wp-json\/wp\/v2\/pages"}],"about":[{"href":"https:\/\/das-kittchen.de\/pl\/wp-json\/wp\/v2\/types\/page"}],"author":[{"embeddable":true,"href":"https:\/\/das-kittchen.de\/pl\/wp-json\/wp\/v2\/users\/1"}],"replies":[{"embeddable":true,"href":"https:\/\/das-kittchen.de\/pl\/wp-json\/wp\/v2\/comments?post=5553"}],"version-history":[{"count":10,"href":"https:\/\/das-kittchen.de\/pl\/wp-json\/wp\/v2\/pages\/5553\/revisions"}],"predecessor-version":[{"id":7524,"href":"https:\/\/das-kittchen.de\/pl\/wp-json\/wp\/v2\/pages\/5553\/revisions\/7524"}],"wp:attachment":[{"href":"https:\/\/das-kittchen.de\/pl\/wp-json\/wp\/v2\/media?parent=5553"}],"curies":[{"name":"wp","href":"https:\/\/api.w.org\/{rel}","templated":true}]}}