{"id":5555,"date":"2024-08-15T20:11:01","date_gmt":"2024-08-15T18:11:01","guid":{"rendered":"https:\/\/das-kittchen.de\/?page_id=5555"},"modified":"2024-08-15T20:25:23","modified_gmt":"2024-08-15T18:25:23","slug":"ihre-veranstaltung","status":"publish","type":"page","link":"https:\/\/das-kittchen.de\/pl\/ihre-veranstaltung\/","title":{"rendered":"Twoje wydarzenie"},"content":{"rendered":"<div data-elementor-type=\"wp-page\" data-elementor-id=\"5555\" class=\"elementor elementor-5555\" data-elementor-post-type=\"page\">\n\t\t\t\t\t\t<section class=\"elementor-section elementor-top-section elementor-element elementor-element-562fdf1 elementor-section-boxed elementor-section-height-default elementor-section-height-default\" data-id=\"562fdf1\" data-element_type=\"section\" data-e-type=\"section\">\n\t\t\t\t\t\t<div class=\"elementor-container elementor-column-gap-default\">\n\t\t\t\t\t<div class=\"elementor-column elementor-col-100 elementor-top-column elementor-element elementor-element-ac22fd2\" data-id=\"ac22fd2\" data-element_type=\"column\" data-e-type=\"column\">\n\t\t\t<div class=\"elementor-widget-wrap elementor-element-populated\">\n\t\t\t\t\t\t<div class=\"elementor-element elementor-element-5bc800c elementor-widget elementor-widget-heading\" data-id=\"5bc800c\" data-element_type=\"widget\" data-e-type=\"widget\" data-widget_type=\"heading.default\">\n\t\t\t\t\t<h3 class=\"elementor-heading-title elementor-size-default\">Twoje wydarzenie w Kittchen<\/h3>\t\t\t\t<\/div>\n\t\t\t\t<div class=\"elementor-element elementor-element-ab1afd5 elementor-widget elementor-widget-text-editor\" data-id=\"ab1afd5\" data-element_type=\"widget\" data-e-type=\"widget\" data-widget_type=\"text-editor.default\">\n\t\t\t\t\t\t\t\t\t<p data-sourcepos=\"1:1-1:131\">Kto mo\u017ce powiedzie\u0107, \u017ce kiedykolwiek \u015bwi\u0119towa\u0142 w wi\u0119zieniu? Nasza wyj\u0105tkowa lokalizacja oferuje wszystko, czego potrzebujesz, aby Twoje wydarzenie by\u0142o wyj\u0105tkowe.<\/p><p data-sourcepos=\"1:1-1:131\">\u015awi\u0119towanie wydarzenia w Kittchen ma sw\u00f3j szczeg\u00f3lny urok.\u00a0<\/p><p data-sourcepos=\"1:1-1:131\">Oto kilka powod\u00f3w, dla kt\u00f3rych tak jest:<\/p><ul data-sourcepos=\"3:1-3:7\"><li data-sourcepos=\"3:1-3:7\"><strong>Wyj\u0105tkowa atmosfera:<\/strong> Kittchen z pewno\u015bci\u0105 oferuje wyj\u0105tkow\u0105 atmosfer\u0119, kt\u00f3rej nie zapomnisz w po\u015bpiechu. Niezale\u017cnie od tego, czy jest to styl rustykalny, nowoczesny czy mieszanka obu - wyj\u0105tkowe wyposa\u017cenie i atmosfera sprawiaj\u0105, \u017ce ka\u017cda uroczysto\u015b\u0107 jest niezapomnianym prze\u017cyciem.<\/li><li data-sourcepos=\"4:1-4:61\"><strong>Indywidualny charakter:<\/strong> W por\u00f3wnaniu z du\u017cymi salami eventowymi, Kittchen mo\u017cna spersonalizowa\u0107. Niezale\u017cnie od tego, czy chodzi o dekoracje, muzyk\u0119 czy menu - tutaj mo\u017cesz dostosowa\u0107 uroczysto\u015b\u0107 do w\u0142asnych \u017cycze\u0144 i nada\u0107 jej osobisty charakter.<\/li><li data-sourcepos=\"5:1-5:249\"><strong>Przytulno\u015b\u0107:<\/strong> Kittchen emanuje pewn\u0105 przytulno\u015bci\u0105, kt\u00f3ra zach\u0119ca do odpoczynku i \u015bwi\u0119towania. Niezale\u017cnie od tego, czy jest to ma\u0142a grupa przyjaci\u00f3\u0142, czy wi\u0119ksza uroczysto\u015b\u0107 - Kittchen oferuje idealne miejsce na przytulne godziny.<\/li><li data-sourcepos=\"6:1-6:234\"><strong>Elastyczno\u015b\u0107:<\/strong> Mo\u017cliwo\u015bci w Kittchen s\u0105 bardziej elastyczne ni\u017c w du\u017cych salach eventowych. Pomieszczenia mo\u017cna przebudowa\u0107 zgodnie z w\u0142asnymi pomys\u0142ami, aby stworzy\u0107 idealn\u0105 atmosfer\u0119 na uroczysto\u015b\u0107.<\/li><li data-sourcepos=\"6:1-6:234\"><strong>Z jednego \u017ar\u00f3d\u0142a: <\/strong>Oferujemy wszystko z jednego \u017ar\u00f3d\u0142a, od sali konferencyjnej po napoje i jedzenie. Zajmiemy si\u0119 Twoim wydarzeniem.<strong><br \/><\/strong><\/li><\/ul><p data-sourcepos=\"9:1-9:76\"><strong>Aby poda\u0107 bardziej konkretne powody, warto by\u0142oby je zna\u0107:<\/strong><\/p><ul data-sourcepos=\"11:1-15:0\"><li data-sourcepos=\"11:1-11:87\"><strong>Jakiego rodzaju wydarzenie jest planowane?<\/strong> (urodziny, \u015blub, impreza firmowa itp.).<\/li><li data-sourcepos=\"12:1-12:36\"><strong>Jak du\u017ca jest firma?<\/strong><\/li><li data-sourcepos=\"13:1-13:87\"><strong>Jak\u0105 atmosfer\u0119 powinna mie\u0107 uroczysto\u015b\u0107?<\/strong> (rustykalny, elegancki, nowoczesny itp.).<\/li><li data-sourcepos=\"14:1-15:0\"><strong>Czy masz jakie\u015b specjalne \u017cyczenia lub pomys\u0142y?<\/strong><\/li><\/ul><p data-sourcepos=\"16:1-16:162\">Dzi\u0119ki tym informacjom mo\u017cemy przedstawi\u0107 jeszcze bardziej szczeg\u00f3\u0142owe sugestie i pokaza\u0107, dlaczego uroczysto\u015b\u0107 w Kittchen mo\u017ce by\u0107 w\u0142a\u015bnie dla Ciebie.<\/p><p data-sourcepos=\"18:1-18:199\"><strong>By\u0107 mo\u017ce chcia\u0142by\u015b dowiedzie\u0107 si\u0119 wi\u0119cej o historii Kittchen?<\/strong> Za tym wyj\u0105tkowym miejscem kryje si\u0119 ekscytuj\u0105ca historia, kt\u00f3ra sprawia, \u017ce uroczysto\u015b\u0107 jest jeszcze bardziej interesuj\u0105ca.<\/p><p data-sourcepos=\"20:1-20:85\">Sprawmy razem, aby Twoja uroczysto\u015b\u0107 w Kittchen by\u0142a niezapomnianym prze\u017cyciem!<\/p>\t\t\t\t\t\t\t\t<\/div>\n\t\t\t\t\t<\/div>\n\t\t<\/div>\n\t\t\t\t\t<\/div>\n\t\t<\/section>\n\t\t\t\t<\/div>","protected":false},"excerpt":{"rendered":"<p>Twoje wydarzenie w Kittchen Kto mo\u017ce powiedzie\u0107, \u017ce kiedykolwiek \u015bwi\u0119towa\u0142 w Kittchen? Nasza wyj\u0105tkowa lokalizacja oferuje wszystko, czego potrzebujesz, aby Twoje wydarzenie by\u0142o wyj\u0105tkowe. \u015awi\u0119towanie wydarzenia w Kittchen ma sw\u00f3j szczeg\u00f3lny urok.  Oto kilka powod\u00f3w, dla kt\u00f3rych tak jest: Niepowtarzalna atmosfera:... <\/p>\n<div class=\"clear\"><\/div>\n<p><a href=\"https:\/\/das-kittchen.de\/pl\/ihre-veranstaltung\/\" class=\"excerpt-read-more\">Continue Reading<i class=\"fa fa-long-arrow-right icon-long-arrow-right\"><\/i><\/a><\/p>","protected":false},"author":1,"featured_media":0,"parent":0,"menu_order":0,"comment_status":"closed","ping_status":"closed","template":"","meta":{"footnotes":""},"class_list":["post-5555","page","type-page","status-publish","hentry"],"_links":{"self":[{"href":"https:\/\/das-kittchen.de\/pl\/wp-json\/wp\/v2\/pages\/5555","targetHints":{"allow":["GET"]}}],"collection":[{"href":"https:\/\/das-kittchen.de\/pl\/wp-json\/wp\/v2\/pages"}],"about":[{"href":"https:\/\/das-kittchen.de\/pl\/wp-json\/wp\/v2\/types\/page"}],"author":[{"embeddable":true,"href":"https:\/\/das-kittchen.de\/pl\/wp-json\/wp\/v2\/users\/1"}],"replies":[{"embeddable":true,"href":"https:\/\/das-kittchen.de\/pl\/wp-json\/wp\/v2\/comments?post=5555"}],"version-history":[{"count":9,"href":"https:\/\/das-kittchen.de\/pl\/wp-json\/wp\/v2\/pages\/5555\/revisions"}],"predecessor-version":[{"id":5567,"href":"https:\/\/das-kittchen.de\/pl\/wp-json\/wp\/v2\/pages\/5555\/revisions\/5567"}],"wp:attachment":[{"href":"https:\/\/das-kittchen.de\/pl\/wp-json\/wp\/v2\/media?parent=5555"}],"curies":[{"name":"wp","href":"https:\/\/api.w.org\/{rel}","templated":true}]}}