{"id":6742,"date":"2025-04-29T17:04:56","date_gmt":"2025-04-29T15:04:56","guid":{"rendered":"https:\/\/das-kittchen.de\/?page_id=6742"},"modified":"2026-02-20T12:26:31","modified_gmt":"2026-02-20T11:26:31","slug":"veranstaltungskalender","status":"publish","type":"page","link":"https:\/\/das-kittchen.de\/pl\/veranstaltungskalender\/","title":{"rendered":"Kalendarz wydarze\u0144"},"content":{"rendered":"<div data-elementor-type=\"wp-page\" data-elementor-id=\"6742\" class=\"elementor elementor-6742\" data-elementor-post-type=\"page\">\n\t\t\t\t\t\t<section class=\"elementor-section elementor-top-section elementor-element elementor-element-c886e99 elementor-section-boxed elementor-section-height-default elementor-section-height-default\" data-id=\"c886e99\" data-element_type=\"section\" data-e-type=\"section\">\n\t\t\t\t\t\t<div class=\"elementor-container elementor-column-gap-default\">\n\t\t\t\t\t<div class=\"elementor-column elementor-col-100 elementor-top-column elementor-element elementor-element-55f92d6\" data-id=\"55f92d6\" data-element_type=\"column\" data-e-type=\"column\">\n\t\t\t<div class=\"elementor-widget-wrap elementor-element-populated\">\n\t\t\t\t\t\t<div class=\"elementor-element elementor-element-10a6fc3 elementor-widget elementor-widget-heading\" data-id=\"10a6fc3\" data-element_type=\"widget\" data-e-type=\"widget\" data-widget_type=\"heading.default\">\n\t\t\t\t\t<h2 class=\"elementor-heading-title elementor-size-default\">Nasze wydarzenia mo\u017cna znale\u017a\u0107 tutaj https:\/\/events.das-kittchen.de lub tutaj:<\/h2>\t\t\t\t<\/div>\n\t\t\t\t<div class=\"elementor-element elementor-element-c732f20 elementor-widget elementor-widget-button\" data-id=\"c732f20\" data-element_type=\"widget\" data-e-type=\"widget\" data-widget_type=\"button.default\">\n\t\t\t\t\t\t\t\t\t\t<a class=\"elementor-button elementor-button-link elementor-size-sm\" href=\"https:\/\/events.das-kittchen.de\">\n\t\t\t\t\t\t<span class=\"elementor-button-content-wrapper\">\n\t\t\t\t\t\t\t\t\t<span class=\"elementor-button-text\">Kliknij tutaj<\/span>\n\t\t\t\t\t<\/span>\n\t\t\t\t\t<\/a>\n\t\t\t\t\t\t\t\t<\/div>\n\t\t\t\t\t<\/div>\n\t\t<\/div>\n\t\t\t\t\t<\/div>\n\t\t<\/section>\n\t\t\t\t<\/div>","protected":false},"excerpt":{"rendered":"<p>Unsere Events finden Sie hier https:\/\/events.das-kittchen.de oder hier: Hier klicken<\/p>","protected":false},"author":1,"featured_media":0,"parent":0,"menu_order":0,"comment_status":"closed","ping_status":"closed","template":"","meta":{"footnotes":""},"class_list":["post-6742","page","type-page","status-publish","hentry"],"_links":{"self":[{"href":"https:\/\/das-kittchen.de\/pl\/wp-json\/wp\/v2\/pages\/6742","targetHints":{"allow":["GET"]}}],"collection":[{"href":"https:\/\/das-kittchen.de\/pl\/wp-json\/wp\/v2\/pages"}],"about":[{"href":"https:\/\/das-kittchen.de\/pl\/wp-json\/wp\/v2\/types\/page"}],"author":[{"embeddable":true,"href":"https:\/\/das-kittchen.de\/pl\/wp-json\/wp\/v2\/users\/1"}],"replies":[{"embeddable":true,"href":"https:\/\/das-kittchen.de\/pl\/wp-json\/wp\/v2\/comments?post=6742"}],"version-history":[{"count":10,"href":"https:\/\/das-kittchen.de\/pl\/wp-json\/wp\/v2\/pages\/6742\/revisions"}],"predecessor-version":[{"id":7541,"href":"https:\/\/das-kittchen.de\/pl\/wp-json\/wp\/v2\/pages\/6742\/revisions\/7541"}],"wp:attachment":[{"href":"https:\/\/das-kittchen.de\/pl\/wp-json\/wp\/v2\/media?parent=6742"}],"curies":[{"name":"wp","href":"https:\/\/api.w.org\/{rel}","templated":true}]}}