{"id":7061,"date":"2025-08-06T10:00:37","date_gmt":"2025-08-06T08:00:37","guid":{"rendered":"https:\/\/das-kittchen.de\/?page_id=7061"},"modified":"2025-08-06T10:02:02","modified_gmt":"2025-08-06T08:02:02","slug":"datenschutz","status":"publish","type":"page","link":"https:\/\/das-kittchen.de\/pl\/datenschutz\/","title":{"rendered":"Ochrona danych"},"content":{"rendered":"<div data-elementor-type=\"wp-page\" data-elementor-id=\"7061\" class=\"elementor elementor-7061\" data-elementor-post-type=\"page\">\n\t\t\t\t\t\t<section class=\"elementor-section elementor-top-section elementor-element elementor-element-3cd7c3b elementor-section-boxed elementor-section-height-default elementor-section-height-default\" data-id=\"3cd7c3b\" data-element_type=\"section\" data-e-type=\"section\">\n\t\t\t\t\t\t<div class=\"elementor-container elementor-column-gap-default\">\n\t\t\t\t\t<div class=\"elementor-column elementor-col-100 elementor-top-column elementor-element elementor-element-e9da02d\" data-id=\"e9da02d\" data-element_type=\"column\" data-e-type=\"column\">\n\t\t\t<div class=\"elementor-widget-wrap elementor-element-populated\">\n\t\t\t\t\t\t<div class=\"elementor-element elementor-element-a21d897 elementor-widget elementor-widget-text-editor\" data-id=\"a21d897\" data-element_type=\"widget\" data-e-type=\"widget\" data-widget_type=\"text-editor.default\">\n\t\t\t\t\t\t\t\t\t<p>Lorem ipsum dolor sit amet, consectetur adipiscing elit. Ut elit tellus, luctus nec ullamcorper mattis, pulvinar dapibus leo.<\/p>\t\t\t\t\t\t\t\t<\/div>\n\t\t\t\t<div class=\"elementor-element elementor-element-68e5f13 elementor-widget elementor-widget-text-editor\" data-id=\"68e5f13\" data-element_type=\"widget\" data-e-type=\"widget\" data-widget_type=\"text-editor.default\">\n\t\t\t\t\t\t\t\t\t<p dir=\"ltr\" style=\"line-height:1.38;margin-top:0pt;margin-bottom:0pt;\"><span style=\"font-size:11pt;font-family:'Open Sans',sans-serif;color:#000000;background-color:transparent;font-weight:700;font-style:normal;font-variant:normal;text-decoration:none;vertical-align:baseline;white-space:pre;white-space:pre-wrap;\">Aplikacja czatu DialogShift i inne us\u0142ugi komunikacyjne na naszej stronie internetowej<\/span><\/p><p><b style=\"font-weight:normal;\" id=\"docs-internal-guid-d162311d-7fff-7e27-bcb2-7490669b6663\"><br><\/b><\/p><p dir=\"ltr\" style=\"line-height:1.38;margin-top:0pt;margin-bottom:0pt;\"><span style=\"font-size:11pt;font-family:'Open Sans',sans-serif;color:#000000;background-color:transparent;font-weight:400;font-style:normal;font-variant:normal;text-decoration:none;vertical-align:baseline;white-space:pre;white-space:pre-wrap;\">Nasza strona internetowa korzysta z us\u0142ug komunikacyjnych DialogShift GmbH, Torstr. 201,<\/span><\/p><p dir=\"ltr\" style=\"line-height:1.38;margin-top:0pt;margin-bottom:0pt;\"><span style=\"font-size:11pt;font-family:'Open Sans',sans-serif;color:#000000;background-color:transparent;font-weight:400;font-style:normal;font-variant:normal;text-decoration:none;vertical-align:baseline;white-space:pre;white-space:pre-wrap;\">10115 Berlin. Obejmuj\u0105 one aplikacj\u0119 czatu, komunikacj\u0119 e-mail i komunikacj\u0119 telefoniczn\u0105. Aplikacje przetwarzaj\u0105 i przechowuj\u0105 dane w celu analizy stron internetowych, obs\u0142ugi us\u0142ug komunikacyjnych i odpowiadania na zapytania.<\/span><\/p><p dir=\"ltr\" style=\"line-height:1.38;margin-top:0pt;margin-bottom:0pt;\"><span style=\"font-size:11pt;font-family:'Open Sans',sans-serif;color:#000000;background-color:transparent;font-weight:400;font-style:normal;font-variant:normal;text-decoration:none;vertical-align:baseline;white-space:pre;white-space:pre-wrap;\">Aby obs\u0142ugiwa\u0107 funkcj\u0119 czatu, zapisywane s\u0105 teksty czatu i ustawiany jest plik cookie z unikalnym identyfikatorem - s\u0142u\u017cy on do rozpoznawania u\u017cytkownika jako klienta. W przypadku komunikacji e-mailowej i telefonicznej tre\u015b\u0107 komunikacji jest r\u00f3wnie\u017c przechowywana tymczasowo w celu zapewnienia sprawnego przetwarzania zapyta\u0144.<\/span><\/p><p dir=\"ltr\" style=\"line-height:1.38;margin-top:0pt;margin-bottom:0pt;\"><span style=\"font-size:11pt;font-family:'Open Sans',sans-serif;color:#000000;background-color:transparent;font-weight:400;font-style:normal;font-variant:normal;text-decoration:none;vertical-align:baseline;white-space:pre;white-space:pre-wrap;\">Plik cookie to niewielki plik tekstowy przechowywany lokalnie w pami\u0119ci podr\u0119cznej urz\u0105dzenia.<\/span><\/p><p dir=\"ltr\" style=\"line-height:1.38;margin-top:0pt;margin-bottom:0pt;\"><span style=\"font-size:11pt;font-family:'Open Sans',sans-serif;color:#000000;background-color:transparent;font-weight:400;font-style:normal;font-variant:normal;text-decoration:none;vertical-align:baseline;white-space:pre;white-space:pre-wrap;\">jest zapisywany. Za pomoc\u0105 tego pliku cookie nasza aplikacja rozpoznaje urz\u0105dzenie i mo\u017ce wywo\u0142ywa\u0107 poprzednie dzienniki czatu. Ten plik cookie jest przechowywany przez 90 dni od ostatniego<\/span><\/p><p dir=\"ltr\" style=\"line-height:1.38;margin-top:0pt;margin-bottom:0pt;\"><span style=\"font-size:11pt;font-family:'Open Sans',sans-serif;color:#000000;background-color:transparent;font-weight:400;font-style:normal;font-variant:normal;text-decoration:none;vertical-align:baseline;white-space:pre;white-space:pre-wrap;\">u\u017cytkowania, przechowywane. U\u017cytkownik mo\u017ce uniemo\u017cliwi\u0107 przechowywanie plik\u00f3w cookie<\/span><\/p><p dir=\"ltr\" style=\"line-height:1.38;margin-top:0pt;margin-bottom:0pt;\"><span style=\"font-size:11pt;font-family:'Open Sans',sans-serif;color:#000000;background-color:transparent;font-weight:400;font-style:normal;font-variant:normal;text-decoration:none;vertical-align:baseline;white-space:pre;white-space:pre-wrap;\">Wy\u0142\u0105cz ustawienia przegl\u0105darki. Jednak bez u\u017cycia plik\u00f3w cookie<\/span><\/p><p dir=\"ltr\" style=\"line-height:1.38;margin-top:0pt;margin-bottom:0pt;\"><span style=\"font-size:11pt;font-family:'Open Sans',sans-serif;color:#000000;background-color:transparent;font-weight:400;font-style:normal;font-variant:normal;text-decoration:none;vertical-align:baseline;white-space:pre;white-space:pre-wrap;\">Nie mo\u017cna wykona\u0107 funkcji czatu.<\/span><\/p><p dir=\"ltr\" style=\"line-height:1.38;margin-top:0pt;margin-bottom:0pt;\"><span style=\"font-size:11pt;font-family:'Open Sans',sans-serif;color:#000000;background-color:transparent;font-weight:400;font-style:normal;font-variant:normal;text-decoration:none;vertical-align:baseline;white-space:pre;white-space:pre-wrap;\">Ewentualne ujawnienie np. imienia i nazwiska, adresu e-mail lub numeru telefonu<\/span><\/p><p dir=\"ltr\" style=\"line-height:1.38;margin-top:0pt;margin-bottom:0pt;\"><span style=\"font-size:11pt;font-family:'Open Sans',sans-serif;color:#000000;background-color:transparent;font-weight:400;font-style:normal;font-variant:normal;text-decoration:none;vertical-align:baseline;white-space:pre;white-space:pre-wrap;\">jest dobrowolne i odbywa si\u0119 za zgod\u0105 na tymczasowe wykorzystanie i przechowywanie tych danych w celu nawi\u0105zania kontaktu do czasu jego zako\u0144czenia. Te dane osobowe zostan\u0105 usuni\u0119te po up\u0142ywie 90 dni. Je\u015bli u\u017cytkownik korzysta z us\u0142ugi Journey Messaging, jego dane kontaktowe mog\u0105 by\u0107 r\u00f3wnie\u017c wykorzystywane do wysy\u0142ania mu informacji zwi\u0105zanych z podr\u00f3\u017c\u0105 (takich jak informacje dotycz\u0105ce odprawy), pod warunkiem, \u017ce u\u017cytkownik wyrazi\u0142 na to zgod\u0119.<\/span><\/p><p dir=\"ltr\" style=\"line-height:1.38;margin-top:0pt;margin-bottom:0pt;\"><span style=\"font-size:11pt;font-family:'Open Sans',sans-serif;color:#000000;background-color:transparent;font-weight:400;font-style:normal;font-variant:normal;text-decoration:none;vertical-align:baseline;white-space:pre;white-space:pre-wrap;\">Podstaw\u0105 prawn\u0105 przetwarzania danych jest art. 6 ust. 1 lit. a RODO, \u00a7 25.<\/span><\/p><p dir=\"ltr\" style=\"line-height:1.38;margin-top:0pt;margin-bottom:0pt;\"><span style=\"font-size:11pt;font-family:'Open Sans',sans-serif;color:#000000;background-color:transparent;font-weight:400;font-style:normal;font-variant:normal;text-decoration:none;vertical-align:baseline;white-space:pre;white-space:pre-wrap;\">ust. 1 TTDSG na podstawie zgody u\u017cytkownika.<\/span><\/p><p dir=\"ltr\" style=\"line-height:1.38;margin-top:0pt;margin-bottom:0pt;\"><span style=\"font-size:11pt;font-family:'Open Sans',sans-serif;color:#000000;background-color:transparent;font-weight:400;font-style:normal;font-variant:normal;text-decoration:none;vertical-align:baseline;white-space:pre;white-space:pre-wrap;\">DialogShift oferuje dalsze informacje na temat gromadzenia i wykorzystywania danych, a tak\u017ce praw i opcji ochrony prywatno\u015bci na stronie https:\/\/www.dialogshift.com\/datenschutz.<\/span><\/p><p><b style=\"font-weight:normal;\"><br><br><br><br><br><\/b><\/p><p dir=\"ltr\" style=\"line-height:1.38;margin-top:0pt;margin-bottom:0pt;\"><span style=\"font-size:11pt;font-family:'Open Sans',sans-serif;color:#222222;background-color:transparent;font-weight:700;font-style:italic;font-variant:normal;text-decoration:none;vertical-align:baseline;white-space:pre;white-space:pre-wrap;\">ENGLISH<\/span><\/p><p><b style=\"font-weight:normal;\"><br><\/b><\/p><p dir=\"ltr\" style=\"line-height:1.38;background-color:#ffffff;margin-top:0pt;margin-bottom:0pt;padding:0pt 0pt 15pt 0pt;\"><span style=\"font-size:12pt;font-family:Roboto,sans-serif;color:#0d0d0d;background-color:transparent;font-weight:700;font-style:normal;font-variant:normal;text-decoration:none;vertical-align:baseline;white-space:pre;white-space:pre-wrap;\">Aplikacja DialogShift Chat i inne us\u0142ugi komunikacyjne na naszej stronie internetowej<\/span><\/p><p dir=\"ltr\" style=\"line-height:1.38;background-color:#ffffff;margin-top:0pt;margin-bottom:0pt;\"><span style=\"font-size:12pt;font-family:Roboto,sans-serif;color:#0d0d0d;background-color:transparent;font-weight:400;font-style:normal;font-variant:normal;text-decoration:none;vertical-align:baseline;white-space:pre;white-space:pre-wrap;\">Nasza strona internetowa korzysta z us\u0142ug komunikacyjnych DialogShift GmbH, Torstr. 201,<\/span><\/p><p dir=\"ltr\" style=\"line-height:1.38;background-color:#ffffff;margin-top:0pt;margin-bottom:0pt;padding:15pt 0pt 0pt 0pt;\"><span style=\"font-size:12pt;font-family:Roboto,sans-serif;color:#0d0d0d;background-color:transparent;font-weight:400;font-style:normal;font-variant:normal;text-decoration:none;vertical-align:baseline;white-space:pre;white-space:pre-wrap;\">10115 Berlin. Obejmuj\u0105 one aplikacj\u0119 czatu, komunikacj\u0119 e-mail i komunikacj\u0119 telefoniczn\u0105. Aplikacje przetwarzaj\u0105 i przechowuj\u0105 dane do cel\u00f3w analityki internetowej, obs\u0142ugi us\u0142ug komunikacyjnych i odpowiadania na zapytania.<\/span><\/p><p dir=\"ltr\" style=\"line-height:1.38;background-color:#ffffff;margin-top:0pt;margin-bottom:0pt;padding:15pt 0pt 0pt 0pt;\"><span style=\"font-size:12pt;font-family:Roboto,sans-serif;color:#0d0d0d;background-color:transparent;font-weight:400;font-style:normal;font-variant:normal;text-decoration:none;vertical-align:baseline;white-space:pre;white-space:pre-wrap;\">W celu obs\u0142ugi funkcji czatu przechowywane s\u0105 teksty czatu i ustawiany jest plik cookie z unikalnym identyfikatorem - s\u0142u\u017cy to do rozpoznania u\u017cytkownika jako klienta. W przypadku komunikacji e-mailowej i telefonicznej tre\u015b\u0107 komunikacji jest r\u00f3wnie\u017c tymczasowo przechowywana w celu zapewnienia sprawnego przetwarzania \u017c\u0105da\u0144 u\u017cytkownika.<\/span><\/p><p dir=\"ltr\" style=\"line-height:1.38;background-color:#ffffff;margin-top:0pt;margin-bottom:0pt;padding:15pt 0pt 0pt 0pt;\"><span style=\"font-size:12pt;font-family:Roboto,sans-serif;color:#0d0d0d;background-color:transparent;font-weight:400;font-style:normal;font-variant:normal;text-decoration:none;vertical-align:baseline;white-space:pre;white-space:pre-wrap;\">Plik cookie to ma\u0142y plik tekstowy przechowywany lokalnie w pami\u0119ci podr\u0119cznej urz\u0105dzenia. Korzystaj\u0105c z tego pliku cookie, nasza aplikacja ponownie rozpoznaje urz\u0105dzenie i mo\u017ce pobra\u0107 poprzednie protoko\u0142y czatu. Ten plik cookie jest przechowywany przez 90 dni od ostatniego u\u017cycia. Przechowywanie plik\u00f3w cookie mo\u017cna wy\u0142\u0105czy\u0107 w ustawieniach przegl\u0105darki. Funkcja czatu nie mo\u017ce by\u0107 jednak wykonywana bez u\u017cycia plik\u00f3w cookie.<\/span><\/p><p dir=\"ltr\" style=\"line-height:1.38;background-color:#ffffff;margin-top:0pt;margin-bottom:0pt;padding:15pt 0pt 0pt 0pt;\"><span style=\"font-size:12pt;font-family:Roboto,sans-serif;color:#0d0d0d;background-color:transparent;font-weight:400;font-style:normal;font-variant:normal;text-decoration:none;vertical-align:baseline;white-space:pre;white-space:pre-wrap;\">Ewentualne ujawnienie np. imienia i nazwiska, adresu e-mail lub numeru telefonu jest dobrowolne i obejmuje zgod\u0119 na tymczasowe wykorzystanie i przechowywanie tych danych w celu kontaktu do czasu zako\u0144czenia kontaktu. Te dane osobowe zostan\u0105 usuni\u0119te po 90 dniach. Podczas korzystania z us\u0142ugi Journey Messaging dane kontaktowe u\u017cytkownika mog\u0105 by\u0107 r\u00f3wnie\u017c wykorzystywane do przesy\u0142ania informacji zwi\u0105zanych z podr\u00f3\u017c\u0105 (takich jak informacje dotycz\u0105ce odprawy), je\u015bli u\u017cytkownik wyrazi\u0142 na to zgod\u0119.<\/span><\/p><p dir=\"ltr\" style=\"line-height:1.38;background-color:#ffffff;margin-top:0pt;margin-bottom:0pt;padding:15pt 0pt 0pt 0pt;\"><span style=\"font-size:12pt;font-family:Roboto,sans-serif;color:#0d0d0d;background-color:transparent;font-weight:400;font-style:normal;font-variant:normal;text-decoration:none;vertical-align:baseline;white-space:pre;white-space:pre-wrap;\">Podstaw\u0105 prawn\u0105 przetwarzania danych jest art. 6 ust. 1 lit. a RODO, \u00a7 25.<\/span><\/p><p dir=\"ltr\" style=\"line-height:1.38;background-color:#ffffff;margin-top:0pt;margin-bottom:0pt;padding:15pt 0pt 0pt 0pt;\"><span style=\"font-size:12pt;font-family:Roboto,sans-serif;color:#0d0d0d;background-color:transparent;font-weight:400;font-style:normal;font-variant:normal;text-decoration:none;vertical-align:baseline;white-space:pre;white-space:pre-wrap;\">ust. 1 TTDSG na podstawie zgody u\u017cytkownika.<\/span><\/p><p dir=\"ltr\" style=\"line-height:1.38;background-color:#ffffff;margin-top:0pt;margin-bottom:0pt;padding:15pt 0pt 0pt 0pt;\"><span style=\"font-size:12pt;font-family:Roboto,sans-serif;color:#0d0d0d;background-color:transparent;font-weight:400;font-style:normal;font-variant:normal;text-decoration:none;vertical-align:baseline;white-space:pre;white-space:pre-wrap;\">DialogShift zapewnia dalsze informacje na temat gromadzenia i wykorzystywania danych, a tak\u017ce praw i opcji ochrony prywatno\u015bci u\u017cytkownika na stronie https:\/\/www.dialogshift.com\/privacy.<\/span><\/p><p><\/p><p dir=\"ltr\" style=\"line-height:1.38;background-color:#ffffff;margin-top:0pt;margin-bottom:0pt;padding:15pt 0pt 0pt 0pt;\"><br><\/p>\t\t\t\t\t\t\t\t<\/div>\n\t\t\t\t\t<\/div>\n\t\t<\/div>\n\t\t\t\t\t<\/div>\n\t\t<\/section>\n\t\t\t\t<\/div>","protected":false},"excerpt":{"rendered":"<p>Lorem ipsum dolor sit amet, consectetur adipiscing elit. Ut elit tellus, luctus nec ullamcorper mattis, pulvinar dapibus leo. Aplikacja czatu DialogShift i inne us\u0142ugi komunikacyjne na naszej stronie internetowej Nasza strona internetowa korzysta z us\u0142ug komunikacyjnych DialogShift GmbH, Torstr. 201, 10115 Berlin. Obejmuj\u0105 one aplikacj\u0119 czatu, komunikacj\u0119 e-mail i komunikacj\u0119 telefoniczn\u0105. Aplikacje te przetwarzaj\u0105 i przechowuj\u0105 dane w celu... <\/p>\n<div class=\"clear\"><\/div>\n<p><a href=\"https:\/\/das-kittchen.de\/pl\/datenschutz\/\" class=\"excerpt-read-more\">Continue Reading<i class=\"fa fa-long-arrow-right icon-long-arrow-right\"><\/i><\/a><\/p>","protected":false},"author":1,"featured_media":0,"parent":0,"menu_order":0,"comment_status":"closed","ping_status":"closed","template":"","meta":{"footnotes":""},"class_list":["post-7061","page","type-page","status-publish","hentry"],"_links":{"self":[{"href":"https:\/\/das-kittchen.de\/pl\/wp-json\/wp\/v2\/pages\/7061","targetHints":{"allow":["GET"]}}],"collection":[{"href":"https:\/\/das-kittchen.de\/pl\/wp-json\/wp\/v2\/pages"}],"about":[{"href":"https:\/\/das-kittchen.de\/pl\/wp-json\/wp\/v2\/types\/page"}],"author":[{"embeddable":true,"href":"https:\/\/das-kittchen.de\/pl\/wp-json\/wp\/v2\/users\/1"}],"replies":[{"embeddable":true,"href":"https:\/\/das-kittchen.de\/pl\/wp-json\/wp\/v2\/comments?post=7061"}],"version-history":[{"count":5,"href":"https:\/\/das-kittchen.de\/pl\/wp-json\/wp\/v2\/pages\/7061\/revisions"}],"predecessor-version":[{"id":7066,"href":"https:\/\/das-kittchen.de\/pl\/wp-json\/wp\/v2\/pages\/7061\/revisions\/7066"}],"wp:attachment":[{"href":"https:\/\/das-kittchen.de\/pl\/wp-json\/wp\/v2\/media?parent=7061"}],"curies":[{"name":"wp","href":"https:\/\/api.w.org\/{rel}","templated":true}]}}