{"id":3720,"date":"2015-03-31T10:26:01","date_gmt":"2015-03-31T10:26:01","guid":{"rendered":"http:\/\/themes.goodlayers2.com\/hotelmaster\/?page_id=3720"},"modified":"2025-01-26T13:10:12","modified_gmt":"2025-01-26T12:10:12","slug":"homepage","status":"publish","type":"page","link":"https:\/\/das-kittchen.de\/sv\/","title":{"rendered":"Hotell Das Kittchen"},"content":{"rendered":"<div data-elementor-type=\"wp-post\" data-elementor-id=\"3720\" class=\"elementor elementor-3720\" data-elementor-post-type=\"page\">\n\t\t\t\t\t\t<section class=\"elementor-section elementor-top-section elementor-element elementor-element-e2e5bbe elementor-section-boxed elementor-section-height-default elementor-section-height-default\" data-id=\"e2e5bbe\" data-element_type=\"section\" data-e-type=\"section\">\n\t\t\t\t\t\t<div class=\"elementor-container elementor-column-gap-default\">\n\t\t\t\t\t<div class=\"elementor-column elementor-col-100 elementor-top-column elementor-element elementor-element-c09fbaa\" data-id=\"c09fbaa\" data-element_type=\"column\" data-e-type=\"column\">\n\t\t\t<div class=\"elementor-widget-wrap elementor-element-populated\">\n\t\t\t\t\t\t<div class=\"elementor-element elementor-element-a4570a4 elementor-widget elementor-widget-heading\" data-id=\"a4570a4\" data-element_type=\"widget\" data-e-type=\"widget\" data-widget_type=\"heading.default\">\n\t\t\t\t\t<h1 class=\"elementor-heading-title elementor-size-default\">V\u00e4lkommen till Hotel Das Kittchen<\/h1>\t\t\t\t<\/div>\n\t\t\t\t<div class=\"elementor-element elementor-element-eb9b97f elementor-widget elementor-widget-text-editor\" data-id=\"eb9b97f\" data-element_type=\"widget\" data-e-type=\"widget\" data-widget_type=\"text-editor.default\">\n\t\t\t\t\t\t\t\t\t<p>The Kittchen h\u00e4lsar sina g\u00e4ster varmt v\u00e4lkomna och bjuder in dem till en <b><strong class=\"LexicalTheme_textBold__X7MSy\">\u00d6vernattning i Wismar<\/strong><\/b>\u00a0av ett annorlunda slag. Uppt\u00e4ck historien om byggnaden, som senast anv\u00e4ndes som ungdomsf\u00e4ngelse och \u00e4r en kulturminnesm\u00e4rkt byggnad, i v\u00e5ra moderna rum. V\u00e5r individuella atmosf\u00e4r g\u00f6r oss till ett <b><strong class=\"LexicalTheme_textBold__X7MSy\">billigt hotell i Wismar<\/strong><\/b> med charm.<\/p><p>Mitt i den historiska stadsk\u00e4rnan i Wismar kan du uppleva v\u00e5r vackra stad p\u00e5 ett unikt s\u00e4tt.\u00a0<\/p>\t\t\t\t\t\t\t\t<\/div>\n\t\t\t\t<div class=\"elementor-element elementor-element-8457a20 elementor-widget elementor-widget-text-editor\" data-id=\"8457a20\" data-element_type=\"widget\" data-e-type=\"widget\" data-widget_type=\"text-editor.default\">\n\t\t\t\t\t\t\t\t\t<p><strong>V\u00e5ra \u00f6ppettider i receptionen:<\/strong><\/p><p>M\u00e5ndag till s\u00f6ndag fr\u00e5n 8:00 till 16:00<\/p><p>\u00a0<\/p>\t\t\t\t\t\t\t\t<\/div>\n\t\t\t\t<div class=\"elementor-element elementor-element-03340da elementor-widget elementor-widget-image-gallery\" data-id=\"03340da\" data-element_type=\"widget\" data-e-type=\"widget\" data-widget_type=\"image-gallery.default\">\n\t\t\t\t\t\t\t<div class=\"elementor-image-gallery\">\n\t\t\t<div class=\"gdlr-shortcode-wrapper\"><div class=\"gdlr-gallery-item gdlr-item\" ><div class=\"gallery-column three columns\"><div class=\"gallery-item\"><img fetchpriority=\"high\" decoding=\"async\" src=\"http:\/\/das-kittchen.de\/wp-content\/uploads\/2024\/08\/20240701_223416-440x550.jpg\" alt=\"_Hotel_Wismar_Kittchen\" width=\"440\" height=\"550\" title=\"\"><span class=\"gallery-caption\">P\u00e5 utsidan av l\u00e5dan<\/span><\/div><\/div><div class=\"gallery-column three columns\"><div class=\"gallery-item\"><img decoding=\"async\" src=\"http:\/\/das-kittchen.de\/wp-content\/uploads\/2024\/08\/d9287e75464d132b24fde7b04d956c08_-1_1717325660110-440x550.jpg\" alt=\"_Hotel_Wismar_Kittchen\" width=\"440\" height=\"550\" title=\"\"><span class=\"gallery-caption\">The Kittchen Cafe<\/span><\/div><\/div><div class=\"gallery-column three columns\"><div class=\"gallery-item\"><img decoding=\"async\" src=\"http:\/\/das-kittchen.de\/wp-content\/uploads\/2024\/06\/DSC5364-440x550.jpg\" alt=\"_Hotel_Wismar_Kittchen\" width=\"440\" height=\"550\" title=\"\"><span class=\"gallery-caption\">Kittchenporten<\/span><\/div><\/div><div class=\"gallery-column three columns\"><div class=\"gallery-item\"><img loading=\"lazy\" decoding=\"async\" src=\"http:\/\/das-kittchen.de\/wp-content\/uploads\/2024\/06\/c5da98bc7e5bb5caa6259ab35494f5b9_-1_1717325549543-2-440x550.jpg\" alt=\"_Hotel_Wismar_Kittchen\" width=\"440\" height=\"550\" title=\"\"><span class=\"gallery-caption\">V\u00e5ningss\u00e4ngen Kittchen<\/span><\/div><\/div><div class=\"clear\"><\/div><div class=\"gallery-column three columns\"><div class=\"gallery-item\"><img loading=\"lazy\" decoding=\"async\" src=\"http:\/\/das-kittchen.de\/wp-content\/uploads\/2024\/06\/e7841e21e960bb06d303560485ab6dee_-1_1717325406858-440x550.jpg\" alt=\"_Hotel_Wismar_Kittchen\" width=\"440\" height=\"550\" title=\"\"><span class=\"gallery-caption\">The Kittchen dubbels\u00e4ng<\/span><\/div><\/div><div class=\"gallery-column three columns\"><div class=\"gallery-item\"><img loading=\"lazy\" decoding=\"async\" src=\"http:\/\/das-kittchen.de\/wp-content\/uploads\/2024\/06\/e5d63858a278c16808117398f2a1105d_-1_1717325622143-440x550.jpg\" alt=\"_Hotel_Wismar_Kittchen\" width=\"440\" height=\"550\" title=\"\"><span class=\"gallery-caption\">Hotel Wismar Das Kittchen flerb\u00e4ddsrum<\/span><\/div><\/div><div class=\"gallery-column three columns\"><div class=\"gallery-item\"><img loading=\"lazy\" decoding=\"async\" src=\"http:\/\/das-kittchen.de\/wp-content\/uploads\/2024\/06\/6c8566acadb9a90b0d8b4dd1214e2d08_-1_1717325707100-440x550.jpg\" alt=\"_Hotel_Wismar_Kittchen\" width=\"440\" height=\"550\" title=\"\"><span class=\"gallery-caption\">Kittchens foaj\u00e9<\/span><\/div><\/div><div class=\"gallery-column three columns\"><div class=\"gallery-item\"><img loading=\"lazy\" decoding=\"async\" src=\"http:\/\/das-kittchen.de\/wp-content\/uploads\/2024\/06\/6414830b4c5e68138d25e0a16026a4e4_-1_1717325215853-440x550.jpg\" alt=\"_Hotel_Wismar_Kittchen\" width=\"440\" height=\"550\" title=\"\"><span class=\"gallery-caption\">Cell med 4 b\u00e4ddar<\/span><\/div><\/div><div class=\"clear\"><\/div><\/div><\/div>\t\t<\/div>\n\t\t\t\t\t\t<\/div>\n\t\t\t\t<div class=\"elementor-element elementor-element-6269a34 elementor-widget elementor-widget-text-editor\" data-id=\"6269a34\" data-element_type=\"widget\" data-e-type=\"widget\" data-widget_type=\"text-editor.default\">\n\t\t\t\t\t\t\t\t\t<h4 dir=\"ltr\" style=\"text-align: center;\"><span style=\"color: #000080;\"><span style=\"white-space-collapse: preserve;\">Historiskt hotell<\/span><span style=\"white-space-collapse: preserve;\"> i ett centralt l\u00e4ge<\/span><\/span><\/h4><p dir=\"ltr\" style=\"text-align: center;\"><span style=\"white-space-collapse: preserve;\">Mitt i den historiska stadsk\u00e4rnan i Wismar kan du uppleva v\u00e5r vackra stad p\u00e5 ett unikt s\u00e4tt. V\u00e5ra <\/span><b><strong style=\"white-space-collapse: preserve;\">Hotell i Wismar<\/strong><\/b><span style=\"white-space-collapse: preserve;\"> erbjuder dig den perfekta utg\u00e5ngspunkten f\u00f6r att uppt\u00e4cka de kulturella och arkitektoniska skatterna i det omgivande omr\u00e5det.<\/span><\/p><h3 dir=\"ltr\" style=\"text-align: center;\"><span style=\"color: #000080;\"><span style=\"white-space-collapse: preserve;\">Flexibel <\/span><span style=\"white-space-collapse: preserve;\">Bokning av hotell<\/span><span style=\"white-space-collapse: preserve;\"> och modern komfort<\/span><\/span><\/h3><p dir=\"ltr\" style=\"text-align: center;\"><span style=\"white-space-collapse: preserve;\">F\u00f6r v\u00e5ra g\u00e4ster erbjuder vi en bekv\u00e4m och <\/span><a href=\"https:\/\/das-kittchen.de\/sv\/unsere-zellen\/\"><b><strong style=\"white-space-collapse: preserve;\">Bokning av hotell<\/strong><\/b><\/a><span style=\"white-space-collapse: preserve;\"> online och m\u00e5nga moderna bekv\u00e4mligheter. <\/span><\/p><p dir=\"ltr\" style=\"text-align: center;\"><span style=\"white-space-collapse: preserve;\">V\u00e5r mobila incheckning \u00e4r tillg\u00e4nglig fr\u00e5n kl. 15.00. Denna innovation ger mer flexibilitet under din vistelse.<\/span><\/p>\t\t\t\t\t\t\t\t<\/div>\n\t\t\t\t<section class=\"elementor-section elementor-inner-section elementor-element elementor-element-f021969 elementor-section-boxed elementor-section-height-default elementor-section-height-default\" data-id=\"f021969\" data-element_type=\"section\" data-e-type=\"section\" data-settings=\"{&quot;shape_divider_top&quot;:&quot;waves&quot;}\">\n\t\t\t\t\t<div class=\"elementor-shape elementor-shape-top\" aria-hidden=\"true\" data-negative=\"false\">\n\t\t\t<svg xmlns=\"http:\/\/www.w3.org\/2000\/svg\" viewbox=\"0 0 1000 100\" preserveaspectratio=\"none\">\n\t<path class=\"elementor-shape-fill\" d=\"M421.9,6.5c22.6-2.5,51.5,0.4,75.5,5.3c23.6,4.9,70.9,23.5,100.5,35.7c75.8,32.2,133.7,44.5,192.6,49.7\tc23.6,2.1,48.7,3.5,103.4-2.5c54.7-6,106.2-25.6,106.2-25.6V0H0v30.3c0,0,72,32.6,158.4,30.5c39.2-0.7,92.8-6.7,134-22.4\tc21.2-8.1,52.2-18.2,79.7-24.2C399.3,7.9,411.6,7.5,421.9,6.5z\"\/>\n<\/svg>\t\t<\/div>\n\t\t\t\t\t<div class=\"elementor-container elementor-column-gap-default\">\n\t\t\t\t\t<div class=\"elementor-column elementor-col-50 elementor-inner-column elementor-element elementor-element-22c7be4\" data-id=\"22c7be4\" data-element_type=\"column\" data-e-type=\"column\">\n\t\t\t<div class=\"elementor-widget-wrap elementor-element-populated\">\n\t\t\t\t\t\t<div class=\"elementor-element elementor-element-7279644 elementor-widget elementor-widget-image\" data-id=\"7279644\" data-element_type=\"widget\" data-e-type=\"widget\" data-widget_type=\"image.default\">\n\t\t\t\t\t\t\t\t\t\t\t\t\t\t\t<img loading=\"lazy\" decoding=\"async\" width=\"750\" height=\"770\" src=\"http:\/\/das-kittchen.de\/wp-content\/uploads\/2024\/08\/Kittchen_Hotel_EIntritt-750x770.png\" class=\"attachment-large-square size-large-square wp-image-5638\" alt=\"Hotel Wismar Das Kittchen Check In\" title=\"\">\t\t\t\t\t\t\t\t\t\t\t\t\t\t\t<\/div>\n\t\t\t\t\t<\/div>\n\t\t<\/div>\n\t\t\t\t<div class=\"elementor-column elementor-col-50 elementor-inner-column elementor-element elementor-element-6cdfbef\" data-id=\"6cdfbef\" data-element_type=\"column\" data-e-type=\"column\">\n\t\t\t<div class=\"elementor-widget-wrap elementor-element-populated\">\n\t\t\t\t\t\t<div class=\"elementor-element elementor-element-da42974 elementor-widget elementor-widget-heading\" data-id=\"da42974\" data-element_type=\"widget\" data-e-type=\"widget\" data-widget_type=\"heading.default\">\n\t\t\t\t\t<h2 class=\"elementor-heading-title elementor-size-default\">Mobil incheckning f\u00f6r mer flexibilitet!<\/h2>\t\t\t\t<\/div>\n\t\t\t\t<div class=\"elementor-element elementor-element-949a38a elementor-widget__width-initial elementor-widget elementor-widget-text-editor\" data-id=\"949a38a\" data-element_type=\"widget\" data-e-type=\"widget\" data-widget_type=\"text-editor.default\">\n\t\t\t\t\t\t\t\t\t<p>\u00a0<\/p><p>F\u00f6rutom v\u00e5ra incheckningsautomater har du ocks\u00e5 m\u00f6jlighet att checka in p\u00e5 egen hand via v\u00e5r concierge-app och \u00f6ppna d\u00f6rrarna med din smartphone.\u00a0<\/p><p>Checka in n\u00e4r du \u00e4r p\u00e5 resande fot och slipp den l\u00e5nga incheckningstiden p\u00e5 plats.\u00a0<\/p><h5>Viktigt att t\u00e4nka p\u00e5! Incheckning \u00e4r endast m\u00f6jlig fr\u00e5n kl. 15.00!<\/h5>\t\t\t\t\t\t\t\t<\/div>\n\t\t\t\t<div class=\"elementor-element elementor-element-3132548 elementor-widget elementor-widget-image\" data-id=\"3132548\" data-element_type=\"widget\" data-e-type=\"widget\" data-widget_type=\"image.default\">\n\t\t\t\t\t\t\t\t\t\t\t\t\t\t\t\t<a href=\"https:\/\/play.google.com\/store\/apps\/details?id=com.hotelfriend\" target=\"_blank\" rel=\"noopener\">\n\t\t\t\t\t\t\t<img loading=\"lazy\" decoding=\"async\" width=\"270\" height=\"80\" src=\"http:\/\/das-kittchen.de\/wp-content\/uploads\/2024\/08\/GetItOnGooglePlay_Badge_Web_color_German.png\" class=\"attachment-small-grid-size-2 size-small-grid-size-2 wp-image-5621\" alt=\"_Hotel_Wismar_Kittchen\" title=\"\">\t\t\t\t\t\t\t\t<\/a>\n\t\t\t\t\t\t\t\t\t\t\t\t\t\t\t<\/div>\n\t\t\t\t<div class=\"elementor-element elementor-element-60dbc82 elementor-widget elementor-widget-image\" data-id=\"60dbc82\" data-element_type=\"widget\" data-e-type=\"widget\" data-widget_type=\"image.default\">\n\t\t\t\t\t\t\t\t\t\t\t\t\t\t\t\t<a href=\"https:\/\/apps.apple.com\/us\/app\/hotelfriend-hotelservice-app\/id6444267543?platform=iphone\" target=\"_blank\" rel=\"noopener\">\n\t\t\t\t\t\t\t<img loading=\"lazy\" decoding=\"async\" width=\"1126\" height=\"377\" src=\"http:\/\/das-kittchen.de\/wp-content\/uploads\/2024\/08\/Download_on_the_App_Store_Badge_DE_blk_092917-1.png\" class=\"attachment-1536x1536 size-1536x1536 wp-image-5627\" alt=\"_Hotel_Wismar_Kittchen\" srcset=\"http:\/\/das-kittchen.de\/wp-content\/uploads\/2024\/08\/Download_on_the_App_Store_Badge_DE_blk_092917-1.png 1126w, http:\/\/das-kittchen.de\/wp-content\/uploads\/2024\/08\/Download_on_the_App_Store_Badge_DE_blk_092917-1-300x100.png 300w, http:\/\/das-kittchen.de\/wp-content\/uploads\/2024\/08\/Download_on_the_App_Store_Badge_DE_blk_092917-1-1024x343.png 1024w, http:\/\/das-kittchen.de\/wp-content\/uploads\/2024\/08\/Download_on_the_App_Store_Badge_DE_blk_092917-1-768x257.png 768w\" sizes=\"(max-width: 1126px) 100vw, 1126px\" title=\"\">\t\t\t\t\t\t\t\t<\/a>\n\t\t\t\t\t\t\t\t\t\t\t\t\t\t\t<\/div>\n\t\t\t\t\t<\/div>\n\t\t<\/div>\n\t\t\t\t\t<\/div>\n\t\t<\/section>\n\t\t\t\t<div class=\"elementor-element elementor-element-ddc9d61 elementor-widget elementor-widget-html\" data-id=\"ddc9d61\" data-element_type=\"widget\" data-e-type=\"widget\" data-widget_type=\"html.default\">\n\t\t\t\t\t<script src=\"https:\/\/api.hotelfriend.com\/js\/bb-installer.js\"><\/script>\n<div id=\"calendar-widget\"><\/div> <script> !function(e){var t=\"onload\"in new XMLHttpRequest?XMLHttpRequest:XDomainRequest;xmlhttp=new t,xmlhttp.onreadystatechange=function(){if(4===xmlhttp.readyState&&200===xmlhttp.status){document.getElementById(\"calendar-widget\").innerHTML=xmlhttp.responseText;document.getElementById(\"calendar-widget\").getElementsByTagName(\"script\");var e=document.querySelector(\"#calendar-widget\");BBinstaller.runScripts(e)}},xmlhttp.open(\"GET\",\"https:\/\/api.hotelfriend.com\/public\/calendar-widget\/?widget=calendar-widget_1&language=de&bgc=ffffff&pc=26ADE4&bc=ff943e&hotel_url=id-bba49f5bae62551d5b428fdd322484e44e38115e \"),xmlhttp.send()}() <\/script>\t\t\t\t<\/div>\n\t\t\t\t\t<\/div>\n\t\t<\/div>\n\t\t\t\t\t<\/div>\n\t\t<\/section>\n\t\t\t\t<section class=\"elementor-section elementor-top-section elementor-element elementor-element-b0a3419 elementor-section-boxed elementor-section-height-default elementor-section-height-default\" data-id=\"b0a3419\" data-element_type=\"section\" data-e-type=\"section\">\n\t\t\t\t\t\t<div class=\"elementor-container elementor-column-gap-default\">\n\t\t\t\t\t<div class=\"elementor-column elementor-col-50 elementor-top-column elementor-element elementor-element-a94357a\" data-id=\"a94357a\" data-element_type=\"column\" data-e-type=\"column\" data-settings=\"{&quot;background_background&quot;:&quot;classic&quot;}\">\n\t\t\t<div class=\"elementor-widget-wrap elementor-element-populated\">\n\t\t\t\t\t\t<div class=\"elementor-element elementor-element-548ea62 elementor-widget elementor-widget-text-editor\" data-id=\"548ea62\" data-element_type=\"widget\" data-e-type=\"widget\" data-widget_type=\"text-editor.default\">\n\t\t\t\t\t\t\t\t\t<h3><span style=\"color: #d49d9d;\"><strong>Kitt<\/strong><\/span><\/h3><p>Kellerstr. 1<br \/>23966 Wismar<\/p><p>Telefon: +493841 326 78 66<br \/>E-post: info@das-kittchen.de<\/p>\t\t\t\t\t\t\t\t<\/div>\n\t\t\t\t\t<\/div>\n\t\t<\/div>\n\t\t\t\t<div class=\"elementor-column elementor-col-50 elementor-top-column elementor-element elementor-element-8a399f2\" data-id=\"8a399f2\" data-element_type=\"column\" data-e-type=\"column\" data-settings=\"{&quot;background_background&quot;:&quot;classic&quot;}\">\n\t\t\t<div class=\"elementor-widget-wrap elementor-element-populated\">\n\t\t\t\t\t\t<div class=\"elementor-element elementor-element-75cd067 elementor-widget elementor-widget-google_maps\" data-id=\"75cd067\" data-element_type=\"widget\" data-e-type=\"widget\" data-widget_type=\"google_maps.default\">\n\t\t\t\t\t\t\t<div class=\"elementor-custom-embed\">\n\t\t\t<iframe loading=\"lazy\"\n\t\t\t\t\tsrc=\"https:\/\/maps.google.com\/maps?q=Das%20Kittchen%2C%20Kellerstr.1%2C%2023966%20Wismar&#038;t=m&#038;z=14&#038;output=embed&#038;iwloc=near\"\n\t\t\t\t\ttitle=\"Das Kittchen, Kellerstr.1, 23966 Wismar\"\n\t\t\t\t\taria-label=\"Das Kittchen, Kellerstr.1, 23966 Wismar\"\n\t\t\t><\/iframe>\n\t\t<\/div>\n\t\t\t\t\t\t<\/div>\n\t\t\t\t\t<\/div>\n\t\t<\/div>\n\t\t\t\t\t<\/div>\n\t\t<\/section>\n\t\t\t\t<section class=\"elementor-section elementor-top-section elementor-element elementor-element-378e41a elementor-section-boxed elementor-section-height-default elementor-section-height-default\" data-id=\"378e41a\" data-element_type=\"section\" data-e-type=\"section\">\n\t\t\t\t\t\t<div class=\"elementor-container elementor-column-gap-default\">\n\t\t\t\t\t<div class=\"elementor-column elementor-col-100 elementor-top-column elementor-element elementor-element-398e94f\" data-id=\"398e94f\" data-element_type=\"column\" data-e-type=\"column\">\n\t\t\t<div class=\"elementor-widget-wrap\">\n\t\t\t\t\t\t\t<\/div>\n\t\t<\/div>\n\t\t\t\t\t<\/div>\n\t\t<\/section>\n\t\t\t\t<section class=\"elementor-section elementor-top-section elementor-element elementor-element-393109d elementor-section-boxed elementor-section-height-default elementor-section-height-default\" data-id=\"393109d\" data-element_type=\"section\" data-e-type=\"section\">\n\t\t\t\t\t\t<div class=\"elementor-container elementor-column-gap-default\">\n\t\t\t\t\t<div class=\"elementor-column elementor-col-100 elementor-top-column elementor-element elementor-element-24ce0c9\" data-id=\"24ce0c9\" data-element_type=\"column\" data-e-type=\"column\">\n\t\t\t<div class=\"elementor-widget-wrap elementor-element-populated\">\n\t\t\t\t\t\t<div class=\"elementor-element elementor-element-8325ad0 elementor-widget elementor-widget-heading\" data-id=\"8325ad0\" data-element_type=\"widget\" data-e-type=\"widget\" data-widget_type=\"heading.default\">\n\t\t\t\t\t<h3 class=\"elementor-heading-title elementor-size-default\">Vi \u00e4r Das Kittchen - Hotellet i Wismar<\/h3>\t\t\t\t<\/div>\n\t\t\t\t<div class=\"elementor-element elementor-element-95a1472 elementor-widget elementor-widget-text-editor\" data-id=\"95a1472\" data-element_type=\"widget\" data-e-type=\"widget\" data-widget_type=\"text-editor.default\">\n\t\t\t\t\t\t\t\t\t<p>V\u00e5rt hotell i Wismar erbjuder dig ett perfekt l\u00e4ge i stadens centrum till ett \u00f6verkomligt pris f\u00f6r din n\u00e4sta \u00f6vernattning i Wismar. V\u00e5ra rum har moderna faciliteter utformade f\u00f6r att f\u00e5 v\u00e5ra g\u00e4ster att k\u00e4nna sig som hemma. V\u00e5ra olika rumskategorier erbjuder r\u00e4tt rum f\u00f6r varje smak. Fr\u00e5n v\u00e5ningss\u00e4ngscellen, som vi \u00e4ven s\u00e4ljer som enkelcell, till familjecellen och 8-b\u00e4ddscellen finns det plats f\u00f6r alla.\u00a0<\/p><h3>Exceptionell hotellvistelse<\/h3><p>Tr\u00e4ffa dina \"medf\u00e5ngar\" p\u00e5 kv\u00e4llen i v\u00e5r foaj\u00e9 eller v\u00e5rt caf\u00e9 och tillbringa v\u00e4rdefull tid tillsammans. Utnyttja v\u00e5r minimarknad och k\u00f6p snacks, k\u00f6ksredskap eller drycker.<\/p><h3>Utforska staden!<\/h3><p>Med v\u00e5rt l\u00e4ge direkt i centrum har du korta avst\u00e5nd. Marknaden ligger bara ett stenkast fr\u00e5n hotellet och hamnen ligger bara n\u00e5gra minuters promenad bort.\u00a0<\/p><p>Hitta ditt hotell i Wismar med en exceptionell, mysig atmosf\u00e4r och l\u00e4r k\u00e4nna v\u00e5r underbara stad b\u00e4ttre.<\/p><p>Upplev oss! Vi ser fram emot ditt bes\u00f6k p\u00e5 Kittchen. Det centrala hotellet i Wismar.<\/p><h3>Hotel Wismar's v\u00e4ntar p\u00e5 dig!<\/h3><div>\u00a0<\/div><div>Din semestertid \u00e4r begr\u00e4nsad och d\u00e4rf\u00f6r f\u00f6rs\u00f6ker vi tillgodose dig p\u00e5 v\u00e5rt hotell p\u00e5 b\u00e4sta m\u00f6jliga s\u00e4tt.<br \/>Reser du med cykel? V\u00e5r rymliga innerg\u00e5rd v\u00e4ntar redan p\u00e5 din cykel. H\u00e4r kan du parkera den p\u00e5 ett s\u00e4kert s\u00e4tt.\u00a0<br \/>V\u00e5r hotellg\u00e5rd \u00e4r l\u00e5st varje kv\u00e4ll.\u00a0<\/div><div>\u00a0<\/div><h3>Din incheckning p\u00e5 v\u00e5rt hotell \u00e4r s\u00e5 enkel och smidig!<\/h3><div>Du har flera alternativ f\u00f6r att checka in p\u00e5 v\u00e5rt boende.<\/div><p>1:a personliga incheckningen, fr\u00e5n kl. 15.00 till ca kl. 17.00<br \/>2. I incheckningsautomater anv\u00e4nder du din 6-siffriga bokningskod som best\u00e5r av siffror och bokst\u00e4ver. F\u00f6lj instruktionerna p\u00e5 maskinen<br \/>3. Mobil incheckning, anv\u00e4nd din mobiltelefon, betala innan du anl\u00e4nder och \u00f6ppna v\u00e5ra hotelld\u00f6rrar direkt med din smartphone utan att anv\u00e4nda ett kort.<\/p>\t\t\t\t\t\t\t\t<\/div>\n\t\t\t\t\t<\/div>\n\t\t<\/div>\n\t\t\t\t\t<\/div>\n\t\t<\/section>\n\t\t\t\t<\/div>","protected":false},"excerpt":{"rendered":"<p>V\u00e4lkommen till Hotel Das Kittchen Das Kittchen h\u00e4lsar sina g\u00e4ster varmt v\u00e4lkomna och bjuder in dig till en annorlunda \u00f6vernattning i Wismar. V\u00e5ra moderna rum \u00e5terspeglar byggnadens historia, som senast anv\u00e4ndes som ett ungdomsf\u00e4ngelse och \u00e4r en kulturminnesm\u00e4rkt byggnad. V\u00e5r individuella atmosf\u00e4r g\u00f6r oss till ett prisv\u00e4rt hotell i Wismar med... <\/p>\n<div class=\"clear\"><\/div>\n<p><a href=\"https:\/\/das-kittchen.de\/sv\/\" class=\"excerpt-read-more\">Forts\u00e4tta l\u00e4sa<i class=\"fa fa-long-arrow-right icon-long-arrow-right\"><\/i><\/a><\/p>","protected":false},"author":1,"featured_media":0,"parent":0,"menu_order":0,"comment_status":"closed","ping_status":"open","template":"","meta":{"footnotes":""},"class_list":["post-3720","page","type-page","status-publish","hentry"],"_links":{"self":[{"href":"https:\/\/das-kittchen.de\/sv\/wp-json\/wp\/v2\/pages\/3720","targetHints":{"allow":["GET"]}}],"collection":[{"href":"https:\/\/das-kittchen.de\/sv\/wp-json\/wp\/v2\/pages"}],"about":[{"href":"https:\/\/das-kittchen.de\/sv\/wp-json\/wp\/v2\/types\/page"}],"author":[{"embeddable":true,"href":"https:\/\/das-kittchen.de\/sv\/wp-json\/wp\/v2\/users\/1"}],"replies":[{"embeddable":true,"href":"https:\/\/das-kittchen.de\/sv\/wp-json\/wp\/v2\/comments?post=3720"}],"version-history":[{"count":10,"href":"https:\/\/das-kittchen.de\/sv\/wp-json\/wp\/v2\/pages\/3720\/revisions"}],"predecessor-version":[{"id":6604,"href":"https:\/\/das-kittchen.de\/sv\/wp-json\/wp\/v2\/pages\/3720\/revisions\/6604"}],"wp:attachment":[{"href":"https:\/\/das-kittchen.de\/sv\/wp-json\/wp\/v2\/media?parent=3720"}],"curies":[{"name":"wp","href":"https:\/\/api.w.org\/{rel}","templated":true}]}}