{"id":5475,"date":"2024-06-14T14:36:20","date_gmt":"2024-06-14T12:36:20","guid":{"rendered":"https:\/\/das-kittchen.de\/?page_id=5475"},"modified":"2024-06-14T14:41:04","modified_gmt":"2024-06-14T12:41:04","slug":"impressum","status":"publish","type":"page","link":"https:\/\/das-kittchen.de\/sv\/impressum\/","title":{"rendered":"Avtryck"},"content":{"rendered":"<div data-elementor-type=\"wp-page\" data-elementor-id=\"5475\" class=\"elementor elementor-5475\" data-elementor-post-type=\"page\">\n\t\t\t\t\t\t<section class=\"elementor-section elementor-top-section elementor-element elementor-element-1473d4b elementor-section-boxed elementor-section-height-default elementor-section-height-default\" data-id=\"1473d4b\" data-element_type=\"section\" data-e-type=\"section\">\n\t\t\t\t\t\t<div class=\"elementor-container elementor-column-gap-default\">\n\t\t\t\t\t<div class=\"elementor-column elementor-col-100 elementor-top-column elementor-element elementor-element-29d12ef\" data-id=\"29d12ef\" data-element_type=\"column\" data-e-type=\"column\">\n\t\t\t<div class=\"elementor-widget-wrap elementor-element-populated\">\n\t\t\t\t\t\t<div class=\"elementor-element elementor-element-d6ec093 elementor-widget elementor-widget-text-editor\" data-id=\"d6ec093\" data-element_type=\"widget\" data-e-type=\"widget\" data-widget_type=\"text-editor.default\">\n\t\t\t\t\t\t\t\t\t<p><strong>Avtryck<\/strong><\/p><p><strong>Information enligt \u00a7 5 TMG<\/strong><\/p><p>The Kittchen GmbH<br \/>Kellerstr. 1<br \/>23966 Wismar<\/p><p>Handelsregister: HRB14923<br \/>Registerdomstol: Schwerins lokala domstol<\/p><p><strong>F\u00f6retr\u00e4ds av:<\/strong><br \/>Christopher Lunke<br \/>Thomas Ahlvers<\/p><p><strong>Kontakta oss<\/strong><\/p><p>Telefon: 03841 32 67 866<br \/>E-post: info@das-kittchen.de<\/p><p><strong>ID f\u00f6r f\u00f6rs\u00e4ljningsskatt<\/strong><\/p><p>Identifikationsnummer f\u00f6r oms\u00e4ttningsskatt enligt \u00a7 27 a i lagen om oms\u00e4ttningsskatt:<br \/>DE366441864<\/p><p><strong>Redaktionellt ansvarig<\/strong><\/p><p>The Kittchen GmbH<br \/>Christopher Lunke <br \/>Kellerstr. 1<br \/>23966 Wismar<\/p><p><strong>EU:s tvistl\u00f6sning<\/strong><\/p><p>Europeiska kommissionen tillhandah\u00e5ller en plattform f\u00f6r tvistl\u00f6sning online (OS):\u00a0<a href=\"https:\/\/ec.europa.eu\/consumers\/odr\/\" target=\"_blank\" rel=\"noopener\">https:\/\/ec.europa.eu\/consumers\/odr\/<\/a>.<br \/>Du hittar v\u00e5r e-postadress i det juridiska meddelandet ovan.<\/p><p><strong>L\u00f6sning av konsumenttvister\/universellt skiljedomscenter<\/strong><\/p><p>Vi deltar i ett tvistl\u00f6sningsf\u00f6rfarande inf\u00f6r en skiljen\u00e4mnd f\u00f6r konsumenter. Det allm\u00e4nna skiljedomsinstitutet Zentrum f\u00fcr Schlichtung e.V., Stra\u00dfburger Stra\u00dfe 8, 77694 Kehl am Rhein (<a href=\"https:\/\/www.verbraucher-schlichter.de\/\" target=\"_blank\" rel=\"noopener\">https:\/\/www.verbraucher-schlichter.de<\/a>).<\/p><p><strong>Meddelande om webbplats<\/strong><\/p><p><strong>Information i enlighet med \u00a7 5 i den tyska telemedialagen (TMG)<\/strong><\/p><p>The Kittchen GmbH<br \/>Kellerstr. 1<br \/>23966 Wismar<\/p><p>Handelsregister: HRB14923<br \/>Registerdomstol: Schwerins lokala domstol<\/p><p><strong>F\u00f6retr\u00e4ds av:<\/strong><br \/>Christopher Lunke<br \/>Thomas Ahlvers<\/p><p><strong>Kontakt<\/strong><\/p><p>Telefon: 03841 32 67 866<br \/>E-post: info@das-kittchen.de<\/p><p><strong>MOMSREGISTRERINGSNUMMER<\/strong><\/p><p>Identifikationsnummer f\u00f6r oms\u00e4ttningsskatt enligt \u00a7 27 a i lagen om oms\u00e4ttningsskatt:<br \/>DE366441864<\/p><p><strong>Ansvarig f\u00f6r redaktionella fr\u00e5gor<\/strong><\/p><p>The Kittchen GmbH<br \/>Christopher Lunke <br \/>Kellerstr. 1<br \/>23966 Wismar<\/p><p><strong>EU:s tvistl\u00f6sning<\/strong><\/p><p>Europeiska kommissionen tillhandah\u00e5ller en plattform f\u00f6r tvistl\u00f6sning online (ODR):\u00a0<a href=\"https:\/\/ec.europa.eu\/consumers\/odr\/\" target=\"_blank\" rel=\"noopener\">https:\/\/ec.europa.eu\/consumers\/odr\/<\/a>.<br \/>V\u00e5r e-postadress hittar du ovan i webbplatsmeddelandet.<\/p><p><strong>Tvistl\u00f6sningsf\u00f6rfarande inf\u00f6r en skiljen\u00e4mnd f\u00f6r konsumenter<\/strong><\/p><p>Vi deltar i ett tvistl\u00f6sningsf\u00f6rfarande inf\u00f6r en skiljen\u00e4mnd f\u00f6r konsumenter. Beh\u00f6rig skiljen\u00e4mnd f\u00f6r konsumenttvister \u00e4r Zentrum f\u00fcr Schlichtung e.V., Stra\u00dfburger Stra\u00dfe 8, 77694 Kehl am Rhein (<a href=\"https:\/\/www.verbraucher-schlichter.de\/\" target=\"_blank\" rel=\"noopener\">https:\/\/www.verbraucher-schlichter.de<\/a>).<\/p><p>\u00a0<\/p>\t\t\t\t\t\t\t\t<\/div>\n\t\t\t\t\t<\/div>\n\t\t<\/div>\n\t\t\t\t\t<\/div>\n\t\t<\/section>\n\t\t\t\t<\/div>","protected":false},"excerpt":{"rendered":"<p>Impressum Information enligt \u00a7 5 TMG Das Kittchen GmbHKellerstr. 123966 Wismar Handelsregister: HRB14923Registerdomstol: Amtsgericht Schwerin F\u00f6retr\u00e4dare:Christopher LunkeThomas Ahlvers Kontakt Telefon: 03841 32 67 866E-post: info@das-kittchen.de Momsregistreringsnummer Momsregistreringsnummer enligt \u00a7 27 a Umsatzsteuergesetz:DE366441864 Ansvarig utgivare Das Kittchen GmbHChristopher Lunke Kellerstr. 123966 Wismar EU Dispute Resolution Europeiska kommissionen tillhandah\u00e5ller en plattform f\u00f6r tvistl\u00f6sning online (OS): https:\/\/ec.europa.eu\/consumers\/odr\/.Unsere E-postadress... <\/p>\n<div class=\"clear\"><\/div>\n<p><a href=\"https:\/\/das-kittchen.de\/sv\/impressum\/\" class=\"excerpt-read-more\">Forts\u00e4tta l\u00e4sa<i class=\"fa fa-long-arrow-right icon-long-arrow-right\"><\/i><\/a><\/p>","protected":false},"author":1,"featured_media":0,"parent":0,"menu_order":0,"comment_status":"closed","ping_status":"closed","template":"","meta":{"footnotes":""},"class_list":["post-5475","page","type-page","status-publish","hentry"],"_links":{"self":[{"href":"https:\/\/das-kittchen.de\/sv\/wp-json\/wp\/v2\/pages\/5475","targetHints":{"allow":["GET"]}}],"collection":[{"href":"https:\/\/das-kittchen.de\/sv\/wp-json\/wp\/v2\/pages"}],"about":[{"href":"https:\/\/das-kittchen.de\/sv\/wp-json\/wp\/v2\/types\/page"}],"author":[{"embeddable":true,"href":"https:\/\/das-kittchen.de\/sv\/wp-json\/wp\/v2\/users\/1"}],"replies":[{"embeddable":true,"href":"https:\/\/das-kittchen.de\/sv\/wp-json\/wp\/v2\/comments?post=5475"}],"version-history":[{"count":4,"href":"https:\/\/das-kittchen.de\/sv\/wp-json\/wp\/v2\/pages\/5475\/revisions"}],"predecessor-version":[{"id":5479,"href":"https:\/\/das-kittchen.de\/sv\/wp-json\/wp\/v2\/pages\/5475\/revisions\/5479"}],"wp:attachment":[{"href":"https:\/\/das-kittchen.de\/sv\/wp-json\/wp\/v2\/media?parent=5475"}],"curies":[{"name":"wp","href":"https:\/\/api.w.org\/{rel}","templated":true}]}}