{"id":5494,"date":"2024-06-26T08:04:39","date_gmt":"2024-06-26T06:04:39","guid":{"rendered":"https:\/\/das-kittchen.de\/?page_id=5494"},"modified":"2025-11-10T13:56:19","modified_gmt":"2025-11-10T12:56:19","slug":"geschichte","status":"publish","type":"page","link":"https:\/\/das-kittchen.de\/sv\/geschichte\/","title":{"rendered":"Historien om v\u00e5rt boende Hotel Das Kittchen Wismar"},"content":{"rendered":"<div data-elementor-type=\"wp-page\" data-elementor-id=\"5494\" class=\"elementor elementor-5494\" data-elementor-post-type=\"page\">\n\t\t\t\t\t\t<section class=\"elementor-section elementor-top-section elementor-element elementor-element-2ee3a11 elementor-section-boxed elementor-section-height-default elementor-section-height-default\" data-id=\"2ee3a11\" data-element_type=\"section\" data-e-type=\"section\">\n\t\t\t\t\t\t<div class=\"elementor-container elementor-column-gap-default\">\n\t\t\t\t\t<div class=\"elementor-column elementor-col-100 elementor-top-column elementor-element elementor-element-7fc048f\" data-id=\"7fc048f\" data-element_type=\"column\" data-e-type=\"column\">\n\t\t\t<div class=\"elementor-widget-wrap elementor-element-populated\">\n\t\t\t\t\t\t<div class=\"elementor-element elementor-element-f9ffe38 elementor-widget elementor-widget-heading\" data-id=\"f9ffe38\" data-element_type=\"widget\" data-e-type=\"widget\" data-widget_type=\"heading.default\">\n\t\t\t\t\t<h3 class=\"elementor-heading-title elementor-size-default\">Mitt i den historiska stadsk\u00e4rnan: den h\u00e4ndelserika historien om ungdomsf\u00e4ngelset i Wismar<\/h3>\t\t\t\t<\/div>\n\t\t\t\t<div class=\"elementor-element elementor-element-8a40ee7 elementor-widget elementor-widget-text-editor\" data-id=\"8a40ee7\" data-element_type=\"widget\" data-e-type=\"widget\" data-widget_type=\"text-editor.default\">\n\t\t\t\t\t\t\t\t\t<p><span style=\"font-size: 17px; color: var( --e-global-color-text ); font-family: var( --e-global-typography-text-font-family ), Sans-serif; font-weight: var( --e-global-typography-text-font-weight );\">D\u00e4r ungdomsf\u00e4ngelset i Wismar ligger idag, mitt i hj\u00e4rtat av den historiska gamla staden,\u00a0<\/span><span style=\"font-size: 17px; color: var( --e-global-color-text ); font-family: var( --e-global-typography-text-font-family ), Sans-serif; font-weight: var( --e-global-typography-text-font-weight );\">var en g\u00e5ng i tiden hingststall f\u00f6r det magnifika furstehovet.\u00a0<\/span><\/p><p>F\u00fcrstenhof byggdes omkring 1506 och 1553 av tv\u00e5 hus i olika arkitektoniska stilar och tj\u00e4nade hertigarna av Mecklenburg som <br \/>stadsbostad som \u00e4r v\u00e4rdig sin status.<\/p><p>I och med att Wismar \u00f6vergick till den svenska kronan 1653 omvandlades det kungliga hovet till en jurisdiktionsplats.\u00a0<\/p><p><span style=\"font-size: 17px; color: var( --e-global-color-text ); font-family: var( --e-global-typography-text-font-family ), Sans-serif; font-weight: var( --e-global-typography-text-font-weight );\">Men byggnadens historia, i vilken\u00a0<\/span><span style=\"font-size: 17px; color: var( --e-global-color-text ); font-family: var( --e-global-typography-text-font-family ), Sans-serif; font-weight: var( --e-global-typography-text-font-weight );\">idag JAA Wismar, tog sin egen kurs.<\/span><\/p><p>Omkring 1890 byggdes det om till f\u00e4ngelse (vi har \u00e4ven hittat uppgifter om tv\u00e5 byggnader, troligen l\u00e5g fattighuset precis bredvid f\u00e4ngelset).\u00a0<\/p><p>Kellerstra\u00dfe, d\u00e4r byggnaden ligger, hade p\u00e5 den tiden tv\u00e5 husnummer.<\/p><p>Det finns bevis f\u00f6r att det fanns ett fattighus p\u00e5 nummer 2 \u00e5r 1903.\u00a0<\/p><p>\u00c5r 1935 \u00f6vergick byggnaden i Tyska rikets \u00e4go.\u00a0<\/p><p>Efter andra v\u00e4rldskriget, 1958, blev det allm\u00e4n egendom och fungerade som h\u00e4kte f\u00f6r F\u00fcrstenhofs tingsr\u00e4tt.<\/p><p>Wismar, den 776 \u00e5r gamla hansastaden, kan se tillbaka p\u00e5 ett h\u00e4ndelserikt f\u00f6rflutet.<\/p><p>Den historiska gamla stan med sina magnifika kyrkor som Helige Andens kyrka, Mariakyrkan, Georgskyrkan och Nikolai-kyrkan finns sedan \u00e5r 2000 med p\u00e5 UNESCO:s v\u00e4rldsarvslista.\u00a0<\/p><p>Marknadstorget med sina historiska byggnader som Wasserkunst, r\u00e5dhuset, Alte Schwede och Reuterhaus \u00e4r stadens st\u00f6rsta. <br \/>Norra Tyskland.<\/p><p>Den 1 juli 1992 invigdes slutligen ungdomsf\u00e4ngelset Wismar med 19 platser p\u00e5 Kellerstra\u00dfe 1.<br \/>Idag st\u00e5r JAA Wismar som ett vittnesb\u00f6rd om den rika historien i denna hansastad.\u00a0<\/p><p>Inb\u00e4ddad i den unika bakgrunden av den gamla staden, p\u00e5minner den oss om de h\u00e4ndelserika tider som Wismar har upplevt och samtidigt p\u00e5minner den oss om vikten av lag och ordning i ett fritt och demokratiskt samh\u00e4lle.<br \/>I v\u00e5r byggnad f\u00f6rs\u00f6ker vi bit f\u00f6r bit bygga upp historien om denna kulturminnesm\u00e4rkta byggnad och presentera den f\u00f6r v\u00e5ra g\u00e4ster med hj\u00e4lp av bilder och texter.<\/p><p>P\u00e5 v\u00e5rt hotell vill vi inte bara erbjuda v\u00e5ra g\u00e4ster ett bekv\u00e4mt boende, utan ocks\u00e5 v\u00e4cka en bit av historien till liv. <br \/>Atmosf\u00e4ren p\u00e5 v\u00e5rt hotell och dess l\u00e4ge i den historiska stadsk\u00e4rnan i Wismar hj\u00e4lper dig att njuta av staden i alla dess aspekter.<\/p><p>Ditt v\u00e4lbefinnande \u00e4r v\u00e5r h\u00f6gsta prioritet. Vi vill att du ska k\u00e4nna dig v\u00e4lkommen, trygg och i goda h\u00e4nder hos oss.<\/p><p>L\u00e5t dig f\u00f6rtrollas av Wismars sk\u00f6nhet och upplev of\u00f6rgl\u00f6mliga stunder av m\u00f6ten och delade upplevelser i v\u00e5r stad.<\/p>\t\t\t\t\t\t\t\t<\/div>\n\t\t\t\t\t<\/div>\n\t\t<\/div>\n\t\t\t\t\t<\/div>\n\t\t<\/section>\n\t\t\t\t<\/div>","protected":false},"excerpt":{"rendered":"<p>Mitt i den historiska gamla stan: den h\u00e4ndelserika historien om ungdomsf\u00e4ngelset i Wismar D\u00e4r ungdomsf\u00e4ngelset i Wismar ligger idag, mitt i hj\u00e4rtat av den historiska gamla stan, l\u00e5g en g\u00e5ng hingststallet till det magnifika F\u00fcrstenhof.  F\u00fcrstenhof byggdes omkring 1506 och 1553 av tv\u00e5 hus i olika arkitektoniska stilar och tj\u00e4nade hertigarna av Mecklenburg som ett passande stadsresidens. I och med att Wismar \u00f6verf\u00f6rdes till... <\/p>\n<div class=\"clear\"><\/div>\n<p><a href=\"https:\/\/das-kittchen.de\/sv\/geschichte\/\" class=\"excerpt-read-more\">Forts\u00e4tta l\u00e4sa<i class=\"fa fa-long-arrow-right icon-long-arrow-right\"><\/i><\/a><\/p>","protected":false},"author":1,"featured_media":0,"parent":0,"menu_order":0,"comment_status":"closed","ping_status":"closed","template":"","meta":{"footnotes":""},"class_list":["post-5494","page","type-page","status-publish","hentry"],"_links":{"self":[{"href":"https:\/\/das-kittchen.de\/sv\/wp-json\/wp\/v2\/pages\/5494","targetHints":{"allow":["GET"]}}],"collection":[{"href":"https:\/\/das-kittchen.de\/sv\/wp-json\/wp\/v2\/pages"}],"about":[{"href":"https:\/\/das-kittchen.de\/sv\/wp-json\/wp\/v2\/types\/page"}],"author":[{"embeddable":true,"href":"https:\/\/das-kittchen.de\/sv\/wp-json\/wp\/v2\/users\/1"}],"replies":[{"embeddable":true,"href":"https:\/\/das-kittchen.de\/sv\/wp-json\/wp\/v2\/comments?post=5494"}],"version-history":[{"count":10,"href":"https:\/\/das-kittchen.de\/sv\/wp-json\/wp\/v2\/pages\/5494\/revisions"}],"predecessor-version":[{"id":7475,"href":"https:\/\/das-kittchen.de\/sv\/wp-json\/wp\/v2\/pages\/5494\/revisions\/7475"}],"wp:attachment":[{"href":"https:\/\/das-kittchen.de\/sv\/wp-json\/wp\/v2\/media?parent=5494"}],"curies":[{"name":"wp","href":"https:\/\/api.w.org\/{rel}","templated":true}]}}