{"id":5553,"date":"2024-08-15T20:10:33","date_gmt":"2024-08-15T18:10:33","guid":{"rendered":"https:\/\/das-kittchen.de\/?page_id=5553"},"modified":"2026-01-20T15:09:22","modified_gmt":"2026-01-20T14:09:22","slug":"unser-cafe","status":"publish","type":"page","link":"https:\/\/das-kittchen.de\/sv\/unser-cafe\/","title":{"rendered":"V\u00e5rt caf\u00e9"},"content":{"rendered":"<div data-elementor-type=\"wp-page\" data-elementor-id=\"5553\" class=\"elementor elementor-5553\" data-elementor-post-type=\"page\">\n\t\t\t\t\t\t<section class=\"elementor-section elementor-top-section elementor-element elementor-element-9d338c6 elementor-section-boxed elementor-section-height-default elementor-section-height-default\" data-id=\"9d338c6\" data-element_type=\"section\" data-e-type=\"section\">\n\t\t\t\t\t\t<div class=\"elementor-container elementor-column-gap-default\">\n\t\t\t\t\t<div class=\"elementor-column elementor-col-100 elementor-top-column elementor-element elementor-element-b242031\" data-id=\"b242031\" data-element_type=\"column\" data-e-type=\"column\">\n\t\t\t<div class=\"elementor-widget-wrap elementor-element-populated\">\n\t\t\t\t\t\t<div class=\"elementor-element elementor-element-4ba437c elementor-widget elementor-widget-heading\" data-id=\"4ba437c\" data-element_type=\"widget\" data-e-type=\"widget\" data-widget_type=\"heading.default\">\n\t\t\t\t\t<h2 class=\"elementor-heading-title elementor-size-default\">Frukost i f\u00e4ngelset?<\/h2>\t\t\t\t<\/div>\n\t\t\t\t<div class=\"elementor-element elementor-element-8b3a79b elementor-widget elementor-widget-text-editor\" data-id=\"8b3a79b\" data-element_type=\"widget\" data-e-type=\"widget\" data-widget_type=\"text-editor.default\">\n\t\t\t\t\t\t\t\t\t<p>B\u00f6rja dagen i en avslappnad atmosf\u00e4r med v\u00e5r \"warden's breakfast\".<\/p><p>I v\u00e5rt mysiga caf\u00e9 v\u00e4ntar en riklig frukostbuff\u00e9 som inte l\u00e4mnar n\u00e5got \u00f6vrigt att \u00f6nska. L\u00e5t dig inspireras av det stora utbudet och njut av den avslappnade atmosf\u00e4ren.<\/p><p>Ha det s\u00e5 trevligt:<\/p><p>Krispiga frallor, croissanter och br\u00f6d<br \/>Rikt urval av korvar och ostar<br \/>S\u00f6ta bredbara p\u00e5l\u00e4gg<br \/>\u00c4ggr\u00f6ra och \u00e4gg<br \/><span style=\"font-size: 17px; color: var( --e-global-color-text ); font-family: var( --e-global-typography-text-font-family ), Sans-serif; font-weight: var( --e-global-typography-text-font-weight );\">M\u00fcsli urval<br \/>Kaffe, latte, cappuccino etc.<\/span><\/p><p>Och mycket mer...<\/p><p>Klicka h\u00e4r f\u00f6r att boka bord:<\/p>\t\t\t\t\t\t\t\t<\/div>\n\t\t\t\t<div class=\"elementor-element elementor-element-d7fe97e elementor-widget elementor-widget-button\" data-id=\"d7fe97e\" data-element_type=\"widget\" data-e-type=\"widget\" data-widget_type=\"button.default\">\n\t\t\t\t\t\t\t\t\t\t<a class=\"elementor-button elementor-button-link elementor-size-sm\" href=\"https:\/\/tischres.das-kittchen.de\">\n\t\t\t\t\t\t<span class=\"elementor-button-content-wrapper\">\n\t\t\t\t\t\t\t\t\t<span class=\"elementor-button-text\">Boka frukost<\/span>\n\t\t\t\t\t<\/span>\n\t\t\t\t\t<\/a>\n\t\t\t\t\t\t\t\t<\/div>\n\t\t\t\t\t<\/div>\n\t\t<\/div>\n\t\t\t\t\t<\/div>\n\t\t<\/section>\n\t\t\t\t<\/div>","protected":false},"excerpt":{"rendered":"<p>Frukost i f\u00e4ngelset? B\u00f6rja dagen i en avslappnad atmosf\u00e4r med v\u00e5r \"f\u00e5ngvaktarfrukost\". I v\u00e5rt mysiga caf\u00e9 v\u00e4ntar en riklig frukostbuff\u00e9 som inte l\u00e4mnar n\u00e5got \u00f6vrigt att \u00f6nska. L\u00e5t dig inspireras av det breda utbudet och njut av den avslappnade atmosf\u00e4ren. Njut av: Krispiga frallor, croissanter och br\u00f6dRika korv- och ostsorterS\u00f6ta p\u00e5l\u00e4ggR\u00f6rade \u00e4gg och \u00e4ggM\u00fcsliutbudKaffe, latte,... <\/p>\n<div class=\"clear\"><\/div>\n<p><a href=\"https:\/\/das-kittchen.de\/sv\/unser-cafe\/\" class=\"excerpt-read-more\">Forts\u00e4tta l\u00e4sa<i class=\"fa fa-long-arrow-right icon-long-arrow-right\"><\/i><\/a><\/p>","protected":false},"author":1,"featured_media":0,"parent":0,"menu_order":0,"comment_status":"closed","ping_status":"closed","template":"","meta":{"footnotes":""},"class_list":["post-5553","page","type-page","status-publish","hentry"],"_links":{"self":[{"href":"https:\/\/das-kittchen.de\/sv\/wp-json\/wp\/v2\/pages\/5553","targetHints":{"allow":["GET"]}}],"collection":[{"href":"https:\/\/das-kittchen.de\/sv\/wp-json\/wp\/v2\/pages"}],"about":[{"href":"https:\/\/das-kittchen.de\/sv\/wp-json\/wp\/v2\/types\/page"}],"author":[{"embeddable":true,"href":"https:\/\/das-kittchen.de\/sv\/wp-json\/wp\/v2\/users\/1"}],"replies":[{"embeddable":true,"href":"https:\/\/das-kittchen.de\/sv\/wp-json\/wp\/v2\/comments?post=5553"}],"version-history":[{"count":10,"href":"https:\/\/das-kittchen.de\/sv\/wp-json\/wp\/v2\/pages\/5553\/revisions"}],"predecessor-version":[{"id":7524,"href":"https:\/\/das-kittchen.de\/sv\/wp-json\/wp\/v2\/pages\/5553\/revisions\/7524"}],"wp:attachment":[{"href":"https:\/\/das-kittchen.de\/sv\/wp-json\/wp\/v2\/media?parent=5553"}],"curies":[{"name":"wp","href":"https:\/\/api.w.org\/{rel}","templated":true}]}}