{"id":5555,"date":"2024-08-15T20:11:01","date_gmt":"2024-08-15T18:11:01","guid":{"rendered":"https:\/\/das-kittchen.de\/?page_id=5555"},"modified":"2024-08-15T20:25:23","modified_gmt":"2024-08-15T18:25:23","slug":"ihre-veranstaltung","status":"publish","type":"page","link":"https:\/\/das-kittchen.de\/sv\/ihre-veranstaltung\/","title":{"rendered":"Ditt evenemang"},"content":{"rendered":"<div data-elementor-type=\"wp-page\" data-elementor-id=\"5555\" class=\"elementor elementor-5555\" data-elementor-post-type=\"page\">\n\t\t\t\t\t\t<section class=\"elementor-section elementor-top-section elementor-element elementor-element-562fdf1 elementor-section-boxed elementor-section-height-default elementor-section-height-default\" data-id=\"562fdf1\" data-element_type=\"section\" data-e-type=\"section\">\n\t\t\t\t\t\t<div class=\"elementor-container elementor-column-gap-default\">\n\t\t\t\t\t<div class=\"elementor-column elementor-col-100 elementor-top-column elementor-element elementor-element-ac22fd2\" data-id=\"ac22fd2\" data-element_type=\"column\" data-e-type=\"column\">\n\t\t\t<div class=\"elementor-widget-wrap elementor-element-populated\">\n\t\t\t\t\t\t<div class=\"elementor-element elementor-element-5bc800c elementor-widget elementor-widget-heading\" data-id=\"5bc800c\" data-element_type=\"widget\" data-e-type=\"widget\" data-widget_type=\"heading.default\">\n\t\t\t\t\t<h3 class=\"elementor-heading-title elementor-size-default\">Ditt evenemang i Kittchen<\/h3>\t\t\t\t<\/div>\n\t\t\t\t<div class=\"elementor-element elementor-element-ab1afd5 elementor-widget elementor-widget-text-editor\" data-id=\"ab1afd5\" data-element_type=\"widget\" data-e-type=\"widget\" data-widget_type=\"text-editor.default\">\n\t\t\t\t\t\t\t\t\t<p data-sourcepos=\"1:1-1:131\">Vem kan s\u00e4ga att de n\u00e5gonsin har firat i ett f\u00e4ngelse? V\u00e5rt speciella l\u00e4ge erbjuder dig allt du beh\u00f6ver f\u00f6r att g\u00f6ra ditt evenemang extra speciellt.<\/p><p data-sourcepos=\"1:1-1:131\">Att fira en h\u00e4ndelse i Kittchen har sin egen speciella charm.\u00a0<\/p><p data-sourcepos=\"1:1-1:131\">H\u00e4r \u00e4r n\u00e5gra sk\u00e4l till varf\u00f6r s\u00e5 \u00e4r fallet:<\/p><ul data-sourcepos=\"3:1-3:7\"><li data-sourcepos=\"3:1-3:7\"><strong>Unik atmosf\u00e4r:<\/strong> The Kittchen erbjuder en unik atmosf\u00e4r som du inte kommer att gl\u00f6mma i f\u00f6rsta taget. Oavsett om det \u00e4r rustikt, modernt eller en blandning av b\u00e5da - den speciella inredningen och atmosf\u00e4ren g\u00f6r varje fest till en of\u00f6rgl\u00f6mlig upplevelse.<\/li><li data-sourcepos=\"4:1-4:61\"><strong>Personlig touch:<\/strong> J\u00e4mf\u00f6rt med stora eventlokaler kan du g\u00f6ra Kittchen mer personligt. Oavsett om det g\u00e4ller dekorationer, musik eller meny - h\u00e4r kan du anpassa festen efter dina egna \u00f6nskem\u00e5l och s\u00e4tta en personlig pr\u00e4gel.<\/li><li data-sourcepos=\"5:1-5:249\"><strong>Mysighet:<\/strong> Kittchen utstr\u00e5lar en viss mysighet som inbjuder till att dr\u00f6ja sig kvar och fira. Oavsett om det \u00e4r en liten grupp v\u00e4nner eller ett st\u00f6rre firande - Kittchen erbjuder den perfekta milj\u00f6n f\u00f6r mysiga timmar.<\/li><li data-sourcepos=\"6:1-6:234\"><strong>Flexibilitet:<\/strong> M\u00f6jligheterna i Kittchen \u00e4r mer flexibla \u00e4n i stora eventlokaler. Du kan anpassa utrymmet efter dina egna id\u00e9er och skapa den perfekta atmosf\u00e4ren f\u00f6r ditt firande.<\/li><li data-sourcepos=\"6:1-6:234\"><strong>Fr\u00e5n en enda k\u00e4lla: <\/strong>Vi erbjuder dig allt fr\u00e5n en enda k\u00e4lla, fr\u00e5n festlokalen till dryckerna och maten. Vi tar hand om ditt evenemang.<strong><br \/><\/strong><\/li><\/ul><p data-sourcepos=\"9:1-9:76\"><strong>F\u00f6r att ge dig mer specifika sk\u00e4l skulle det vara bra att veta:<\/strong><\/p><ul data-sourcepos=\"11:1-15:0\"><li data-sourcepos=\"11:1-11:87\"><strong>Vilken typ av evenemang \u00e4r planerat?<\/strong> (f\u00f6delsedag, br\u00f6llop, f\u00f6retagsfest etc.)<\/li><li data-sourcepos=\"12:1-12:36\"><strong>Hur stort \u00e4r f\u00f6retaget?<\/strong><\/li><li data-sourcepos=\"13:1-13:87\"><strong>Vilken typ av st\u00e4mning ska det vara p\u00e5 festen?<\/strong> (rustik, elegant, modern etc.)<\/li><li data-sourcepos=\"14:1-15:0\"><strong>Har du n\u00e5gra speciella \u00f6nskem\u00e5l eller id\u00e9er?<\/strong><\/li><\/ul><p data-sourcepos=\"16:1-16:162\">Med denna information kan vi ge \u00e4nnu mer detaljerade f\u00f6rslag och visa dig varf\u00f6r ett firande i Kittchen kan vara helt r\u00e4tt f\u00f6r dig.<\/p><p data-sourcepos=\"18:1-18:199\"><strong>Kanske vill du ocks\u00e5 veta mer om Kitchens historia?<\/strong> Det finns en sp\u00e4nnande historia bakom denna speciella plats, vilket g\u00f6r firandet \u00e4nnu mer intressant.<\/p><p data-sourcepos=\"20:1-20:85\">L\u00e5t oss tillsammans g\u00f6ra ert firande i Kittchen till en of\u00f6rgl\u00f6mlig upplevelse!<\/p>\t\t\t\t\t\t\t\t<\/div>\n\t\t\t\t\t<\/div>\n\t\t<\/div>\n\t\t\t\t\t<\/div>\n\t\t<\/section>\n\t\t\t\t<\/div>","protected":false},"excerpt":{"rendered":"<p>Ditt evenemang i Kittchen Vem kan p\u00e5st\u00e5 att han n\u00e5gonsin har firat i en Kittchen? V\u00e5rt speciella l\u00e4ge erbjuder dig allt du beh\u00f6ver f\u00f6r att g\u00f6ra ditt evenemang extra speciellt. Att fira ett evenemang i Kittchen har sin egen speciella charm.  H\u00e4r \u00e4r n\u00e5gra anledningar till varf\u00f6r det \u00e4r s\u00e5: Unik atmosf\u00e4r: Den... <\/p>\n<div class=\"clear\"><\/div>\n<p><a href=\"https:\/\/das-kittchen.de\/sv\/ihre-veranstaltung\/\" class=\"excerpt-read-more\">Forts\u00e4tta l\u00e4sa<i class=\"fa fa-long-arrow-right icon-long-arrow-right\"><\/i><\/a><\/p>","protected":false},"author":1,"featured_media":0,"parent":0,"menu_order":0,"comment_status":"closed","ping_status":"closed","template":"","meta":{"footnotes":""},"class_list":["post-5555","page","type-page","status-publish","hentry"],"_links":{"self":[{"href":"https:\/\/das-kittchen.de\/sv\/wp-json\/wp\/v2\/pages\/5555","targetHints":{"allow":["GET"]}}],"collection":[{"href":"https:\/\/das-kittchen.de\/sv\/wp-json\/wp\/v2\/pages"}],"about":[{"href":"https:\/\/das-kittchen.de\/sv\/wp-json\/wp\/v2\/types\/page"}],"author":[{"embeddable":true,"href":"https:\/\/das-kittchen.de\/sv\/wp-json\/wp\/v2\/users\/1"}],"replies":[{"embeddable":true,"href":"https:\/\/das-kittchen.de\/sv\/wp-json\/wp\/v2\/comments?post=5555"}],"version-history":[{"count":9,"href":"https:\/\/das-kittchen.de\/sv\/wp-json\/wp\/v2\/pages\/5555\/revisions"}],"predecessor-version":[{"id":5567,"href":"https:\/\/das-kittchen.de\/sv\/wp-json\/wp\/v2\/pages\/5555\/revisions\/5567"}],"wp:attachment":[{"href":"https:\/\/das-kittchen.de\/sv\/wp-json\/wp\/v2\/media?parent=5555"}],"curies":[{"name":"wp","href":"https:\/\/api.w.org\/{rel}","templated":true}]}}