{"id":6396,"date":"2024-12-27T10:46:40","date_gmt":"2024-12-27T09:46:40","guid":{"rendered":"https:\/\/das-kittchen.de\/?page_id=6396"},"modified":"2024-12-27T10:49:21","modified_gmt":"2024-12-27T09:49:21","slug":"gefaengnisschild","status":"publish","type":"page","link":"https:\/\/das-kittchen.de\/sv\/gefaengnisschild\/","title":{"rendered":"F\u00e4ngelse-skylt"},"content":{"rendered":"\t\t<div data-elementor-type=\"wp-page\" data-elementor-id=\"6396\" class=\"elementor elementor-6396\" data-elementor-post-type=\"page\">\n\t\t\t\t\t\t<section class=\"elementor-section elementor-top-section elementor-element elementor-element-185710e8 elementor-section-full_width elementor-section-height-default elementor-section-height-default\" data-id=\"185710e8\" data-element_type=\"section\" data-e-type=\"section\" data-settings=\"{&quot;background_background&quot;:&quot;classic&quot;}\">\n\t\t\t\t\t\t<div class=\"elementor-container elementor-column-gap-default\">\n\t\t\t\t\t<div class=\"elementor-column elementor-col-100 elementor-top-column elementor-element elementor-element-4c26dcb7\" data-id=\"4c26dcb7\" data-element_type=\"column\" data-e-type=\"column\">\n\t\t\t<div class=\"elementor-widget-wrap elementor-element-populated\">\n\t\t\t\t\t\t<div class=\"elementor-element elementor-element-4e3950e5 elementor-nav-menu__align-center elementor-widget__width-initial elementor-nav-menu--dropdown-tablet elementor-nav-menu__text-align-aside elementor-nav-menu--toggle elementor-nav-menu--burger elementor-widget elementor-widget-nav-menu\" data-id=\"4e3950e5\" data-element_type=\"widget\" data-e-type=\"widget\" data-settings=\"{&quot;layout&quot;:&quot;horizontal&quot;,&quot;submenu_icon&quot;:{&quot;value&quot;:&quot;&lt;i class=\\&quot;fas fa-caret-down\\&quot; aria-hidden=\\&quot;true\\&quot;&gt;&lt;\\\/i&gt;&quot;,&quot;library&quot;:&quot;fa-solid&quot;},&quot;toggle&quot;:&quot;burger&quot;}\" data-widget_type=\"nav-menu.default\">\n\t\t\t\t\t\t\t\t<nav aria-label=\"Men\u00fc\" class=\"elementor-nav-menu--main elementor-nav-menu__container elementor-nav-menu--layout-horizontal e--pointer-underline e--animation-fade\">\n\t\t\t\t<ul id=\"menu-1-4e3950e5\" class=\"elementor-nav-menu\"><li class=\"menu-item menu-item-type-post_type menu-item-object-page menu-item-home menu-item-5395\"><a href=\"https:\/\/das-kittchen.de\/sv\/\" class=\"elementor-item\">Hotel Das Kittchen<\/a><\/li>\n<li class=\"menu-item menu-item-type-post_type menu-item-object-page menu-item-5394\"><a href=\"https:\/\/das-kittchen.de\/sv\/unsere-zellen\/\" class=\"elementor-item\">Unsere Zellen<\/a><\/li>\n<li class=\"menu-item menu-item-type-custom menu-item-object-custom menu-item-5410\"><a href=\"https:\/\/engine.hotelfriend.com\/40f357bbbe90ab162d389dc78468ff9b4d939a92\" class=\"elementor-item\" target=\"_blank\" rel=\"noopener\">Zur Buchung<\/a><\/li>\n<li class=\"menu-item menu-item-type-post_type menu-item-object-page menu-item-5592\"><a href=\"https:\/\/das-kittchen.de\/sv\/unser-cafe\/\" class=\"elementor-item\">Unser Cafe<\/a><\/li>\n<li class=\"menu-item menu-item-type-custom menu-item-object-custom menu-item-6897\"><a href=\"https:\/\/events.das-kittchen.de\/\" class=\"elementor-item\">Unsere Events<\/a><\/li>\n<li class=\"menu-item menu-item-type-post_type menu-item-object-page menu-item-5546\"><a href=\"https:\/\/das-kittchen.de\/sv\/faq\/\" class=\"elementor-item\">FAQ<\/a><\/li>\n<li class=\"menu-item menu-item-type-post_type menu-item-object-page menu-item-5663\"><a href=\"https:\/\/das-kittchen.de\/sv\/gruppenreisen\/\" class=\"elementor-item\">Gruppenreise<\/a><\/li>\n<li class=\"menu-item menu-item-type-post_type menu-item-object-page menu-item-5563\"><a href=\"https:\/\/das-kittchen.de\/sv\/ihre-veranstaltung\/\" class=\"elementor-item\">Ihre Veranstaltung<\/a><\/li>\n<li class=\"menu-item menu-item-type-post_type menu-item-object-page menu-item-5501\"><a href=\"https:\/\/das-kittchen.de\/sv\/geschichte\/\" class=\"elementor-item\">Geschichte<\/a><\/li>\n<\/ul>\t\t\t<\/nav>\n\t\t\t\t\t<div class=\"elementor-menu-toggle\" role=\"button\" tabindex=\"0\" aria-label=\"Sl\u00e5 p\u00e5\/av meny\" aria-expanded=\"false\">\n\t\t\t<i aria-hidden=\"true\" role=\"presentation\" class=\"elementor-menu-toggle__icon--open eicon-menu-bar\"><\/i><i aria-hidden=\"true\" role=\"presentation\" class=\"elementor-menu-toggle__icon--close eicon-close\"><\/i>\t\t<\/div>\n\t\t\t\t\t<nav class=\"elementor-nav-menu--dropdown elementor-nav-menu__container\" aria-hidden=\"true\">\n\t\t\t\t<ul id=\"menu-2-4e3950e5\" class=\"elementor-nav-menu\"><li class=\"menu-item menu-item-type-post_type menu-item-object-page menu-item-home menu-item-5395\"><a href=\"https:\/\/das-kittchen.de\/sv\/\" class=\"elementor-item\" tabindex=\"-1\">Hotel Das Kittchen<\/a><\/li>\n<li class=\"menu-item menu-item-type-post_type menu-item-object-page menu-item-5394\"><a href=\"https:\/\/das-kittchen.de\/sv\/unsere-zellen\/\" class=\"elementor-item\" tabindex=\"-1\">Unsere Zellen<\/a><\/li>\n<li class=\"menu-item menu-item-type-custom menu-item-object-custom menu-item-5410\"><a href=\"https:\/\/engine.hotelfriend.com\/40f357bbbe90ab162d389dc78468ff9b4d939a92\" class=\"elementor-item\" tabindex=\"-1\" target=\"_blank\" rel=\"noopener\">Zur Buchung<\/a><\/li>\n<li class=\"menu-item menu-item-type-post_type menu-item-object-page menu-item-5592\"><a href=\"https:\/\/das-kittchen.de\/sv\/unser-cafe\/\" class=\"elementor-item\" tabindex=\"-1\">Unser Cafe<\/a><\/li>\n<li class=\"menu-item menu-item-type-custom menu-item-object-custom menu-item-6897\"><a href=\"https:\/\/events.das-kittchen.de\/\" class=\"elementor-item\" tabindex=\"-1\">Unsere Events<\/a><\/li>\n<li class=\"menu-item menu-item-type-post_type menu-item-object-page menu-item-5546\"><a href=\"https:\/\/das-kittchen.de\/sv\/faq\/\" class=\"elementor-item\" tabindex=\"-1\">FAQ<\/a><\/li>\n<li class=\"menu-item menu-item-type-post_type menu-item-object-page menu-item-5663\"><a href=\"https:\/\/das-kittchen.de\/sv\/gruppenreisen\/\" class=\"elementor-item\" tabindex=\"-1\">Gruppenreise<\/a><\/li>\n<li class=\"menu-item menu-item-type-post_type menu-item-object-page menu-item-5563\"><a href=\"https:\/\/das-kittchen.de\/sv\/ihre-veranstaltung\/\" class=\"elementor-item\" tabindex=\"-1\">Ihre Veranstaltung<\/a><\/li>\n<li class=\"menu-item menu-item-type-post_type menu-item-object-page menu-item-5501\"><a href=\"https:\/\/das-kittchen.de\/sv\/geschichte\/\" class=\"elementor-item\" tabindex=\"-1\">Geschichte<\/a><\/li>\n<\/ul>\t\t\t<\/nav>\n\t\t\t\t\t\t<\/div>\n\t\t\t\t\t<\/div>\n\t\t<\/div>\n\t\t\t\t\t<\/div>\n\t\t<\/section>\n\t\t\t\t<section class=\"elementor-section elementor-top-section elementor-element elementor-element-3f4f44d7 elementor-section-height-min-height elementor-section-boxed elementor-section-height-default elementor-section-items-middle\" data-id=\"3f4f44d7\" data-element_type=\"section\" data-e-type=\"section\" data-settings=\"{&quot;background_background&quot;:&quot;gradient&quot;,&quot;shape_divider_bottom&quot;:&quot;waves&quot;}\">\n\t\t\t\t\t\t\t<div class=\"elementor-background-overlay\"><\/div>\n\t\t\t\t\t\t<div class=\"elementor-shape elementor-shape-bottom\" aria-hidden=\"true\" data-negative=\"false\">\n\t\t\t<svg xmlns=\"http:\/\/www.w3.org\/2000\/svg\" viewBox=\"0 0 1000 100\" preserveAspectRatio=\"none\">\n\t<path class=\"elementor-shape-fill\" d=\"M421.9,6.5c22.6-2.5,51.5,0.4,75.5,5.3c23.6,4.9,70.9,23.5,100.5,35.7c75.8,32.2,133.7,44.5,192.6,49.7\n\tc23.6,2.1,48.7,3.5,103.4-2.5c54.7-6,106.2-25.6,106.2-25.6V0H0v30.3c0,0,72,32.6,158.4,30.5c39.2-0.7,92.8-6.7,134-22.4\n\tc21.2-8.1,52.2-18.2,79.7-24.2C399.3,7.9,411.6,7.5,421.9,6.5z\"\/>\n<\/svg>\t\t<\/div>\n\t\t\t\t\t<div class=\"elementor-container elementor-column-gap-default\">\n\t\t\t\t\t<div class=\"elementor-column elementor-col-100 elementor-top-column elementor-element elementor-element-25b29b61\" data-id=\"25b29b61\" data-element_type=\"column\" data-e-type=\"column\">\n\t\t\t<div class=\"elementor-widget-wrap elementor-element-populated\">\n\t\t\t\t\t\t<div class=\"elementor-element elementor-element-5326bae9 elementor-widget elementor-widget-theme-post-title elementor-page-title elementor-widget-heading\" data-id=\"5326bae9\" data-element_type=\"widget\" data-e-type=\"widget\" data-widget_type=\"theme-post-title.default\">\n\t\t\t\t\t<h1 class=\"elementor-heading-title elementor-size-default\">Gef\u00e4ngnisschild<\/h1>\t\t\t\t<\/div>\n\t\t\t\t<div class=\"elementor-element elementor-element-23bf25cf elementor-widget__width-initial elementor-fixed elementor-widget elementor-widget-button\" data-id=\"23bf25cf\" data-element_type=\"widget\" data-e-type=\"widget\" data-settings=\"{&quot;_position&quot;:&quot;fixed&quot;}\" data-widget_type=\"button.default\">\n\t\t\t\t\t\t\t\t\t\t<a class=\"elementor-button elementor-size-md\" role=\"button\">\n\t\t\t\t\t\t<span class=\"elementor-button-content-wrapper\">\n\t\t\t\t\t\t<span class=\"elementor-button-icon\">\n\t\t\t\t<i aria-hidden=\"true\" class=\"fas fa-envelope\"><\/i>\t\t\t<\/span>\n\t\t\t\t\t\t\t\t<\/span>\n\t\t\t\t\t<\/a>\n\t\t\t\t\t\t\t\t<\/div>\n\t\t\t\t\t<\/div>\n\t\t<\/div>\n\t\t\t\t\t<\/div>\n\t\t<\/section>\n\t\t\t\t<section class=\"elementor-section elementor-top-section elementor-element elementor-element-f6a4ede elementor-section-boxed elementor-section-height-default elementor-section-height-default\" data-id=\"f6a4ede\" data-element_type=\"section\" data-e-type=\"section\">\n\t\t\t\t\t\t<div class=\"elementor-container elementor-column-gap-default\">\n\t\t\t\t\t<div class=\"elementor-column elementor-col-50 elementor-top-column elementor-element elementor-element-20b8eba\" data-id=\"20b8eba\" data-element_type=\"column\" data-e-type=\"column\">\n\t\t\t<div class=\"elementor-widget-wrap elementor-element-populated\">\n\t\t\t\t\t\t<div class=\"elementor-element elementor-element-9eb851e elementor-widget__width-initial elementor-widget elementor-widget-image\" data-id=\"9eb851e\" data-element_type=\"widget\" data-e-type=\"widget\" data-widget_type=\"image.default\">\n\t\t\t\t\t\t\t\t\t\t\t\t\t\t\t<img fetchpriority=\"high\" decoding=\"async\" width=\"642\" height=\"361\" src=\"http:\/\/das-kittchen.de\/wp-content\/uploads\/2024\/12\/XA2GTQGAQJHAZGCL2OGA36QYHM.webp\" class=\"attachment-large size-large wp-image-6399\" alt=\"_Hotel_Wismar_Kittchen\" srcset=\"http:\/\/das-kittchen.de\/wp-content\/uploads\/2024\/12\/XA2GTQGAQJHAZGCL2OGA36QYHM.webp 642w, http:\/\/das-kittchen.de\/wp-content\/uploads\/2024\/12\/XA2GTQGAQJHAZGCL2OGA36QYHM-300x169.webp 300w, http:\/\/das-kittchen.de\/wp-content\/uploads\/2024\/12\/XA2GTQGAQJHAZGCL2OGA36QYHM-18x10.webp 18w\" sizes=\"(max-width: 642px) 100vw, 642px\" title=\"\">\t\t\t\t\t\t\t\t\t\t\t\t\t\t\t<\/div>\n\t\t\t\t\t<\/div>\n\t\t<\/div>\n\t\t\t\t<div class=\"elementor-column elementor-col-50 elementor-top-column elementor-element elementor-element-c5aab49\" data-id=\"c5aab49\" data-element_type=\"column\" data-e-type=\"column\">\n\t\t\t<div class=\"elementor-widget-wrap elementor-element-populated\">\n\t\t\t\t\t\t<div class=\"elementor-element elementor-element-aff5833 elementor-widget elementor-widget-text-editor\" data-id=\"aff5833\" data-element_type=\"widget\" data-e-type=\"widget\" data-widget_type=\"text-editor.default\">\n\t\t\t\t\t\t\t\t\t<p>Diese Warnung hing an der Au\u00dfenwand des Geb\u00e4udes und sollte Personen davor warnen Kontakt mit den Gefangenen aufzunehmen. Aus verschiedenen Gr\u00fcnden war damals die Kontaktaufnahme selbstverst\u00e4ndlich verboten.&nbsp;<\/p>\n<p>Aus einigen Erz\u00e4hlungen mit verschiedenen Personen erhielten wir die Information, dass die Gefangenen oftmals versucht haben, Kontakt mit den vorbeilaufenden Personen aufzunehmen.<\/p>\n<p>Damals war auch das sogenannte &#8220;Pendeln&#8221; \u00fcblich. Hier wurden verschiedene Gegenst\u00e4nde wie z.B. Drogen, Zigaretten oder Feuerzeuge an eine Art Strick angeknotet und dann von Zelle zu Zelle \u00fcber die vergitterten Fenster gependelt.<\/p>\n<p><strong>W<\/strong><b>as besagt der \u00a7115 OWiG:<\/b><\/p>\n<p><em>$115 Verkehr mit Gefangenen<\/em><\/p>\n<p><span style=\"font-size: 16px; color: var( --e-global-color-text ); font-family: var( --e-global-typography-text-font-family ), Sans-serif; font-weight: var( --e-global-typography-text-font-weight );\"> (1) Ordnungswidrig handelt, wer unbefugt<\/span><\/p>\n<p><span style=\"font-size: 16px; color: var( --e-global-color-text ); font-family: var( --e-global-typography-text-font-family ), Sans-serif; font-weight: var( --e-global-typography-text-font-weight );\">1. einem Gefangenen Sachen oder Nachrichten \u00fcbermittelt oder sich von ihm \u00fcbermitteln l\u00e4sst oder<\/span><\/p>\n<p>2. sich mit einem Gefangenen, der sich innerhalb einer Vollzugsanstalt befindet, von au\u00dfen durch Worte oder Zeichen verst\u00e4ndigt.<\/p>\n<p>(2) Gefangener ist, wer sich auf Grund strafgerichtlicher Entscheidung oder als vorl\u00e4ufig Festgenommener in beh\u00f6rdlichem Gewahrsam befindet.<\/p>\n<p>(3) Die Ordnungswidrigkeit und der Versuch einer Ordnungswidrigkeit k\u00f6nnen mit einer Geldbu\u00dfe geahndet werden<\/p><p><br><\/p><p>Heute darf gern jeder mit den &#8220;Gefangenen&#8221; bei uns im Hotel Das Kittchen Kontakt aufnehmen.<\/p>\n<p><\/p>\t\t\t\t\t\t\t\t<\/div>\n\t\t\t\t\t<\/div>\n\t\t<\/div>\n\t\t\t\t\t<\/div>\n\t\t<\/section>\n\t\t\t\t<section class=\"elementor-section elementor-top-section elementor-element elementor-element-3ea12e5c elementor-section-boxed elementor-section-height-default elementor-section-height-default\" data-id=\"3ea12e5c\" data-element_type=\"section\" data-e-type=\"section\" data-settings=\"{&quot;background_background&quot;:&quot;gradient&quot;,&quot;shape_divider_top&quot;:&quot;waves&quot;}\">\n\t\t\t\t\t\t\t<div class=\"elementor-background-overlay\"><\/div>\n\t\t\t\t\t\t<div class=\"elementor-shape elementor-shape-top\" aria-hidden=\"true\" data-negative=\"false\">\n\t\t\t<svg xmlns=\"http:\/\/www.w3.org\/2000\/svg\" viewBox=\"0 0 1000 100\" preserveAspectRatio=\"none\">\n\t<path class=\"elementor-shape-fill\" d=\"M421.9,6.5c22.6-2.5,51.5,0.4,75.5,5.3c23.6,4.9,70.9,23.5,100.5,35.7c75.8,32.2,133.7,44.5,192.6,49.7\n\tc23.6,2.1,48.7,3.5,103.4-2.5c54.7-6,106.2-25.6,106.2-25.6V0H0v30.3c0,0,72,32.6,158.4,30.5c39.2-0.7,92.8-6.7,134-22.4\n\tc21.2-8.1,52.2-18.2,79.7-24.2C399.3,7.9,411.6,7.5,421.9,6.5z\"\/>\n<\/svg>\t\t<\/div>\n\t\t\t\t\t<div class=\"elementor-container elementor-column-gap-default\">\n\t\t\t\t\t<div class=\"elementor-column elementor-col-50 elementor-top-column elementor-element elementor-element-79ff5072\" data-id=\"79ff5072\" data-element_type=\"column\" data-e-type=\"column\">\n\t\t\t<div class=\"elementor-widget-wrap elementor-element-populated\">\n\t\t\t\t\t\t<div class=\"elementor-element elementor-element-31b6fc28 elementor-widget elementor-widget-heading\" data-id=\"31b6fc28\" data-element_type=\"widget\" data-e-type=\"widget\" data-widget_type=\"heading.default\">\n\t\t\t\t\t<h4 class=\"elementor-heading-title elementor-size-default\">Haben Sie weitere Fragen \u00fcber Das Kittchen?<\/h4>\t\t\t\t<\/div>\n\t\t\t\t<div class=\"elementor-element elementor-element-3b4422a2 elementor-widget elementor-widget-heading\" data-id=\"3b4422a2\" data-element_type=\"widget\" data-e-type=\"widget\" data-widget_type=\"heading.default\">\n\t\t\t\t\t<h2 class=\"elementor-heading-title elementor-size-default\">Lesen Sie sich unsere FAQ durch<\/h2>\t\t\t\t<\/div>\n\t\t\t\t<div class=\"elementor-element elementor-element-7e5829eb elementor-mobile-align-center elementor-widget elementor-widget-button\" data-id=\"7e5829eb\" data-element_type=\"widget\" data-e-type=\"widget\" data-widget_type=\"button.default\">\n\t\t\t\t\t\t\t\t\t\t<a class=\"elementor-button elementor-button-link elementor-size-md\" href=\"https:\/\/das-kittchen.de\/faq\/\">\n\t\t\t\t\t\t<span class=\"elementor-button-content-wrapper\">\n\t\t\t\t\t\t<span class=\"elementor-button-icon\">\n\t\t\t\t<i aria-hidden=\"true\" class=\"fas fa-arrow-right\"><\/i>\t\t\t<\/span>\n\t\t\t\t\t\t\t\t\t<span class=\"elementor-button-text\">FAQ<\/span>\n\t\t\t\t\t<\/span>\n\t\t\t\t\t<\/a>\n\t\t\t\t\t\t\t\t<\/div>\n\t\t\t\t\t<\/div>\n\t\t<\/div>\n\t\t\t\t<div class=\"elementor-column elementor-col-50 elementor-top-column elementor-element elementor-element-6ac3c016\" data-id=\"6ac3c016\" data-element_type=\"column\" data-e-type=\"column\">\n\t\t\t<div class=\"elementor-widget-wrap elementor-element-populated\">\n\t\t\t\t\t\t<div class=\"elementor-element elementor-element-6d874cad elementor-widget elementor-widget-image\" data-id=\"6d874cad\" data-element_type=\"widget\" data-e-type=\"widget\" data-settings=\"{&quot;motion_fx_motion_fx_scrolling&quot;:&quot;yes&quot;,&quot;motion_fx_translateY_effect&quot;:&quot;yes&quot;,&quot;motion_fx_translateY_direction&quot;:&quot;negative&quot;,&quot;motion_fx_translateY_speed&quot;:{&quot;unit&quot;:&quot;px&quot;,&quot;size&quot;:&quot;1&quot;,&quot;sizes&quot;:[]},&quot;motion_fx_devices&quot;:[&quot;desktop&quot;,&quot;tablet&quot;],&quot;motion_fx_translateY_affectedRange&quot;:{&quot;unit&quot;:&quot;%&quot;,&quot;size&quot;:&quot;&quot;,&quot;sizes&quot;:{&quot;start&quot;:&quot;0&quot;,&quot;end&quot;:&quot;50&quot;}}}\" data-widget_type=\"image.default\">\n\t\t\t\t\t\t\t\t\t\t\t\t\t\t\t<img decoding=\"async\" width=\"2560\" height=\"1551\" src=\"http:\/\/das-kittchen.de\/wp-content\/uploads\/2024\/08\/20240701_223416_kopie-scaled.jpg\" class=\"attachment-full size-full wp-image-5564\" alt=\"_Hotel_Wismar_Kittchen\" srcset=\"http:\/\/das-kittchen.de\/wp-content\/uploads\/2024\/08\/20240701_223416_kopie-scaled.jpg 2560w, http:\/\/das-kittchen.de\/wp-content\/uploads\/2024\/08\/20240701_223416_kopie-300x182.jpg 300w, http:\/\/das-kittchen.de\/wp-content\/uploads\/2024\/08\/20240701_223416_kopie-1024x620.jpg 1024w, http:\/\/das-kittchen.de\/wp-content\/uploads\/2024\/08\/20240701_223416_kopie-768x465.jpg 768w, http:\/\/das-kittchen.de\/wp-content\/uploads\/2024\/08\/20240701_223416_kopie-1536x930.jpg 1536w, http:\/\/das-kittchen.de\/wp-content\/uploads\/2024\/08\/20240701_223416_kopie-2048x1240.jpg 2048w\" sizes=\"(max-width: 2560px) 100vw, 2560px\" title=\"\">\t\t\t\t\t\t\t\t\t\t\t\t\t\t\t<\/div>\n\t\t\t\t\t<\/div>\n\t\t<\/div>\n\t\t\t\t\t<\/div>\n\t\t<\/section>\n\t\t\t\t<section class=\"elementor-section elementor-top-section elementor-element elementor-element-4829e69 elementor-section-boxed elementor-section-height-default elementor-section-height-default\" data-id=\"4829e69\" data-element_type=\"section\" data-e-type=\"section\" data-settings=\"{&quot;background_background&quot;:&quot;classic&quot;}\">\n\t\t\t\t\t\t<div class=\"elementor-container elementor-column-gap-default\">\n\t\t\t\t\t<div class=\"elementor-column elementor-col-50 elementor-top-column elementor-element elementor-element-5cd699e9\" data-id=\"5cd699e9\" data-element_type=\"column\" data-e-type=\"column\">\n\t\t\t<div class=\"elementor-widget-wrap elementor-element-populated\">\n\t\t\t\t\t\t<div class=\"elementor-element elementor-element-1afe2baf elementor-widget elementor-widget-text-editor\" data-id=\"1afe2baf\" data-element_type=\"widget\" data-e-type=\"widget\" data-widget_type=\"text-editor.default\">\n\t\t\t\t\t\t\t\t\t<h2 class=\"gdlr-widget-title\" style=\"border-color: #d3d3d3; background-color: #3d416a; font-family: Oswald; color: #454545;\"><span style=\"border-color: #d3d3d3; font-size: 14px; color: #ffffff;\">Kontakt<\/span><\/h2><div class=\"clear\" style=\"border-color: #d3d3d3; font-size: 17px; background-color: #3d416a; color: #ffffff; font-weight: 400; letter-spacing: normal; text-transform: none;\">\u00a0<\/div><div class=\"textwidget\" style=\"border-color: #d3d3d3; font-size: 17px; background-color: #3d416a; color: #ffffff; font-weight: 400; letter-spacing: normal; text-transform: none;\"><p style=\"border-color: #d3d3d3; font-size: 17px;\">B\u00fcrozeiten:<br style=\"border-color: #d3d3d3;\" \/>Mo-Fr 8:00 Uhr bis 17:00 Uhr<br style=\"border-color: #d3d3d3;\" \/>Tel: +493841 3267866<\/p><p style=\"border-color: #d3d3d3; font-size: 17px;\">Email: info@das-kittchen.de<\/p><\/div><div class=\"textwidget\">\u00a0<\/div>\t\t\t\t\t\t\t\t<\/div>\n\t\t\t\t\t<\/div>\n\t\t<\/div>\n\t\t\t\t<div class=\"elementor-column elementor-col-50 elementor-top-column elementor-element elementor-element-4710c03b\" data-id=\"4710c03b\" data-element_type=\"column\" data-e-type=\"column\">\n\t\t\t<div class=\"elementor-widget-wrap elementor-element-populated\">\n\t\t\t\t\t\t<div class=\"elementor-element elementor-element-62422a28 elementor-widget elementor-widget-text-editor\" data-id=\"62422a28\" data-element_type=\"widget\" data-e-type=\"widget\" data-widget_type=\"text-editor.default\">\n\t\t\t\t\t\t\t\t\t<h3 class=\"gdlr-widget-title\" style=\"border-color: #d3d3d3; background-color: #3d416a; font-family: Oswald; color: #454545;\"><span style=\"border-color: #d3d3d3; font-size: 14px; color: #ffffff;\">Addresse<\/span><\/h3><div class=\"clear\" style=\"border-color: #d3d3d3; font-size: 17px; background-color: #3d416a; color: #ffffff;\">\u00a0<\/div><div class=\"textwidget\" style=\"border-color: #d3d3d3; font-size: 17px; background-color: #3d416a; color: #ffffff;\"><p style=\"border-color: #d3d3d3; font-size: 17px;\">Das Kittchen GmbH<br style=\"border-color: #d3d3d3;\" \/>Kellerstr. 1<\/p><p style=\"border-color: #d3d3d3; font-size: 17px;\">23966 Wismar<\/p><\/div>\t\t\t\t\t\t\t\t<\/div>\n\t\t\t\t\t<\/div>\n\t\t<\/div>\n\t\t\t\t\t<\/div>\n\t\t<\/section>\n\t\t\t\t<section class=\"elementor-section elementor-top-section elementor-element elementor-element-4f18d639 elementor-section-boxed elementor-section-height-default elementor-section-height-default\" data-id=\"4f18d639\" data-element_type=\"section\" data-e-type=\"section\">\n\t\t\t\t\t\t<div class=\"elementor-container elementor-column-gap-default\">\n\t\t\t\t\t<div class=\"elementor-column elementor-col-100 elementor-top-column elementor-element elementor-element-4fb75bea\" data-id=\"4fb75bea\" data-element_type=\"column\" data-e-type=\"column\">\n\t\t\t<div class=\"elementor-widget-wrap\">\n\t\t\t\t\t\t\t<\/div>\n\t\t<\/div>\n\t\t\t\t\t<\/div>\n\t\t<\/section>\n\t\t\t\t<\/div>\n\t\t","protected":false},"excerpt":{"rendered":"<p>Denna varning h\u00e4ngdes upp p\u00e5 byggnadens ytterv\u00e4gg och var avsedd att varna m\u00e4nniskor fr\u00e5n att ta kontakt med f\u00e5ngarna. Av olika sk\u00e4l var kontakt naturligtvis f\u00f6rbjuden vid den h\u00e4r tiden.  Av ett antal ber\u00e4ttelser som vi fick h\u00f6ra fr\u00e5n olika personer fick vi veta att f\u00e5ngarna ofta f\u00f6rs\u00f6kte f\u00e5 kontakt med m\u00e4nniskor som gick f\u00f6rbi. P\u00e5 den tiden var ocks\u00e5 s\u00e5 kallad \"pendling\"... <\/p>\n<div class=\"clear\"><\/div>\n<p><a href=\"https:\/\/das-kittchen.de\/sv\/gefaengnisschild\/\" class=\"excerpt-read-more\">Forts\u00e4tta l\u00e4sa<i class=\"fa fa-long-arrow-right icon-long-arrow-right\"><\/i><\/a><\/p>","protected":false},"author":1,"featured_media":0,"parent":0,"menu_order":0,"comment_status":"closed","ping_status":"closed","template":"elementor_canvas","meta":{"footnotes":""},"class_list":["post-6396","page","type-page","status-publish","hentry"],"_links":{"self":[{"href":"https:\/\/das-kittchen.de\/sv\/wp-json\/wp\/v2\/pages\/6396","targetHints":{"allow":["GET"]}}],"collection":[{"href":"https:\/\/das-kittchen.de\/sv\/wp-json\/wp\/v2\/pages"}],"about":[{"href":"https:\/\/das-kittchen.de\/sv\/wp-json\/wp\/v2\/types\/page"}],"author":[{"embeddable":true,"href":"https:\/\/das-kittchen.de\/sv\/wp-json\/wp\/v2\/users\/1"}],"replies":[{"embeddable":true,"href":"https:\/\/das-kittchen.de\/sv\/wp-json\/wp\/v2\/comments?post=6396"}],"version-history":[{"count":7,"href":"https:\/\/das-kittchen.de\/sv\/wp-json\/wp\/v2\/pages\/6396\/revisions"}],"predecessor-version":[{"id":6405,"href":"https:\/\/das-kittchen.de\/sv\/wp-json\/wp\/v2\/pages\/6396\/revisions\/6405"}],"wp:attachment":[{"href":"https:\/\/das-kittchen.de\/sv\/wp-json\/wp\/v2\/media?parent=6396"}],"curies":[{"name":"wp","href":"https:\/\/api.w.org\/{rel}","templated":true}]}}