{"id":7061,"date":"2025-08-06T10:00:37","date_gmt":"2025-08-06T08:00:37","guid":{"rendered":"https:\/\/das-kittchen.de\/?page_id=7061"},"modified":"2025-08-06T10:02:02","modified_gmt":"2025-08-06T08:02:02","slug":"datenschutz","status":"publish","type":"page","link":"https:\/\/das-kittchen.de\/sv\/datenschutz\/","title":{"rendered":"Skydd av personuppgifter"},"content":{"rendered":"<div data-elementor-type=\"wp-page\" data-elementor-id=\"7061\" class=\"elementor elementor-7061\" data-elementor-post-type=\"page\">\n\t\t\t\t\t\t<section class=\"elementor-section elementor-top-section elementor-element elementor-element-3cd7c3b elementor-section-boxed elementor-section-height-default elementor-section-height-default\" data-id=\"3cd7c3b\" data-element_type=\"section\" data-e-type=\"section\">\n\t\t\t\t\t\t<div class=\"elementor-container elementor-column-gap-default\">\n\t\t\t\t\t<div class=\"elementor-column elementor-col-100 elementor-top-column elementor-element elementor-element-e9da02d\" data-id=\"e9da02d\" data-element_type=\"column\" data-e-type=\"column\">\n\t\t\t<div class=\"elementor-widget-wrap elementor-element-populated\">\n\t\t\t\t\t\t<div class=\"elementor-element elementor-element-a21d897 elementor-widget elementor-widget-text-editor\" data-id=\"a21d897\" data-element_type=\"widget\" data-e-type=\"widget\" data-widget_type=\"text-editor.default\">\n\t\t\t\t\t\t\t\t\t<p>Lorem ipsum dolor sit amet, consectetur adipiscing elit. Ut elit tellus, luctus nec ullamcorper mattis, pulvinar dapibus leo.<\/p>\t\t\t\t\t\t\t\t<\/div>\n\t\t\t\t<div class=\"elementor-element elementor-element-68e5f13 elementor-widget elementor-widget-text-editor\" data-id=\"68e5f13\" data-element_type=\"widget\" data-e-type=\"widget\" data-widget_type=\"text-editor.default\">\n\t\t\t\t\t\t\t\t\t<p dir=\"ltr\" style=\"line-height:1.38;margin-top:0pt;margin-bottom:0pt;\"><span style=\"font-size:11pt;font-family:'Open Sans',sans-serif;color:#000000;background-color:transparent;font-weight:700;font-style:normal;font-variant:normal;text-decoration:none;vertical-align:baseline;white-space:pre;white-space:pre-wrap;\">DialogShift chattapplikation och andra kommunikationstj\u00e4nster p\u00e5 v\u00e5r webbplats<\/span><\/p><p><b style=\"font-weight:normal;\" id=\"docs-internal-guid-d162311d-7fff-7e27-bcb2-7490669b6663\"><br><\/b><\/p><p dir=\"ltr\" style=\"line-height:1.38;margin-top:0pt;margin-bottom:0pt;\"><span style=\"font-size:11pt;font-family:'Open Sans',sans-serif;color:#000000;background-color:transparent;font-weight:400;font-style:normal;font-variant:normal;text-decoration:none;vertical-align:baseline;white-space:pre;white-space:pre-wrap;\">P\u00e5 v\u00e5r webbplats anv\u00e4nds kommunikationstj\u00e4nsterna fr\u00e5n DialogShift GmbH, Torstr. 201,<\/span><\/p><p dir=\"ltr\" style=\"line-height:1.38;margin-top:0pt;margin-bottom:0pt;\"><span style=\"font-size:11pt;font-family:'Open Sans',sans-serif;color:#000000;background-color:transparent;font-weight:400;font-style:normal;font-variant:normal;text-decoration:none;vertical-align:baseline;white-space:pre;white-space:pre-wrap;\">10115 Berlin. Dessa omfattar en chattapplikation, e-postkommunikation och telefonkommunikation. Applikationerna behandlar och lagrar data f\u00f6r webbanalys, drift av kommunikationstj\u00e4nsterna och f\u00f6r att besvara f\u00f6rfr\u00e5gningar.<\/span><\/p><p dir=\"ltr\" style=\"line-height:1.38;margin-top:0pt;margin-bottom:0pt;\"><span style=\"font-size:11pt;font-family:'Open Sans',sans-serif;color:#000000;background-color:transparent;font-weight:400;font-style:normal;font-variant:normal;text-decoration:none;vertical-align:baseline;white-space:pre;white-space:pre-wrap;\">F\u00f6r att anv\u00e4nda chattfunktionen sparas chattexterna och en cookie med ett unikt ID s\u00e4tts - detta anv\u00e4nds f\u00f6r att k\u00e4nna igen dig som kund. Vid e-post- och telefonkommunikation lagras \u00e4ven inneh\u00e5llet i kommunikationen tillf\u00e4lligt f\u00f6r att s\u00e4kerst\u00e4lla en effektiv hantering av dina f\u00f6rfr\u00e5gningar.<\/span><\/p><p dir=\"ltr\" style=\"line-height:1.38;margin-top:0pt;margin-bottom:0pt;\"><span style=\"font-size:11pt;font-family:'Open Sans',sans-serif;color:#000000;background-color:transparent;font-weight:400;font-style:normal;font-variant:normal;text-decoration:none;vertical-align:baseline;white-space:pre;white-space:pre-wrap;\">En cookie \u00e4r en liten textfil som lagras lokalt i cacheminnet p\u00e5 din enhet.<\/span><\/p><p dir=\"ltr\" style=\"line-height:1.38;margin-top:0pt;margin-bottom:0pt;\"><span style=\"font-size:11pt;font-family:'Open Sans',sans-serif;color:#000000;background-color:transparent;font-weight:400;font-style:normal;font-variant:normal;text-decoration:none;vertical-align:baseline;white-space:pre;white-space:pre-wrap;\">sparas. Med hj\u00e4lp av den h\u00e4r cookien k\u00e4nner v\u00e5r applikation igen enheten och kan h\u00e4mta tidigare chattloggar. Denna cookie lagras i 90 dagar fr\u00e5n det senaste<\/span><\/p><p dir=\"ltr\" style=\"line-height:1.38;margin-top:0pt;margin-bottom:0pt;\"><span style=\"font-size:11pt;font-family:'Open Sans',sans-serif;color:#000000;background-color:transparent;font-weight:400;font-style:normal;font-variant:normal;text-decoration:none;vertical-align:baseline;white-space:pre;white-space:pre-wrap;\">anv\u00e4ndning, lagrad. Du kan f\u00f6rhindra lagring av cookies i din<\/span><\/p><p dir=\"ltr\" style=\"line-height:1.38;margin-top:0pt;margin-bottom:0pt;\"><span style=\"font-size:11pt;font-family:'Open Sans',sans-serif;color:#000000;background-color:transparent;font-weight:400;font-style:normal;font-variant:normal;text-decoration:none;vertical-align:baseline;white-space:pre;white-space:pre-wrap;\">Avaktivera webbl\u00e4sarens inst\u00e4llningar. Utan anv\u00e4ndning av cookies kan dock<\/span><\/p><p dir=\"ltr\" style=\"line-height:1.38;margin-top:0pt;margin-bottom:0pt;\"><span style=\"font-size:11pt;font-family:'Open Sans',sans-serif;color:#000000;background-color:transparent;font-weight:400;font-style:normal;font-variant:normal;text-decoration:none;vertical-align:baseline;white-space:pre;white-space:pre-wrap;\">Chattfunktionen kan inte utf\u00f6ras.<\/span><\/p><p dir=\"ltr\" style=\"line-height:1.38;margin-top:0pt;margin-bottom:0pt;\"><span style=\"font-size:11pt;font-family:'Open Sans',sans-serif;color:#000000;background-color:transparent;font-weight:400;font-style:normal;font-variant:normal;text-decoration:none;vertical-align:baseline;white-space:pre;white-space:pre-wrap;\">Eventuellt utl\u00e4mnande av t.ex. namn, e-postadress eller telefonnummer<\/span><\/p><p dir=\"ltr\" style=\"line-height:1.38;margin-top:0pt;margin-bottom:0pt;\"><span style=\"font-size:11pt;font-family:'Open Sans',sans-serif;color:#000000;background-color:transparent;font-weight:400;font-style:normal;font-variant:normal;text-decoration:none;vertical-align:baseline;white-space:pre;white-space:pre-wrap;\">\u00e4r frivilligt och med samtycke till att tillf\u00e4lligt anv\u00e4nda och lagra dessa uppgifter i syfte att uppr\u00e4tta kontakt tills kontakten avslutas. Dessa personuppgifter kommer att raderas efter 90 dagar. Om du anv\u00e4nder Journey Messaging Service kan dina kontaktuppgifter ocks\u00e5 anv\u00e4ndas f\u00f6r att skicka reserelaterad information till dig (t.ex. incheckningsinformation), f\u00f6rutsatt att du har gett ditt samtycke.<\/span><\/p><p dir=\"ltr\" style=\"line-height:1.38;margin-top:0pt;margin-bottom:0pt;\"><span style=\"font-size:11pt;font-family:'Open Sans',sans-serif;color:#000000;background-color:transparent;font-weight:400;font-style:normal;font-variant:normal;text-decoration:none;vertical-align:baseline;white-space:pre;white-space:pre-wrap;\">Den r\u00e4ttsliga grunden f\u00f6r databehandling \u00e4r artikel 6.1 lit. a GDPR, \u00a7 25<\/span><\/p><p dir=\"ltr\" style=\"line-height:1.38;margin-top:0pt;margin-bottom:0pt;\"><span style=\"font-size:11pt;font-family:'Open Sans',sans-serif;color:#000000;background-color:transparent;font-weight:400;font-style:normal;font-variant:normal;text-decoration:none;vertical-align:baseline;white-space:pre;white-space:pre-wrap;\">Para. 1 TTDSG p\u00e5 grundval av ditt samtycke.<\/span><\/p><p dir=\"ltr\" style=\"line-height:1.38;margin-top:0pt;margin-bottom:0pt;\"><span style=\"font-size:11pt;font-family:'Open Sans',sans-serif;color:#000000;background-color:transparent;font-weight:400;font-style:normal;font-variant:normal;text-decoration:none;vertical-align:baseline;white-space:pre;white-space:pre-wrap;\">DialogShift erbjuder ytterligare information om insamling och anv\u00e4ndning av data samt dina r\u00e4ttigheter och alternativ f\u00f6r att skydda din integritet p\u00e5 https:\/\/www.dialogshift.com\/datenschutz.<\/span><\/p><p><b style=\"font-weight:normal;\"><br><br><br><br><br><\/b><\/p><p dir=\"ltr\" style=\"line-height:1.38;margin-top:0pt;margin-bottom:0pt;\"><span style=\"font-size:11pt;font-family:'Open Sans',sans-serif;color:#222222;background-color:transparent;font-weight:700;font-style:italic;font-variant:normal;text-decoration:none;vertical-align:baseline;white-space:pre;white-space:pre-wrap;\">ENGELSKA<\/span><\/p><p><b style=\"font-weight:normal;\"><br><\/b><\/p><p dir=\"ltr\" style=\"line-height:1.38;background-color:#ffffff;margin-top:0pt;margin-bottom:0pt;padding:0pt 0pt 15pt 0pt;\"><span style=\"font-size:12pt;font-family:Roboto,sans-serif;color:#0d0d0d;background-color:transparent;font-weight:700;font-style:normal;font-variant:normal;text-decoration:none;vertical-align:baseline;white-space:pre;white-space:pre-wrap;\">DialogShift Chat-applikation och andra kommunikationstj\u00e4nster p\u00e5 v\u00e5r webbplats<\/span><\/p><p dir=\"ltr\" style=\"line-height:1.38;background-color:#ffffff;margin-top:0pt;margin-bottom:0pt;\"><span style=\"font-size:12pt;font-family:Roboto,sans-serif;color:#0d0d0d;background-color:transparent;font-weight:400;font-style:normal;font-variant:normal;text-decoration:none;vertical-align:baseline;white-space:pre;white-space:pre-wrap;\">P\u00e5 v\u00e5r webbplats anv\u00e4nds kommunikationstj\u00e4nsterna fr\u00e5n DialogShift GmbH, Torstr. 201,<\/span><\/p><p dir=\"ltr\" style=\"line-height:1.38;background-color:#ffffff;margin-top:0pt;margin-bottom:0pt;padding:15pt 0pt 0pt 0pt;\"><span style=\"font-size:12pt;font-family:Roboto,sans-serif;color:#0d0d0d;background-color:transparent;font-weight:400;font-style:normal;font-variant:normal;text-decoration:none;vertical-align:baseline;white-space:pre;white-space:pre-wrap;\">10115 Berlin. Dessa inkluderar en chattapplikation, e-postkommunikation och telefonkommunikation. Applikationerna behandlar och lagrar data f\u00f6r webbanalys, drift av kommunikationstj\u00e4nster och f\u00f6r att svara p\u00e5 f\u00f6rfr\u00e5gningar.<\/span><\/p><p dir=\"ltr\" style=\"line-height:1.38;background-color:#ffffff;margin-top:0pt;margin-bottom:0pt;padding:15pt 0pt 0pt 0pt;\"><span style=\"font-size:12pt;font-family:Roboto,sans-serif;color:#0d0d0d;background-color:transparent;font-weight:400;font-style:normal;font-variant:normal;text-decoration:none;vertical-align:baseline;white-space:pre;white-space:pre-wrap;\">F\u00f6r att chattfunktionen ska fungera lagras chattexterna och en cookie med ett unikt ID s\u00e4tts - detta f\u00f6r att k\u00e4nna igen dig som kund. Vid e-post- och telefonkommunikation lagras ocks\u00e5 kommunikationsinneh\u00e5llet tillf\u00e4lligt f\u00f6r att s\u00e4kerst\u00e4lla en effektiv behandling av dina f\u00f6rfr\u00e5gningar.<\/span><\/p><p dir=\"ltr\" style=\"line-height:1.38;background-color:#ffffff;margin-top:0pt;margin-bottom:0pt;padding:15pt 0pt 0pt 0pt;\"><span style=\"font-size:12pt;font-family:Roboto,sans-serif;color:#0d0d0d;background-color:transparent;font-weight:400;font-style:normal;font-variant:normal;text-decoration:none;vertical-align:baseline;white-space:pre;white-space:pre-wrap;\">En cookie \u00e4r en liten textfil som lagras lokalt i cacheminnet p\u00e5 din enhet. Med hj\u00e4lp av den h\u00e4r cookien k\u00e4nner v\u00e5r applikation igen enheten igen och kan h\u00e4mta tidigare chattprotokoll. Denna cookie lagras i 90 dagar fr\u00e5n den senaste anv\u00e4ndningen. Du kan avaktivera lagring av cookies i inst\u00e4llningarna f\u00f6r din webbl\u00e4sare. Chattfunktionen kan dock inte k\u00f6ras utan anv\u00e4ndning av cookies.<\/span><\/p><p dir=\"ltr\" style=\"line-height:1.38;background-color:#ffffff;margin-top:0pt;margin-bottom:0pt;padding:15pt 0pt 0pt 0pt;\"><span style=\"font-size:12pt;font-family:Roboto,sans-serif;color:#0d0d0d;background-color:transparent;font-weight:400;font-style:normal;font-variant:normal;text-decoration:none;vertical-align:baseline;white-space:pre;white-space:pre-wrap;\">Eventuellt utl\u00e4mnande av t.ex. namn, e-postadress eller telefonnummer \u00e4r frivilligt och innefattar samtycke till att tillf\u00e4lligt anv\u00e4nda och lagra dessa uppgifter f\u00f6r kontakt\u00e4ndam\u00e5let tills kontakten avslutas. Dessa personuppgifter kommer att raderas efter 90 dagar. N\u00e4r du anv\u00e4nder Journey Messaging Service kan dina kontaktuppgifter ocks\u00e5 anv\u00e4ndas f\u00f6r att \u00f6verf\u00f6ra reserelaterad information (t.ex. incheckningsinformation) om du har samtyckt till detta.<\/span><\/p><p dir=\"ltr\" style=\"line-height:1.38;background-color:#ffffff;margin-top:0pt;margin-bottom:0pt;padding:15pt 0pt 0pt 0pt;\"><span style=\"font-size:12pt;font-family:Roboto,sans-serif;color:#0d0d0d;background-color:transparent;font-weight:400;font-style:normal;font-variant:normal;text-decoration:none;vertical-align:baseline;white-space:pre;white-space:pre-wrap;\">Den r\u00e4ttsliga grunden f\u00f6r databehandling baseras p\u00e5 artikel 6.1 lit. a GDPR, \u00a7 25<\/span><\/p><p dir=\"ltr\" style=\"line-height:1.38;background-color:#ffffff;margin-top:0pt;margin-bottom:0pt;padding:15pt 0pt 0pt 0pt;\"><span style=\"font-size:12pt;font-family:Roboto,sans-serif;color:#0d0d0d;background-color:transparent;font-weight:400;font-style:normal;font-variant:normal;text-decoration:none;vertical-align:baseline;white-space:pre;white-space:pre-wrap;\">Para. 1 TTDSG p\u00e5 grundval av ditt samtycke.<\/span><\/p><p dir=\"ltr\" style=\"line-height:1.38;background-color:#ffffff;margin-top:0pt;margin-bottom:0pt;padding:15pt 0pt 0pt 0pt;\"><span style=\"font-size:12pt;font-family:Roboto,sans-serif;color:#0d0d0d;background-color:transparent;font-weight:400;font-style:normal;font-variant:normal;text-decoration:none;vertical-align:baseline;white-space:pre;white-space:pre-wrap;\">DialogShift tillhandah\u00e5ller ytterligare information om insamling och anv\u00e4ndning av data samt dina r\u00e4ttigheter och alternativ f\u00f6r att skydda din integritet p\u00e5 https:\/\/www.dialogshift.com\/privacy.<\/span><\/p><p><\/p><p dir=\"ltr\" style=\"line-height:1.38;background-color:#ffffff;margin-top:0pt;margin-bottom:0pt;padding:15pt 0pt 0pt 0pt;\"><br><\/p>\t\t\t\t\t\t\t\t<\/div>\n\t\t\t\t\t<\/div>\n\t\t<\/div>\n\t\t\t\t\t<\/div>\n\t\t<\/section>\n\t\t\t\t<\/div>","protected":false},"excerpt":{"rendered":"<p>Lorem ipsum dolor sit amet, consectetur adipiscing elit. Ut elit tellus, luctus nec ullamcorper mattis, pulvinar dapibus leo. DialogShifts chattprogram och andra kommunikationstj\u00e4nster p\u00e5 v\u00e5r webbplats P\u00e5 v\u00e5r webbplats anv\u00e4nds kommunikationstj\u00e4nster fr\u00e5n DialogShift GmbH, Torstr. 201, 10115 Berlin. Dessa inkluderar en chattapplikation, e-postkommunikation och telefonkommunikation. Applikationerna bearbetar och lagrar data i syfte att... <\/p>\n<div class=\"clear\"><\/div>\n<p><a href=\"https:\/\/das-kittchen.de\/sv\/datenschutz\/\" class=\"excerpt-read-more\">Forts\u00e4tta l\u00e4sa<i class=\"fa fa-long-arrow-right icon-long-arrow-right\"><\/i><\/a><\/p>","protected":false},"author":1,"featured_media":0,"parent":0,"menu_order":0,"comment_status":"closed","ping_status":"closed","template":"","meta":{"footnotes":""},"class_list":["post-7061","page","type-page","status-publish","hentry"],"_links":{"self":[{"href":"https:\/\/das-kittchen.de\/sv\/wp-json\/wp\/v2\/pages\/7061","targetHints":{"allow":["GET"]}}],"collection":[{"href":"https:\/\/das-kittchen.de\/sv\/wp-json\/wp\/v2\/pages"}],"about":[{"href":"https:\/\/das-kittchen.de\/sv\/wp-json\/wp\/v2\/types\/page"}],"author":[{"embeddable":true,"href":"https:\/\/das-kittchen.de\/sv\/wp-json\/wp\/v2\/users\/1"}],"replies":[{"embeddable":true,"href":"https:\/\/das-kittchen.de\/sv\/wp-json\/wp\/v2\/comments?post=7061"}],"version-history":[{"count":5,"href":"https:\/\/das-kittchen.de\/sv\/wp-json\/wp\/v2\/pages\/7061\/revisions"}],"predecessor-version":[{"id":7066,"href":"https:\/\/das-kittchen.de\/sv\/wp-json\/wp\/v2\/pages\/7061\/revisions\/7066"}],"wp:attachment":[{"href":"https:\/\/das-kittchen.de\/sv\/wp-json\/wp\/v2\/media?parent=7061"}],"curies":[{"name":"wp","href":"https:\/\/api.w.org\/{rel}","templated":true}]}}